{"id":94,"date":"2013-12-17T20:31:49","date_gmt":"2013-12-17T19:31:49","guid":{"rendered":"http:\/\/neu.mauritiusschule-ibb.de\/?page_id=94"},"modified":"2023-10-14T12:22:07","modified_gmt":"2023-10-14T10:22:07","slug":"eltern-abc","status":"publish","type":"page","link":"https:\/\/www.mauritiusschule-ibb.de\/?page_id=94","title":{"rendered":"Eltern-ABC"},"content":{"rendered":"<p><strong>Kleines Eltern-ABC der Mauritiusschule<\/strong><\/p>\n<p><strong>Abenteuersport: <\/strong>Einmal im Jahr entsteht in der Turnhalle eine Sportland\u00adschaft, in der die Kinder mit einem speziellen Motto sportlich herausgefordert werden. Dieses Angebot besteht eine ganze Woche, so dass alle Klassen den Spa\u00df teilen k\u00f6nnen.<br \/>\n<strong>Adressenliste: <\/strong>Jede Klasse fertigt nach Abstimmung mit der Klassenlehrerin und der Eltern\u00adschaft intern eine eigene Adressenliste an, die an die Eltern ver\u00adteilt wird.<br \/>\n<strong>Aktive Pause: <\/strong>In den Pausen k\u00f6nnen sich die Kinder Spiel- und Sportger\u00e4te f\u00fcr eine aktive Pau\u00adse ausleihen. Als Pfand muss ein Button gegen Spielger\u00e4te einge\u00adtauscht wer\u00adden. Dieser kann f\u00fcr \u20ac 1 bei der Klassenlehrerin erworben werden und gilt f\u00fcr die ganzen vier Grundschuljahre. Zudem k\u00f6nnen die Kinder Fu\u00dfball spielen, auf dem Spielplatz toben oder auf der Kletterlandschaft klettern.<br \/>\n<strong>Adventsbasteln: <\/strong>In der Adventszeit k\u00f6nnen sich alle Kinder am Freitag vor dem 1. Advent kreativ in einem stim\u00admungsvollen Ambiente mit Weihnachten auseinandersetzen.<br \/>\n<strong>Ausfl\u00fcge: <\/strong>In der Regel macht jede Klasse einmal im Jahr einen Ausflug.<br \/>\n<strong>Betreuung: <\/strong>Ab 7.30 Uhr wird eine Schulhofaufsicht gestellt. Die Kinder k\u00f6nnen ab 7.30 Uhr auf dem Schulhof ein\u00adtreffen. Wenn die Kinder zur Betreuung im Offenen Ganztag angemeldet sind, beginnt diese nach der vierten Stunde und endet gegen 16.30 Uhr.<br \/>\n<strong>Beratung: <\/strong>BIG: Beratung in Grundschulen.<br \/>\nAnsprechpartnerin\u00a0 ist Frau Keller. Informationen dazu liegen in der Schule aus.<br \/>\n<strong>Beurlaubung: <\/strong>Sie wird in dringenden F\u00e4llen genehmigt. F\u00fcr einen Tag bis drei Tage von der Klassenlehrerin, f\u00fcr weitere von der Schulleitung. Eine Beurlaubung vor und nach den Ferien kann nur in dringenden F\u00e4llen gew\u00e4hrt werden und muss rechtzeitig bei der Schulleitung schriftlich beantragt werden.<br \/>\n<strong>B\u00fccherei:<\/strong> Den Kindern steht im Erdgeschoss eine gut ausgestattete B\u00fccherei zur Verf\u00fcgung, die an mehreren Tagen in der Woche ge\u00f6ffnet ist und ehrenamt\u00adlich von Eltern betreut wird.<br \/>\nIm Deutschunterricht wird zus\u00e4tzlich in der Sch\u00fclerb\u00fccherei gelesen und B\u00fc\u00adcher werden ausgeliehen. In der Adventszeit wird ein Weihnachtszimmer eingerichtet und den Kindern wird von Eltern vorgelesen.<br \/>\n<strong>Bundesjugendspiele:<\/strong> Im Rahmen des Sportfestes k\u00f6nnen die Kinder Disziplinen der Bundesjugendspiele absolvieren.<br \/>\n<strong>Bus:<\/strong> Die Kinder, die mit dem Bus oder dem Taxi nach Hause gebracht werden, gehen selbstst\u00e4ndig zur Bushaltestelle am Tor und werden dort von einer Lehr\u00adkraft beaufsichtigt, bis der Bus kommt.<br \/>\n<strong>Dienste:<\/strong> Jede Klasse hat eigene Klassendienste, z.B. Tafeldienst, Blumendienst, M\u00fclldienst, Aufr\u00e4umdienst, PC-Dienst, Flurdienst, Verteildienst, &#8230;<br \/>\nDar\u00fcber hinaus stellen die Kinder der vierten Klassen den Spieleh\u00e4uschendienst, den Schaukeldienst, den B\u00fcchereidienst, den Pausenhelferdienst und den Streitschlichterdienst.<br \/>\n<strong>Ehrenamtliche Helferinnen:<\/strong> \u00dcber die B\u00fcrgerstiftung Tecklenburger Land haben sich im Rahmen von \u201eWir f\u00fcr Kinder\u201c liebe Menschen gefunden, die unsere Kinder mit viel Geduld und Freude in den verschiedensten Bereichen unterst\u00fctzen. Die\u00adses geschieht ehrenamtlich und w\u00f6chentlich.<br \/>\n<strong>Elternabend:<\/strong> Im Laufe des Schuljahres gibt es ein bis zwei Elternabende, an de\u00adnen die Eltern die M\u00f6glichkeit der Information und des Austausches gegeben werden. Diese Abende werden von den Klassenpflegschaftsvorsitzenden einbe\u00adrufen.<br \/>\n<strong>Elternsprechtage:<\/strong> Sie finden zweimal pro Schuljahr statt.<br \/>\n<strong>Elternsprechzeiten:<\/strong> Neben den Elternsprechtagen haben Sie, nach kurzer An\u00admeldung, einmal in der Woche die M\u00f6glichkeit, die Klassenlehrerin zu sprechen. Die Lehrerinnen haben feste Sprechzeiten, die am Schwarzen Brett vor dem Sekre\u00adtariat aush\u00e4ngen.<br \/>\n<strong>Entschuldigung:<\/strong> Bei Krankheit des Kindes muss die Schule umgehend vor Unter\u00adrichtsbeginn informiert werden, um auszuschlie\u00dfen, dass einem Kind, falls es nicht zum Unterricht erscheint, auf dem Weg zur Schule etwas zugesto\u00dfen ist.<br \/>\nAb 8.00 Uhr ist die Sekret\u00e4rin erreichbar, in der Zeit vorher l\u00e4uft ein Band, auf das gesprochen werden kann. Dieses wird umgehend abgeh\u00f6rt und reicht f\u00fcr den ersten Tag zur Entschuldigung.<br \/>\nIst das Kind l\u00e4ngerfristig erkrankt, muss eine schriftliche Entschuldigung in der Schule eingereicht werden.<br \/>\n<strong>Fahrrad:<\/strong> Die Kinder sollten aus Gr\u00fcnden der Verkehrssicherheit erst nach be\u00adstandener Fahrradpr\u00fcfung mit dem Rad zur Schule kommen, und selbstverst\u00e4nd\u00adlich mit verkehrssicheren R\u00e4dern und einem Helm.<br \/>\n<strong>Fahrradst\u00e4nder:<\/strong> Der Fahrradst\u00e4nder auf dem Schulhof bietet Platz f\u00fcr eine Vielzahl von R\u00e4dern. Trotzdem kann ein Fahrrad immer wieder mal besch\u00e4digt werden, weil die Kinder die R\u00e4der nicht ordnungsgem\u00e4\u00df abstellen. Das Rad sollte zudem abgeschlossen werden.<br \/>\n<strong>F\u00f6rder-und Forderunterricht: <\/strong>Der Stundenplan sieht f\u00fcr alle Schuljahre spe\u00adzielle F\u00f6rderstunden vor. Je nach Lehrerkapazit\u00e4t finden zus\u00e4tzliche F\u00f6rder- und Forderstunden statt.<strong><br \/>\n<\/strong>Der LRS-Unterricht, DaZ-Stunden (Deutsch als Zielsprache) sowie Sportf\u00f6r\u00adderunterricht und Kleingruppenf\u00f6rderung (durch die sozialp\u00e4dagogische Fachkraft) in den ersten Klassen runden das Bild ab.<br \/>\n<strong>F\u00f6rderverein:<\/strong> Die Mauritiusschule hat einen \u00e4u\u00dferst aktiven F\u00f6rderverein, deren Mitglieder die Eltern der Kinder unserer Schule sind. Dieser sorgt f\u00fcr die Be\u00adlange aller Sch\u00fcler. Er stellt Angebote aus dem B\u00fccherei-Bereich, aus dem Garten-Be\u00adreich und er tritt auch als Sponsor f\u00fcr diverse Projekte und Unternehmen auf (Laternenfest, Sch\u00fclerflohmarkt, Theaterp\u00e4d. Werkstatt, Pausenspielger\u00e4te, Zir\u00adkusprojekt, Lesungen&#8230;) Au\u00dferdem stellt er das Einschulungscafe\u00b4. Als Eltern k\u00f6nnen Sie f\u00fcr einen Jahresbeitrag von 10 \u20ac daf\u00fcr sorgen, dass die Kinder auch in den kommenden Jahren\u00a0davon profitieren. Dar\u00fcber hinaus w\u00fcrden wir uns \u00fcber eine aktive Mitarbeit freuen.<br \/>\n<strong>Fr\u00fchst\u00fcck:<\/strong> Nach der Spielpause auf dem Schulhof fr\u00fchst\u00fccken die Kinder in der Klasse. Eine Brotdose mit gesunden Dingen ist empfehlenswert. S\u00fc\u00dfigkeiten oder Chips etc. geh\u00f6ren nicht zu einem gesunden Fr\u00fchst\u00fcck. Au\u00dferdem k\u00f6nnen sich die Kinder jederzeit Wasser am Wasserspender holen.<br \/>\n<strong>Fuchsbau: <\/strong>Der \u201eFuchsbau\u201c ist ein Raum, den die Sch\u00fclerInnen der Schuleingangsphase sowohl als Spiel- als auch als Lernzimmer immer in Begleitung der sozialp\u00e4dagogischen Fachkraft nutzen. Es finden dort regelm\u00e4\u00dfig Spielangebote und Einzel- und Gruppenf\u00f6rderungen zu verschiedenen Lerninhalten statt.<br \/>\n<strong>Fundsachen:<\/strong> Immer wieder werden Brillen, Turnbeutel, Schuhe und Jacken ver\u00adloren. Diese werden im Erdgeschoss neben dem B\u00fcro des Hausmeisters in einem Fundkorb gesammelt und an Elternsprechtagen auf einem Tisch im Flur ausge\u00adlegt, bevor sie dann entsorgt werden.<br \/>\n<strong>Ganztagsgrundschule:<\/strong> Die Kinder k\u00f6nnen im Rahmen der Offenen Ganztags\u00adgrundschule von 11.35 Uhr \u2013 16.30 Uhr in der Schule betreut werden. In diesem Zeitraum k\u00f6nnen die Kinder zu Mittag essen, betreut Hausaufgaben machen und an Aktionen teilnehmen.<br \/>\n<strong>Garten:<\/strong> Die Mauritiusschule besitzt einen wundersch\u00f6nen Naturgarten (mit Blumen- und Gem\u00fcsebeeten, Sitzgelegenheiten, Obstb\u00e4umen und Teich, Nistk\u00e4s\u00adten), der von dem Garten-Team (bestehend aus Eltern) ehrenamt\u00adlich und hervor\u00adragend betreut wird. Den Kindern steht dieser Garten f\u00fcr Aktio\u00adnen innerhalb und au\u00dferhalb des Unterrichts zur Verf\u00fcgung. Hier werden h\u00e4ufig die Klassen\u00adfeste gefeiert.<br \/>\n<strong>Geburtstage:<\/strong> Die Kinder feiern ihren Geburtstag mit den Mitsch\u00fclern in der Klasse. Es wird innerhalb der Klasse abgesprochen, ob die Geburtstagskinder einige S\u00fc\u00dfigkeiten verteilen oder evt. ein Buch stiften. Die Geburtstagskinder bekommen in der Regel auch eine kleine Aufmerksamkeit geschenkt. Fallen Ge\u00adburtstage auf das Wochenende oder in die Ferien wird nachgefeiert.<br \/>\n<strong>Gemeinsames Lernen:<\/strong> Seit Beginn des Schuljahres 1996\/1997 bietet die Mauri\u00adtiusschule in jedem Jahrgang integrative Klassen an, in denen Kinder mit son\u00adderp\u00e4dagogischem F\u00f6rderbedarf gemeinsam mit anderen Kindern unterrichtet werden. Eine Sonderp\u00e4dagogin unterst\u00fctzt die Klassenlehrerin mit ca. zwei Stunden pro Tag.<br \/>\n<strong>Gottesdienste:<\/strong> Zur Einschulung und zum Schuljahresende feiern wir \u00f6kumeni\u00adsche Gottesdienste. Zum Erntedankfest besuchen wir mit allen Kindern gemeinsam einen von den Kindern mitgestalteten \u00f6kumenischen Gottesdienst.<br \/>\n<strong>Gewaltpr\u00e4vention:<\/strong> An der Mauritiusschule werden die Kinder zu einem gewalt\u00adfreien Umgang miteinander erzogen. Dazu f\u00fchren wir mit den Kindern das Ge\u00adwalt-Pr\u00e4ventationsprogramm \u201eFaustlos\u201c durch. In der dritten Klasse machen ei\u00adnige Kinder eine Streitschlichter-Ausbildung mit und werden nach und nach als Streitschlichter bei den Mitsch\u00fclern eingesetzt.<br \/>\n<strong>Hausaufgaben:<\/strong> Hausaufgaben werden bei uns von Montag bis Donnerstag aufgegeben. Zu Feiertagen ist hausaufgabenfrei.\u00a0 Der Umfang sollte f\u00fcr Kinder der ersten und zweiten Klassen nicht mehr als 30 Min. und bei Kindern der dritten und vierten Klasse nicht mehr als 60 Min. pro Tag umfassen. Oft bekommen die Kinder Hausaufgaben-Pl\u00e4ne, die f\u00fcr eine ganze Woche gelten. So kann sich das Kind die Aufgaben einteilen.<br \/>\nDie Kinder, die zur Offenen Ganztagsschule angemeldet sind, machen die Haus\u00adaufgaben in\u00a0kleinen Gruppen in der Schule.<br \/>\n<strong>Hausmeister:<\/strong> Herr Scholmeyer betreut unsere Schule an jedem Tag.<br \/>\n<strong>Hausschuhe:<\/strong> Von den Herbstferien bis zu den Osterferien tragen die Kinder im Klassenraum Hausschuhe.<br \/>\n<strong>Homepage:<\/strong> Unsere Schule hat eine eigene Homepage, die nach Bedarf immer wieder aktualisiert wird (www.mauritiusschule-ibb.de).<br \/>\n<strong>Igelnest:<\/strong><br \/>\n<strong>Infektionen:<\/strong> Belehrungen zum Infektionsschutzgesetz werden von uns in drei Landessprachen herausgegeben.<br \/>\n<strong>Informationen:<\/strong> In regelm\u00e4\u00dfigen Abst\u00e4nden gibt die Schulleitung einen Termin\u00adplan heraus, auf dem alle wichtigen Ereignisse vermerkt werden. Auf der Home\u00adpage kann auch noch einmal alles nachgelesen werden. Kurzfristige wichtige In\u00adformationen werden per Mail an die Eltern herausgegeben.<br \/>\n<strong>Internet:<\/strong> siehe Homepage<br \/>\n<strong>Karneval:<\/strong> Karneval wird bei uns in der ganzen Schule am Donnerstag oder Freitag vor Rosenmon\u00adtag gefeiert. Rosenmontag ist in der Regel unterrichtsfrei.<br \/>\n<strong>KiKo:<\/strong> Alle Klassensprecher der Mauritiusschule treffen sich in regelm\u00e4\u00dfigen Abst\u00e4nden (einmal pro Monat) zur Kinderkonferenz, um brisante Themen zu diskutieren, aktuelle Ent\u00adscheidungen vorzubereiten, Abstimmungen herbei zu f\u00fchren, neueste Informati\u00adonen zu erhalten und diese weiter in die Klassen zu tragen.<br \/>\nDiese Zusammenk\u00fcnfte best\u00e4rken die Kinder in ihrer Selbstst\u00e4ndigkeit und hel\u00adfen uns Lehrenden, die Belange der Kinder besser erfahren und umsetzen zu k\u00f6n\u00adnen.<br \/>\n<strong>Klassenfahrt:<\/strong> Jede Klasse macht im 3. oder 4. Schuljahr eine Klassenfahrt \u00fcber mehrere Tage. H\u00e4ufig im Verbund mit den Parallelklassen.<br \/>\n<strong>Klassensprecher:<\/strong> Ab dem zweiten Schuljahr werden die Klassensprecher sowie deren Stellvertreter gew\u00e4hlt. Die Aufgaben werden von der Klassenlehrerin und den Mitsch\u00fclern besprochen.<br \/>\n<strong>Kosten:<\/strong> Im Laufe des Schuljahres fallen immer wieder mal laufende Kosten an. F\u00fcr Kopien, Bastelmaterial, Aktionen, Theaterbesuche, etc. Diese werden so ge\u00adring wie m\u00f6glich gehalten. Sie werden in Elternbriefen rechtzeitig dar\u00fcber in\u00adformiert. Das Geld wird von der Klassenlehrerin eingesammelt.<br \/>\nSollten Sie Un\u00adterst\u00fctzung im Rahmen von Sozialhilfe (Wohngeld, Hartz IV etc.) bekommen, k\u00f6nnen die Kosten durch das Jobcenter \u00fcbernommen werden.<br \/>\n<strong>Krankheit:<\/strong> Bei Krankheit des Kindes muss die Schule umgehend vor Unterrichts\u00adbeginn informiert werden, um auszuschlie\u00dfen, dass einem Kind, falls es nicht zum Unterricht erscheint, auf dem Weg zur Schule etwas zugesto\u00dfen ist.<br \/>\nAb 8.00 Uhr ist die Sekret\u00e4rin erreichbar, in der Zeit vorher l\u00e4uft ein Band, auf das gesprochen werden kann. Dieses wird umgehend abgeh\u00f6rt und reicht f\u00fcr den ersten Tag zur Entschuldigung.<br \/>\nIst das Kind l\u00e4ngerfristig erkrankt, muss eine schriftliche Entschuldigung in der Schule vorgelegt werden.<br \/>\n<strong>K\u00fcche:<\/strong> Es gibt eine sehr gut ausgestattete Schulk\u00fcche, die f\u00fcr verschiedene Anl\u00e4sse von den Klassen genutzt wird.<br \/>\n<strong>L\u00e4use:<\/strong> Bei Kopflausbefall m\u00fcssen die Kinder zu Hause bleiben und die Schule muss informiert werden. Nach Anwendung, der in der Apotheke erh\u00e4ltlichen Mittel, kann das Kind wieder zur Schule kommen.<br \/>\n<strong>LRS:<\/strong> Im Rahmen des Lese-Rechtschreib-Unterrichtes werden Kinder der Klas\u00adsen 2-4, nach einem feststehenden Testverfahren, 1 &#8211; 2st\u00fcndig pro Woche in kleinen Gruppen gef\u00f6rdert.<br \/>\n<strong>Medikamente:<\/strong> Medikamente geh\u00f6ren grunds\u00e4tzlich nicht in die Schule. F\u00fcr den Fall, dass eine regelm\u00e4\u00dfige Einnahme notwendig ist, muss die Klassenlehrerin in\u00adformiert werden.<br \/>\n<strong>Parkplatz:<\/strong> Geparkt werden darf auf der Parkinsel vor der Schule. Lassen Sie ihre Kinder bitte nicht seitlich am Stra\u00dfenrand aussteigen. Es ist zu gef\u00e4hr\u00adlich. Die Parkpl\u00e4tze seitlich der Schule sind Lehrerparkpl\u00e4tze. Parken und halten sie dort bitte nicht!<br \/>\n<strong>Patenschaften:<\/strong> Die dritten Klassen \u00fcbernehmen die Patenschaft f\u00fcr die ersten Klassen. So k\u00f6nnen die Schulneulinge von \u201ealten Hasen\u201c beim Einleben und Zu\u00adrechtfinden Hilfe bekommen und sie haben auf dem Schulhof immer einen An\u00adsprechpartner, wenn es Fragen gibt.<br \/>\n<strong>Pausenaufsicht:<\/strong> In den gro\u00dfen Pausen f\u00fchren drei Lehrkr\u00e4fte die Aufsicht durch. Zudem sind Viertkl\u00e4ssler als Pausenhelfer f\u00fcr die Kinder im Einsatz.<br \/>\n<strong>Projektwoche:<\/strong> Einmal im Jahr finden (h\u00e4ufig jahrgangs\u00fcbergreifende) Projekt\u00adtage statt. Ein bestimmtes Motto verwandelt dann die Schule entsprechend und die Kinder setzten sich intensiv mit der jeweiligen Thematik auseinander.\u00a0 Zum Abschluss wird nach M\u00f6glichkeit ein Pr\u00e4sentationstag angeboten. Hier werden den Eltern die Ergebnisse pr\u00e4sentiert.<br \/>\n<strong>Radfahrtraining:<\/strong> Die praktische Pr\u00fcfung findet in Laufe des vierten Schuljahres statt und erfolgt unter polizeilicher Betreuung. Die Pr\u00fcfung besteht aus einem theoretischen und einem praktischen Teil.<br \/>\n<strong>Schuleingangsphase:<\/strong> Die Schuleingangsphase ist eine Einheit, die die Klassen 1 und 2 umfasst. Gleichaltrige Kinder sind in ihrer Entwicklung unterschiedlich. Sie ben\u00f6tigen unterschiedliche Lernzeiten. Deshalb kann die Schuleingangsphase in einem Jahr, in zwei oder in drei Jahren durchlaufen werden.<br \/>\n<strong>Schulfest:<\/strong> Einmal in den vier Grundschuljahren kommt der Zirkus an die Schule. Im M\u00e4rz 2020 war er das letzte Mal da.<br \/>\n<strong>Schulhund:<\/strong> An unserer Schule haben wir einen Schulhund. Shiva ist der Klassenhund der 1a.<br \/>\n<strong>Schulveranstaltungen:<\/strong> Es finden mehrmals im Jahr Schulveranstaltungen statt (z.B. Projektwoche, Theaterauff\u00fchrung im Sommer und\/oder im Winter, Wan\u00addertage, Sportfest, Gottesdienste, Schulfest etc.)<br \/>\n<strong>Schulweg:<\/strong> Auf dem Hin- und R\u00fcckweg zur Schule sind die Kinder versichert.<br \/>\nDamit die Kinder (besonders die Erstkl\u00e4ssler) sicher zur Schule gelangen k\u00f6n\u00adnen, wird ein Verkehrsschwerpunkt von Eltern der Erstkl\u00e4ssler im Sch\u00fclerlot\u00adsendienst betreut. Um die Sicherheit auch f\u00fcr Ihre Kinder gew\u00e4hrleisten zu k\u00f6nnen, sind wir auf Ihre Mithilfe angewiesen.<br \/>\n<strong>Sekretariat:<\/strong> Das Sekretariat ist ab 8.00 Uhr ge\u00f6ffnet. Bis 13.15 ist die Schul\u00adsekret\u00e4rin Frau Stegemann vor Ort.<br \/>\n<strong>Schwimmunterricht:<\/strong> Im zweiten und dritten Schuljahr findet ein Schulhalbjahr zweist\u00fcndig pro Woche im Holsterkampbad Schulschwimmen statt. Die Kinder haben dort die M\u00f6glichkeit die Schwimmabzeichen zu erwerben.<br \/>\n<strong>Spenden:<\/strong> Nicht alle Anschaffungen k\u00f6nnen durch den Schuletat gedeckt wer\u00adden. Deswegen ist die Schule bei bestimmten Projekten auf Spenden angewiesen. Zudem unterst\u00fctzt die Schule seit Jahren selbst Spendenprojekte, zurzeit ein Kinder- und Jugendprojekt in Cabedelo in Brasilien.<br \/>\n<strong>Streitschlichter:<\/strong><br \/>\n<strong>Unterrichtsausfall:<\/strong> Durch einen speziell ausgearbeiteten Vertretungsplan wird vermieden, dass Unterricht ausf\u00e4llt. In speziellen Situationen kann es vorkom\u00admen, dass die 5. oder 6. Stunde nach vorheriger Ank\u00fcndigung (sp\u00e4testens einen Tag vorher) ausf\u00e4llt. Die Kinder, die zur Betreuung angemeldet sind, k\u00f6nnen dort verbleiben. Die anderen Kinder gehen nach Hause.<br \/>\n<strong>Versicherung:<\/strong> Die Kinder sind auf dem Schulweg, w\u00e4hrend der Schulzeit sowie bei schulischen Aktionen versichert. Wenn sich Kinder unerlaubt vom Schulge\u00adl\u00e4nde oder der Gruppe entfernen, sind sie nicht versichert, wenn sie einen Unfall erleiden.<br \/>\n<strong>Vorlesewettbewerb:<\/strong> Hier k\u00f6nnen sich die Kinder der zweiten bis vierten Klassen auf Jahrgangsebene an ihren Lesefertigkeiten messen lassen und gegen Mit\u00adsch\u00fcler in einem spannenden Wettbewerb antreten. Vorher werden jeweils in der Klasse der beste Vorleser und die beste Vorleserin ermittelt. Die ganze Klasse fiebert nat\u00fcrlich mit. Es winken Sachpreise.<br \/>\n<strong>Wandertage:<\/strong> In jedem Jahr findet im April\/Mai ein Wandertag der ganzen Schule statt.<br \/>\n<strong>Winter:<\/strong> Im Winter sind auf dem Schulhof bei Schnee- und Eisgl\u00e4tte Wege zum Eingang gestreut, wenn m\u00f6glich freigeschaufelt. Bei extremen Wetterverh\u00e4lt\u00adnissen, wie wir sie in den vergangenen Jahren erlebt haben, liegt es in der Ent\u00adscheidung der Eltern, die Kinder zur Schule zu schicken. Grunds\u00e4tzlich findet auch bei extrem schlechten Stra\u00dfenverh\u00e4ltnissen Unterricht statt.<br \/>\n<strong>Zeugnisse:<\/strong> Die Kinder erhalten am Ende des ersten Schulhalbjahres (Ende Ja\u00adnuar) und am Ende des Schuljahres vor den Sommerferien ein Zeugnis. In der ersten und zweiten Klasse gibt es zum Ende des Schuljahres ein Berichtszeugnis mit \u00dcbergangsvermerk.<br \/>\nDie Kinder m\u00fcssen die Zeugnisse, nachdem sie diese zu Hause vorgelegt haben, der Lehrerin unterschrieben zeigen. Dann werden diese von Ihnen zu Hause auf\u00adbewahrt.<\/p>\n","protected":false},"excerpt":{"rendered":"<p>Kleines Eltern-ABC der Mauritiusschule Abenteuersport: Einmal im Jahr entsteht in der Turnhalle eine Sportland\u00adschaft, in der die Kinder mit einem speziellen Motto sportlich herausgefordert werden. Dieses Angebot besteht eine ganze Woche, so dass alle Klassen den Spa\u00df teilen k\u00f6nnen. Adressenliste: &hellip;<\/p>\n<p class=\"read-more\"> <a class=\"more-link\" href=\"https:\/\/www.mauritiusschule-ibb.de\/?page_id=94\"> <span class=\"screen-reader-text\">Eltern-ABC<\/span> Weiterlesen &raquo;<\/a><\/p>\n","protected":false},"author":6,"featured_media":0,"parent":85,"menu_order":0,"comment_status":"closed","ping_status":"closed","template":"","meta":{"footnotes":""},"class_list":["post-94","page","type-page","status-publish","hentry"],"_links":{"self":[{"href":"https:\/\/www.mauritiusschule-ibb.de\/index.php?rest_route=\/wp\/v2\/pages\/94","targetHints":{"allow":["GET"]}}],"collection":[{"href":"https:\/\/www.mauritiusschule-ibb.de\/index.php?rest_route=\/wp\/v2\/pages"}],"about":[{"href":"https:\/\/www.mauritiusschule-ibb.de\/index.php?rest_route=\/wp\/v2\/types\/page"}],"author":[{"embeddable":true,"href":"https:\/\/www.mauritiusschule-ibb.de\/index.php?rest_route=\/wp\/v2\/users\/6"}],"replies":[{"embeddable":true,"href":"https:\/\/www.mauritiusschule-ibb.de\/index.php?rest_route=%2Fwp%2Fv2%2Fcomments&post=94"}],"version-history":[{"count":20,"href":"https:\/\/www.mauritiusschule-ibb.de\/index.php?rest_route=\/wp\/v2\/pages\/94\/revisions"}],"predecessor-version":[{"id":6639,"href":"https:\/\/www.mauritiusschule-ibb.de\/index.php?rest_route=\/wp\/v2\/pages\/94\/revisions\/6639"}],"up":[{"embeddable":true,"href":"https:\/\/www.mauritiusschule-ibb.de\/index.php?rest_route=\/wp\/v2\/pages\/85"}],"wp:attachment":[{"href":"https:\/\/www.mauritiusschule-ibb.de\/index.php?rest_route=%2Fwp%2Fv2%2Fmedia&parent=94"}],"curies":[{"name":"wp","href":"https:\/\/api.w.org\/{rel}","templated":true}]}}