{"id":87,"date":"2013-12-17T20:16:16","date_gmt":"2013-12-17T19:16:16","guid":{"rendered":"http:\/\/neu.mauritiusschule-ibb.de\/?page_id=87"},"modified":"2026-04-09T21:40:42","modified_gmt":"2026-04-09T19:40:42","slug":"unterrichtszeiten","status":"publish","type":"page","link":"https:\/\/www.mauritiusschule-ibb.de\/?page_id=87","title":{"rendered":"Unterrichtszeiten"},"content":{"rendered":"<p>An der Mauritiusschule haben die Sch\u00fcler die M\u00f6glichkeit, schon vor dem Unterrichtsbeginn in ihre Klassenr\u00e4ume zu gehen und sich dort in angenehmer Atmosph\u00e4re still zu besch\u00e4ftigen, zu lesen, zu malen und einfach anzukommen.<\/p>\n<p>Um 07:55 Uhr ert\u00f6nt zum ersten Mal die Schulglocke, woraufhin sich alle Sch\u00fcler auf den Weg in ihre Klasse machen. Unterrichtsbeginn ist um 08:00 Uhr.<\/p>\n<p><strong>1. Stunde:<\/strong> 08:00 Uhr &#8211; 08:45 Uhr<br \/>\n<strong>2. Stunde: <\/strong>08:45 Uhr &#8211; 09:30 Uhr<\/p>\n<p><em>1. gro\u00dfe Pause: 9:30 Uhr &#8211; 9:50 Uhr<br \/>\nFr\u00fchst\u00fcckspause: 9:50 Uhr &#8211; 10:00 Uhr<\/em><\/p>\n<p><strong>3. Stunde: <\/strong>10:00 Uhr &#8211; 10:45 Uhr<br \/>\n<strong>4. Stunde: <\/strong>10:50 Uhr &#8211; 11:35 Uhr<\/p>\n<p><em>2. gro\u00dfe Pause: 11:35 Uhr &#8211; 11:45 Uhr<\/em><\/p>\n<p><strong>5. Stunde: <\/strong>11:45 Uhr &#8211; 12:30 Uhr<br \/>\n<strong>6. Stunde: <\/strong>12:30 Uhr &#8211; 13:15 Uhr<\/p>\n","protected":false},"excerpt":{"rendered":"<p>An der Mauritiusschule haben die Sch\u00fcler die M\u00f6glichkeit, schon vor dem Unterrichtsbeginn in ihre Klassenr\u00e4ume zu gehen und sich dort in angenehmer Atmosph\u00e4re still zu besch\u00e4ftigen, zu lesen, zu malen und einfach anzukommen. Um 07:55 Uhr ert\u00f6nt zum ersten Mal &hellip;<\/p>\n<p class=\"read-more\"> <a class=\"more-link\" href=\"https:\/\/www.mauritiusschule-ibb.de\/?page_id=87\"> <span class=\"screen-reader-text\">Unterrichtszeiten<\/span> Weiterlesen &raquo;<\/a><\/p>\n","protected":false},"author":6,"featured_media":0,"parent":85,"menu_order":0,"comment_status":"closed","ping_status":"closed","template":"","meta":{"footnotes":""},"class_list":["post-87","page","type-page","status-publish","hentry"],"_links":{"self":[{"href":"https:\/\/www.mauritiusschule-ibb.de\/index.php?rest_route=\/wp\/v2\/pages\/87","targetHints":{"allow":["GET"]}}],"collection":[{"href":"https:\/\/www.mauritiusschule-ibb.de\/index.php?rest_route=\/wp\/v2\/pages"}],"about":[{"href":"https:\/\/www.mauritiusschule-ibb.de\/index.php?rest_route=\/wp\/v2\/types\/page"}],"author":[{"embeddable":true,"href":"https:\/\/www.mauritiusschule-ibb.de\/index.php?rest_route=\/wp\/v2\/users\/6"}],"replies":[{"embeddable":true,"href":"https:\/\/www.mauritiusschule-ibb.de\/index.php?rest_route=%2Fwp%2Fv2%2Fcomments&post=87"}],"version-history":[{"count":10,"href":"https:\/\/www.mauritiusschule-ibb.de\/index.php?rest_route=\/wp\/v2\/pages\/87\/revisions"}],"predecessor-version":[{"id":8193,"href":"https:\/\/www.mauritiusschule-ibb.de\/index.php?rest_route=\/wp\/v2\/pages\/87\/revisions\/8193"}],"up":[{"embeddable":true,"href":"https:\/\/www.mauritiusschule-ibb.de\/index.php?rest_route=\/wp\/v2\/pages\/85"}],"wp:attachment":[{"href":"https:\/\/www.mauritiusschule-ibb.de\/index.php?rest_route=%2Fwp%2Fv2%2Fmedia&parent=87"}],"curies":[{"name":"wp","href":"https:\/\/api.w.org\/{rel}","templated":true}]}}