{"id":8100,"date":"2026-04-09T01:40:08","date_gmt":"2026-04-08T23:40:08","guid":{"rendered":"https:\/\/www.mauritiusschule-ibb.de\/?page_id=8100"},"modified":"2026-04-09T21:38:12","modified_gmt":"2026-04-09T19:38:12","slug":"auszeichnungen","status":"publish","type":"page","link":"https:\/\/www.mauritiusschule-ibb.de\/?page_id=8100","title":{"rendered":"Auszeichnungen"},"content":{"rendered":"\n<p>Dank unserer engagierten Schulgemeinschaft d\u00fcrfen wir uns \u00fcber mehrere Auszeichnungen freuen. <\/p>\n\n\n\n<h3 class=\"wp-block-heading has-text-align-center has-luminous-vivid-amber-color has-text-color has-link-color wp-elements-dfb1cd60febaf09d6c23fe7bab21c49f\"><strong>SchuB-Schule<\/strong><\/h3>\n\n\n\n<p>Als SchuB-Schule (Schule und Bewegung) legen wir viel Wert auf Bewegung und sportliche Aktivit\u00e4ten im Schulalltag und damit auf die k\u00f6rperliche Entwicklung unserer Sch\u00fclerinnen und Sch\u00fcler. <\/p>\n\n\n\n<figure class=\"wp-block-image aligncenter size-full is-resized\"><a href=\"https:\/\/www.mauritiusschule-ibb.de\/wp-content\/uploads\/2026\/04\/Bildschirmfoto-2026-04-09-um-21.32.04.png\" rel=\"lightbox[8100]\"><img loading=\"lazy\" decoding=\"async\" width=\"752\" height=\"315\" src=\"https:\/\/www.mauritiusschule-ibb.de\/wp-content\/uploads\/2026\/04\/Bildschirmfoto-2026-04-09-um-21.32.04.png\" alt=\"\" class=\"wp-image-8190\" style=\"width:381px;height:auto\" srcset=\"https:\/\/www.mauritiusschule-ibb.de\/wp-content\/uploads\/2026\/04\/Bildschirmfoto-2026-04-09-um-21.32.04.png 752w, https:\/\/www.mauritiusschule-ibb.de\/wp-content\/uploads\/2026\/04\/Bildschirmfoto-2026-04-09-um-21.32.04-300x126.png 300w, https:\/\/www.mauritiusschule-ibb.de\/wp-content\/uploads\/2026\/04\/Bildschirmfoto-2026-04-09-um-21.32.04-100x42.png 100w, https:\/\/www.mauritiusschule-ibb.de\/wp-content\/uploads\/2026\/04\/Bildschirmfoto-2026-04-09-um-21.32.04-150x63.png 150w, https:\/\/www.mauritiusschule-ibb.de\/wp-content\/uploads\/2026\/04\/Bildschirmfoto-2026-04-09-um-21.32.04-200x84.png 200w, https:\/\/www.mauritiusschule-ibb.de\/wp-content\/uploads\/2026\/04\/Bildschirmfoto-2026-04-09-um-21.32.04-450x188.png 450w, https:\/\/www.mauritiusschule-ibb.de\/wp-content\/uploads\/2026\/04\/Bildschirmfoto-2026-04-09-um-21.32.04-600x251.png 600w\" sizes=\"auto, (max-width: 752px) 100vw, 752px\" \/><\/a><\/figure>\n\n\n\n<h3 class=\"wp-block-heading has-text-align-center has-vivid-red-color has-text-color has-link-color wp-elements-5308864b0ad628b83bd7fd6d7c4caa3c\"><strong>Unicef Kinderrechte-Schule<\/strong><\/h3>\n\n\n\n<p>Nach einem langen Qualifizierungs-Prozess haben wir die Zertifizierung zur Unicef Kinderrechte-Schule erhalten und setzen uns nun regelm\u00e4\u00dfig mit unseren und den Rechten der Kinder auf der ganzen Welt auseinander.<\/p>\n\n\n\n<figure class=\"wp-block-image size-large\"><a href=\"https:\/\/www.mauritiusschule-ibb.de\/wp-content\/uploads\/2025\/04\/Praesentation1.jpg\" rel=\"lightbox[8100]\"><img loading=\"lazy\" decoding=\"async\" width=\"1024\" height=\"576\" src=\"https:\/\/www.mauritiusschule-ibb.de\/wp-content\/uploads\/2025\/04\/Praesentation1-1024x576.jpg\" alt=\"\" class=\"wp-image-7482\" srcset=\"https:\/\/www.mauritiusschule-ibb.de\/wp-content\/uploads\/2025\/04\/Praesentation1-1024x576.jpg 1024w, https:\/\/www.mauritiusschule-ibb.de\/wp-content\/uploads\/2025\/04\/Praesentation1-300x169.jpg 300w, https:\/\/www.mauritiusschule-ibb.de\/wp-content\/uploads\/2025\/04\/Praesentation1-768x432.jpg 768w, https:\/\/www.mauritiusschule-ibb.de\/wp-content\/uploads\/2025\/04\/Praesentation1-100x56.jpg 100w, https:\/\/www.mauritiusschule-ibb.de\/wp-content\/uploads\/2025\/04\/Praesentation1-150x84.jpg 150w, https:\/\/www.mauritiusschule-ibb.de\/wp-content\/uploads\/2025\/04\/Praesentation1-200x113.jpg 200w, https:\/\/www.mauritiusschule-ibb.de\/wp-content\/uploads\/2025\/04\/Praesentation1-450x253.jpg 450w, https:\/\/www.mauritiusschule-ibb.de\/wp-content\/uploads\/2025\/04\/Praesentation1-600x338.jpg 600w, https:\/\/www.mauritiusschule-ibb.de\/wp-content\/uploads\/2025\/04\/Praesentation1-900x506.jpg 900w, https:\/\/www.mauritiusschule-ibb.de\/wp-content\/uploads\/2025\/04\/Praesentation1.jpg 1280w\" sizes=\"auto, (max-width: 1024px) 100vw, 1024px\" \/><\/a><\/figure>\n\n\n\n<p><\/p>\n\n\n\n<h3 class=\"wp-block-heading has-text-align-center has-responsive-global-palette-0-color has-text-color has-link-color wp-elements-972dfb7d3d17bfa9d07dc0b8d01c3c15\"><strong>Spielen macht Schule<\/strong><\/h3>\n\n\n\n<p>Dass es bei uns nicht nur um den Unterricht geht, zeigt auch die Auszeichung der Initiative &#8222;Spielen macht Schule&#8220;, die von unserem Konzept &#8222;Spielen in der Mauritiusschule&#8220; begeistert war. <\/p>\n\n\n\n<figure class=\"wp-block-image size-full\"><a href=\"https:\/\/www.mauritiusschule-ibb.de\/wp-content\/uploads\/2025\/10\/Spielen-macht-Schule-2.jpg\" rel=\"lightbox[8100]\"><img loading=\"lazy\" decoding=\"async\" width=\"842\" height=\"595\" src=\"https:\/\/www.mauritiusschule-ibb.de\/wp-content\/uploads\/2025\/10\/Spielen-macht-Schule-2.jpg\" alt=\"\" class=\"wp-image-7793\" srcset=\"https:\/\/www.mauritiusschule-ibb.de\/wp-content\/uploads\/2025\/10\/Spielen-macht-Schule-2.jpg 842w, https:\/\/www.mauritiusschule-ibb.de\/wp-content\/uploads\/2025\/10\/Spielen-macht-Schule-2-300x212.jpg 300w, https:\/\/www.mauritiusschule-ibb.de\/wp-content\/uploads\/2025\/10\/Spielen-macht-Schule-2-768x543.jpg 768w, https:\/\/www.mauritiusschule-ibb.de\/wp-content\/uploads\/2025\/10\/Spielen-macht-Schule-2-100x71.jpg 100w, https:\/\/www.mauritiusschule-ibb.de\/wp-content\/uploads\/2025\/10\/Spielen-macht-Schule-2-150x106.jpg 150w, https:\/\/www.mauritiusschule-ibb.de\/wp-content\/uploads\/2025\/10\/Spielen-macht-Schule-2-200x141.jpg 200w, https:\/\/www.mauritiusschule-ibb.de\/wp-content\/uploads\/2025\/10\/Spielen-macht-Schule-2-450x318.jpg 450w, https:\/\/www.mauritiusschule-ibb.de\/wp-content\/uploads\/2025\/10\/Spielen-macht-Schule-2-600x424.jpg 600w\" sizes=\"auto, (max-width: 842px) 100vw, 842px\" \/><\/a><\/figure>\n\n\n\n<p><\/p>\n\n\n\n<p><\/p>\n","protected":false},"excerpt":{"rendered":"<p>Dank unserer engagierten Schulgemeinschaft d\u00fcrfen wir uns \u00fcber mehrere Auszeichnungen freuen. SchuB-Schule Als SchuB-Schule (Schule und Bewegung) legen wir viel Wert auf Bewegung und sportliche Aktivit\u00e4ten im Schulalltag und damit auf die k\u00f6rperliche Entwicklung unserer Sch\u00fclerinnen und Sch\u00fcler. Unicef Kinderrechte-Schule &hellip;<\/p>\n<p class=\"read-more\"> <a class=\"more-link\" href=\"https:\/\/www.mauritiusschule-ibb.de\/?page_id=8100\"> <span class=\"screen-reader-text\">Auszeichnungen<\/span> Weiterlesen &raquo;<\/a><\/p>\n","protected":false},"author":7,"featured_media":0,"parent":0,"menu_order":0,"comment_status":"closed","ping_status":"closed","template":"","meta":{"footnotes":""},"class_list":["post-8100","page","type-page","status-publish","hentry"],"_links":{"self":[{"href":"https:\/\/www.mauritiusschule-ibb.de\/index.php?rest_route=\/wp\/v2\/pages\/8100","targetHints":{"allow":["GET"]}}],"collection":[{"href":"https:\/\/www.mauritiusschule-ibb.de\/index.php?rest_route=\/wp\/v2\/pages"}],"about":[{"href":"https:\/\/www.mauritiusschule-ibb.de\/index.php?rest_route=\/wp\/v2\/types\/page"}],"author":[{"embeddable":true,"href":"https:\/\/www.mauritiusschule-ibb.de\/index.php?rest_route=\/wp\/v2\/users\/7"}],"replies":[{"embeddable":true,"href":"https:\/\/www.mauritiusschule-ibb.de\/index.php?rest_route=%2Fwp%2Fv2%2Fcomments&post=8100"}],"version-history":[{"count":5,"href":"https:\/\/www.mauritiusschule-ibb.de\/index.php?rest_route=\/wp\/v2\/pages\/8100\/revisions"}],"predecessor-version":[{"id":8192,"href":"https:\/\/www.mauritiusschule-ibb.de\/index.php?rest_route=\/wp\/v2\/pages\/8100\/revisions\/8192"}],"wp:attachment":[{"href":"https:\/\/www.mauritiusschule-ibb.de\/index.php?rest_route=%2Fwp%2Fv2%2Fmedia&parent=8100"}],"curies":[{"name":"wp","href":"https:\/\/api.w.org\/{rel}","templated":true}]}}