{"id":7,"date":"2013-12-09T19:59:54","date_gmt":"2013-12-09T18:59:54","guid":{"rendered":"http:\/\/neu.mauritiusschule-ibb.de\/?page_id=7"},"modified":"2026-04-17T14:31:40","modified_gmt":"2026-04-17T12:31:40","slug":"mauritiusschule","status":"publish","type":"page","link":"https:\/\/www.mauritiusschule-ibb.de\/","title":{"rendered":"Mauritiusschule"},"content":{"rendered":"\n<h2 class=\"wp-block-heading alignfull has-text-align-center\">     Gemeinschaftsgrundschule in Ibbenb\u00fcren<\/h2>\n\n\n\n<div class=\"wp-block-group is-layout-constrained wp-block-group-is-layout-constrained\">\n<div class=\"wp-block-columns is-layout-flex wp-container-core-columns-is-layout-9d6595d7 wp-block-columns-is-layout-flex\">\n<div class=\"wp-block-column is-layout-flow wp-block-column-is-layout-flow\" style=\"flex-basis:100%\">\n<figure class=\"wp-block-image aligncenter size-large is-resized\"><a href=\"https:\/\/www.mauritiusschule-ibb.de\/wp-content\/uploads\/2026\/04\/Mauritiuslogo-mit-Kontakt-1.png\" rel=\"lightbox[7]\"><img loading=\"lazy\" decoding=\"async\" width=\"1024\" height=\"366\" src=\"https:\/\/www.mauritiusschule-ibb.de\/wp-content\/uploads\/2026\/04\/Mauritiuslogo-mit-Kontakt-1-1024x366.png\" alt=\"\" class=\"wp-image-8135\" style=\"width:695px;height:auto\" srcset=\"https:\/\/www.mauritiusschule-ibb.de\/wp-content\/uploads\/2026\/04\/Mauritiuslogo-mit-Kontakt-1-1024x366.png 1024w, https:\/\/www.mauritiusschule-ibb.de\/wp-content\/uploads\/2026\/04\/Mauritiuslogo-mit-Kontakt-1-300x107.png 300w, https:\/\/www.mauritiusschule-ibb.de\/wp-content\/uploads\/2026\/04\/Mauritiuslogo-mit-Kontakt-1-768x274.png 768w, https:\/\/www.mauritiusschule-ibb.de\/wp-content\/uploads\/2026\/04\/Mauritiuslogo-mit-Kontakt-1-100x36.png 100w, https:\/\/www.mauritiusschule-ibb.de\/wp-content\/uploads\/2026\/04\/Mauritiuslogo-mit-Kontakt-1-150x54.png 150w, https:\/\/www.mauritiusschule-ibb.de\/wp-content\/uploads\/2026\/04\/Mauritiuslogo-mit-Kontakt-1-200x71.png 200w, https:\/\/www.mauritiusschule-ibb.de\/wp-content\/uploads\/2026\/04\/Mauritiuslogo-mit-Kontakt-1-450x161.png 450w, https:\/\/www.mauritiusschule-ibb.de\/wp-content\/uploads\/2026\/04\/Mauritiuslogo-mit-Kontakt-1-600x214.png 600w, https:\/\/www.mauritiusschule-ibb.de\/wp-content\/uploads\/2026\/04\/Mauritiuslogo-mit-Kontakt-1-900x321.png 900w, https:\/\/www.mauritiusschule-ibb.de\/wp-content\/uploads\/2026\/04\/Mauritiuslogo-mit-Kontakt-1.png 1423w\" sizes=\"auto, (max-width: 1024px) 100vw, 1024px\" \/><\/a><\/figure>\n<\/div>\n<\/div>\n<\/div>\n\n\n\n<figure class=\"wp-block-image aligncenter size-large is-resized\"><a href=\"https:\/\/www.mauritiusschule-ibb.de\/wp-content\/uploads\/2026\/04\/Startseitenfoto.png\" rel=\"lightbox[7]\"><img loading=\"lazy\" decoding=\"async\" width=\"1024\" height=\"612\" src=\"https:\/\/www.mauritiusschule-ibb.de\/wp-content\/uploads\/2026\/04\/Startseitenfoto-1024x612.png\" alt=\"\" class=\"wp-image-8136\" style=\"aspect-ratio:1.6732229313380282;width:606px;height:auto\" srcset=\"https:\/\/www.mauritiusschule-ibb.de\/wp-content\/uploads\/2026\/04\/Startseitenfoto-1024x612.png 1024w, https:\/\/www.mauritiusschule-ibb.de\/wp-content\/uploads\/2026\/04\/Startseitenfoto-300x179.png 300w, https:\/\/www.mauritiusschule-ibb.de\/wp-content\/uploads\/2026\/04\/Startseitenfoto-768x459.png 768w, https:\/\/www.mauritiusschule-ibb.de\/wp-content\/uploads\/2026\/04\/Startseitenfoto-100x60.png 100w, https:\/\/www.mauritiusschule-ibb.de\/wp-content\/uploads\/2026\/04\/Startseitenfoto-150x90.png 150w, https:\/\/www.mauritiusschule-ibb.de\/wp-content\/uploads\/2026\/04\/Startseitenfoto-200x120.png 200w, https:\/\/www.mauritiusschule-ibb.de\/wp-content\/uploads\/2026\/04\/Startseitenfoto-450x269.png 450w, https:\/\/www.mauritiusschule-ibb.de\/wp-content\/uploads\/2026\/04\/Startseitenfoto-600x359.png 600w, https:\/\/www.mauritiusschule-ibb.de\/wp-content\/uploads\/2026\/04\/Startseitenfoto-900x538.png 900w, https:\/\/www.mauritiusschule-ibb.de\/wp-content\/uploads\/2026\/04\/Startseitenfoto.png 1408w\" sizes=\"auto, (max-width: 1024px) 100vw, 1024px\" \/><\/a><\/figure>\n\n\n\n<h2 class=\"wp-block-heading has-text-align-center has-text-color has-link-color wp-elements-8499a4fe27df6e5f96999da419db01f2\" style=\"color:#157856\"><a href=\"https:\/\/www.mauritiusschule-ibb.de\/?page_id=8105\" data-type=\"page\" data-id=\"8105\">Aktuelles<\/a><\/h2>\n\n\n\n<h2 class=\"wp-block-heading has-text-align-center has-vivid-red-color has-text-color has-link-color wp-elements-9aa90435cabf32addc476bea448fae2a\"><a href=\"https:\/\/www.mauritiusschule-ibb.de\/?page_id=4186\" data-type=\"page\" data-id=\"4186\">Termine und bewegliche Ferientage<\/a><\/h2>\n\n\n\n<h2 class=\"wp-block-heading has-text-align-center\"><a href=\"https:\/\/www.mauritiusschule-ibb.de\/?page_id=1850\" data-type=\"page\" data-id=\"1850\"><strong><span style=\"color: #0000ff;\">Speiseplan\u00fcbersicht der OGGS<\/span><\/strong><\/a><\/h2>\n\n\n\n<p><\/p>\n\n\n\n<p><a href=\"https:\/\/www.mauritiusschule-ibb.de\/?page_id=1850\" data-type=\"page\" data-id=\"1850\"><br><\/a><\/p>\n\n\n\n<p><\/p>\n\n\n\n<h2 class=\"wp-block-heading\">Ihr Kind wird im Sommer 2028 ein Schulkind?<\/h2>\n\n\n\n<p>F\u00fcr den <strong>\u00dcbergang vom Kindergarten in die Grundschule <\/strong>und zu der Fragestellung <strong>&#8222;Ist mein Kind schulf\u00e4hig?&#8220;<\/strong>, finden Sie in dieser Pr\u00e4sentation der Stadt Ibbenb\u00fcren interessante Informationen.<\/p>\n\n\n\n<div class=\"wp-block-group is-layout-constrained wp-block-group-is-layout-constrained\">\n<div class=\"wp-block-media-text is-stacked-on-mobile\" style=\"grid-template-columns:18% auto\"><figure class=\"wp-block-media-text__media\"><img loading=\"lazy\" decoding=\"async\" width=\"333\" height=\"333\" src=\"https:\/\/www.mauritiusschule-ibb.de\/wp-content\/uploads\/2026\/04\/sprachstand-qr.png\" alt=\"\" class=\"wp-image-8023 size-full\" srcset=\"https:\/\/www.mauritiusschule-ibb.de\/wp-content\/uploads\/2026\/04\/sprachstand-qr.png 333w, https:\/\/www.mauritiusschule-ibb.de\/wp-content\/uploads\/2026\/04\/sprachstand-qr-300x300.png 300w, https:\/\/www.mauritiusschule-ibb.de\/wp-content\/uploads\/2026\/04\/sprachstand-qr-150x150.png 150w, https:\/\/www.mauritiusschule-ibb.de\/wp-content\/uploads\/2026\/04\/sprachstand-qr-100x100.png 100w, https:\/\/www.mauritiusschule-ibb.de\/wp-content\/uploads\/2026\/04\/sprachstand-qr-200x200.png 200w\" sizes=\"auto, (max-width: 333px) 100vw, 333px\" \/><\/figure><div class=\"wp-block-media-text__content\">\n<p class=\"has-text-align-center\">QR-Code scannen. Pr\u00e4sentation: Sprachstandsfeststellung (PDF)<\/p>\n<\/div><\/div>\n<\/div>\n\n\n\n<div class=\"wp-block-columns is-layout-flex wp-container-core-columns-is-layout-9d6595d7 wp-block-columns-is-layout-flex\">\n<div class=\"wp-block-column is-layout-flow wp-block-column-is-layout-flow\"><\/div>\n\n\n\n<div class=\"wp-block-column is-layout-flow wp-block-column-is-layout-flow\"><\/div>\n<\/div>\n\n\n\n<p><\/p>\n","protected":false},"excerpt":{"rendered":"<p>Gemeinschaftsgrundschule in Ibbenb\u00fcren Aktuelles Termine und bewegliche Ferientage Speiseplan\u00fcbersicht der OGGS Ihr Kind wird im Sommer 2028 ein Schulkind? F\u00fcr den \u00dcbergang vom Kindergarten in die Grundschule und zu der Fragestellung &#8222;Ist mein Kind schulf\u00e4hig?&#8220;, finden Sie in dieser Pr\u00e4sentation &hellip;<\/p>\n<p class=\"read-more\"> <a class=\"more-link\" href=\"https:\/\/www.mauritiusschule-ibb.de\/\"> <span class=\"screen-reader-text\">Mauritiusschule<\/span> Weiterlesen &raquo;<\/a><\/p>\n","protected":false},"author":6,"featured_media":0,"parent":0,"menu_order":0,"comment_status":"closed","ping_status":"closed","template":"","meta":{"footnotes":""},"class_list":["post-7","page","type-page","status-publish","hentry"],"_links":{"self":[{"href":"https:\/\/www.mauritiusschule-ibb.de\/index.php?rest_route=\/wp\/v2\/pages\/7","targetHints":{"allow":["GET"]}}],"collection":[{"href":"https:\/\/www.mauritiusschule-ibb.de\/index.php?rest_route=\/wp\/v2\/pages"}],"about":[{"href":"https:\/\/www.mauritiusschule-ibb.de\/index.php?rest_route=\/wp\/v2\/types\/page"}],"author":[{"embeddable":true,"href":"https:\/\/www.mauritiusschule-ibb.de\/index.php?rest_route=\/wp\/v2\/users\/6"}],"replies":[{"embeddable":true,"href":"https:\/\/www.mauritiusschule-ibb.de\/index.php?rest_route=%2Fwp%2Fv2%2Fcomments&post=7"}],"version-history":[{"count":1151,"href":"https:\/\/www.mauritiusschule-ibb.de\/index.php?rest_route=\/wp\/v2\/pages\/7\/revisions"}],"predecessor-version":[{"id":8241,"href":"https:\/\/www.mauritiusschule-ibb.de\/index.php?rest_route=\/wp\/v2\/pages\/7\/revisions\/8241"}],"wp:attachment":[{"href":"https:\/\/www.mauritiusschule-ibb.de\/index.php?rest_route=%2Fwp%2Fv2%2Fmedia&parent=7"}],"curies":[{"name":"wp","href":"https:\/\/api.w.org\/{rel}","templated":true}]}}