{"id":5587,"date":"2021-11-11T19:20:12","date_gmt":"2021-11-11T18:20:12","guid":{"rendered":"https:\/\/www.mauritiusschule-ibb.de\/?page_id=5587"},"modified":"2024-04-18T12:28:49","modified_gmt":"2024-04-18T10:28:49","slug":"zirkus-mauritio-2020","status":"publish","type":"page","link":"https:\/\/www.mauritiusschule-ibb.de\/?page_id=5587","title":{"rendered":"Zirkus Mauritio 2024"},"content":{"rendered":"\n<p><br>Pl\u00f6tzlich wurde aus der Mauritiusschule der Cirkus Mauritio! Das gro\u00dfe Zelt stand mitten auf dem Schulhof und am Montagmorgen f\u00fcllte sich das Zelt mit ArtistInnen und allen Kindern der Schule. Die ArtistInnen kamen den Kindern \u00fcberraschend bekannt vor, standen dort etwa wirklich ihre Lehrerinnen, M\u00fctter, V\u00e4ter und Mitarbeiterinnen der OGGS? <\/p>\n\n\n\n<p>JA, diese hatten bereits am Sonntag ihre Auff\u00fchrung f\u00fcr die Kinder geprobt und er\u00f6ffneten damit den Cirkus Mauritio offiziel.<\/p>\n\n\n\n<p>Im Anschluss an die Auff\u00fchrung gingen die Kinder nicht in ihre Klassen zur\u00fcck sondern in ihre neuen ArtistInnengruppen und die Lehrerinnen und Eltern schl\u00fcpften in die Rolle der Trainerinnen. Die ArtistInnen wurden im Laufe der Woche zu Experten ihrer Spezialit\u00e4ten und so f\u00fcllte sich der Cirkus Mauritio mit Clowns, Seilt\u00e4nzerInnen, JongleurInnen, ZauberInnen, AkrobatInnen, TrommlerInnen, Fakiren.<\/p>\n\n\n\n<p>Am Donnerstag stand auch schon die Generalprobe an und die Aufregung stieg bei allen Beteiligten. Eine Nacht schlafen und schwupps&#8230;.<\/p>\n\n\n\n<p>&#8230;war er da, der gro\u00dfe Tag der ersten Auff\u00fchrung!<\/p>\n\n\n\n<p>Das Zelt f\u00fcllte sich erneut, dieses Mal jedoch mit Familien und Freunden. Die ArtistInnen bereiten sich auf ihre Auftritte vor und Frau Althaus wird zur Zirkusdirektorin! <\/p>\n\n\n\n<p>Die Auff\u00fchrungen waren ein riesen Erfolg! Die Vorstellung am Samstagnachmittag war sogar komplett ausgebucht!<\/p>\n\n\n\n<p>In dieser Woche sind die Kinder ein St\u00fcck gewachsen, haben zahlreiche neue Erfahrungen gemacht, Herausforderungen \u00fcberwunden und neue St\u00e4rken entdeckt! <\/p>\n\n\n\n<p>Auch wenn das Zelt schon l\u00e4ngst wieder abgebaut und weiter gezogen ist, bleibt der Cirkus, die ArtistInnen und das Gemeinschaftsgef\u00fchl an der Mauritiusschule und wird uns noch lange begleiten!<\/p>\n\n\n\n<p><\/p>\n\n\n\n<figure class=\"wp-block-image size-large is-style-default\"><a href=\"https:\/\/www.mauritiusschule-ibb.de\/wp-content\/uploads\/2024\/04\/Foto-Zeltaufbau.jpg\" rel=\"lightbox[5587]\"><img loading=\"lazy\" decoding=\"async\" width=\"1024\" height=\"576\" src=\"https:\/\/www.mauritiusschule-ibb.de\/wp-content\/uploads\/2024\/04\/Foto-Zeltaufbau-1024x576.jpg\" alt=\"\" class=\"wp-image-6924\" srcset=\"https:\/\/www.mauritiusschule-ibb.de\/wp-content\/uploads\/2024\/04\/Foto-Zeltaufbau-1024x576.jpg 1024w, https:\/\/www.mauritiusschule-ibb.de\/wp-content\/uploads\/2024\/04\/Foto-Zeltaufbau-300x169.jpg 300w, https:\/\/www.mauritiusschule-ibb.de\/wp-content\/uploads\/2024\/04\/Foto-Zeltaufbau-768x432.jpg 768w, https:\/\/www.mauritiusschule-ibb.de\/wp-content\/uploads\/2024\/04\/Foto-Zeltaufbau-100x56.jpg 100w, https:\/\/www.mauritiusschule-ibb.de\/wp-content\/uploads\/2024\/04\/Foto-Zeltaufbau-150x84.jpg 150w, https:\/\/www.mauritiusschule-ibb.de\/wp-content\/uploads\/2024\/04\/Foto-Zeltaufbau-200x113.jpg 200w, https:\/\/www.mauritiusschule-ibb.de\/wp-content\/uploads\/2024\/04\/Foto-Zeltaufbau-450x253.jpg 450w, https:\/\/www.mauritiusschule-ibb.de\/wp-content\/uploads\/2024\/04\/Foto-Zeltaufbau-600x338.jpg 600w, https:\/\/www.mauritiusschule-ibb.de\/wp-content\/uploads\/2024\/04\/Foto-Zeltaufbau-900x506.jpg 900w, https:\/\/www.mauritiusschule-ibb.de\/wp-content\/uploads\/2024\/04\/Foto-Zeltaufbau.jpg 1280w\" sizes=\"auto, (max-width: 1024px) 100vw, 1024px\" \/><\/a><\/figure>\n\n\n\n<figure class=\"wp-block-image size-large is-style-default\"><a href=\"https:\/\/www.mauritiusschule-ibb.de\/wp-content\/uploads\/2024\/04\/Fotos-Proben-Gruppe-A.jpg\" rel=\"lightbox[5587]\"><img loading=\"lazy\" decoding=\"async\" width=\"1024\" height=\"576\" src=\"https:\/\/www.mauritiusschule-ibb.de\/wp-content\/uploads\/2024\/04\/Fotos-Proben-Gruppe-A-1024x576.jpg\" alt=\"\" class=\"wp-image-6925\" srcset=\"https:\/\/www.mauritiusschule-ibb.de\/wp-content\/uploads\/2024\/04\/Fotos-Proben-Gruppe-A-1024x576.jpg 1024w, https:\/\/www.mauritiusschule-ibb.de\/wp-content\/uploads\/2024\/04\/Fotos-Proben-Gruppe-A-300x169.jpg 300w, https:\/\/www.mauritiusschule-ibb.de\/wp-content\/uploads\/2024\/04\/Fotos-Proben-Gruppe-A-768x432.jpg 768w, https:\/\/www.mauritiusschule-ibb.de\/wp-content\/uploads\/2024\/04\/Fotos-Proben-Gruppe-A-100x56.jpg 100w, https:\/\/www.mauritiusschule-ibb.de\/wp-content\/uploads\/2024\/04\/Fotos-Proben-Gruppe-A-150x84.jpg 150w, https:\/\/www.mauritiusschule-ibb.de\/wp-content\/uploads\/2024\/04\/Fotos-Proben-Gruppe-A-200x113.jpg 200w, https:\/\/www.mauritiusschule-ibb.de\/wp-content\/uploads\/2024\/04\/Fotos-Proben-Gruppe-A-450x253.jpg 450w, https:\/\/www.mauritiusschule-ibb.de\/wp-content\/uploads\/2024\/04\/Fotos-Proben-Gruppe-A-600x338.jpg 600w, https:\/\/www.mauritiusschule-ibb.de\/wp-content\/uploads\/2024\/04\/Fotos-Proben-Gruppe-A-900x506.jpg 900w, https:\/\/www.mauritiusschule-ibb.de\/wp-content\/uploads\/2024\/04\/Fotos-Proben-Gruppe-A.jpg 1280w\" sizes=\"auto, (max-width: 1024px) 100vw, 1024px\" \/><\/a><\/figure>\n\n\n\n<figure class=\"wp-block-image size-large is-style-default\"><a href=\"https:\/\/www.mauritiusschule-ibb.de\/wp-content\/uploads\/2024\/04\/Fotos-Proben-Gruppe-B.jpg\" rel=\"lightbox[5587]\"><img loading=\"lazy\" decoding=\"async\" width=\"1024\" height=\"576\" src=\"https:\/\/www.mauritiusschule-ibb.de\/wp-content\/uploads\/2024\/04\/Fotos-Proben-Gruppe-B-1024x576.jpg\" alt=\"\" class=\"wp-image-6927\" srcset=\"https:\/\/www.mauritiusschule-ibb.de\/wp-content\/uploads\/2024\/04\/Fotos-Proben-Gruppe-B-1024x576.jpg 1024w, https:\/\/www.mauritiusschule-ibb.de\/wp-content\/uploads\/2024\/04\/Fotos-Proben-Gruppe-B-300x169.jpg 300w, https:\/\/www.mauritiusschule-ibb.de\/wp-content\/uploads\/2024\/04\/Fotos-Proben-Gruppe-B-768x432.jpg 768w, https:\/\/www.mauritiusschule-ibb.de\/wp-content\/uploads\/2024\/04\/Fotos-Proben-Gruppe-B-100x56.jpg 100w, https:\/\/www.mauritiusschule-ibb.de\/wp-content\/uploads\/2024\/04\/Fotos-Proben-Gruppe-B-150x84.jpg 150w, https:\/\/www.mauritiusschule-ibb.de\/wp-content\/uploads\/2024\/04\/Fotos-Proben-Gruppe-B-200x113.jpg 200w, https:\/\/www.mauritiusschule-ibb.de\/wp-content\/uploads\/2024\/04\/Fotos-Proben-Gruppe-B-450x253.jpg 450w, https:\/\/www.mauritiusschule-ibb.de\/wp-content\/uploads\/2024\/04\/Fotos-Proben-Gruppe-B-600x338.jpg 600w, https:\/\/www.mauritiusschule-ibb.de\/wp-content\/uploads\/2024\/04\/Fotos-Proben-Gruppe-B-900x506.jpg 900w, https:\/\/www.mauritiusschule-ibb.de\/wp-content\/uploads\/2024\/04\/Fotos-Proben-Gruppe-B.jpg 1280w\" sizes=\"auto, (max-width: 1024px) 100vw, 1024px\" \/><\/a><\/figure>\n\n\n\n<figure class=\"wp-block-image size-large is-style-default\"><a href=\"https:\/\/www.mauritiusschule-ibb.de\/wp-content\/uploads\/2024\/04\/Foto-Auffuehrungen-Gruppe-A.jpg\" rel=\"lightbox[5587]\"><img loading=\"lazy\" decoding=\"async\" width=\"1024\" height=\"576\" src=\"https:\/\/www.mauritiusschule-ibb.de\/wp-content\/uploads\/2024\/04\/Foto-Auffuehrungen-Gruppe-A-1024x576.jpg\" alt=\"\" class=\"wp-image-6928\" srcset=\"https:\/\/www.mauritiusschule-ibb.de\/wp-content\/uploads\/2024\/04\/Foto-Auffuehrungen-Gruppe-A-1024x576.jpg 1024w, https:\/\/www.mauritiusschule-ibb.de\/wp-content\/uploads\/2024\/04\/Foto-Auffuehrungen-Gruppe-A-300x169.jpg 300w, https:\/\/www.mauritiusschule-ibb.de\/wp-content\/uploads\/2024\/04\/Foto-Auffuehrungen-Gruppe-A-768x432.jpg 768w, https:\/\/www.mauritiusschule-ibb.de\/wp-content\/uploads\/2024\/04\/Foto-Auffuehrungen-Gruppe-A-100x56.jpg 100w, https:\/\/www.mauritiusschule-ibb.de\/wp-content\/uploads\/2024\/04\/Foto-Auffuehrungen-Gruppe-A-150x84.jpg 150w, https:\/\/www.mauritiusschule-ibb.de\/wp-content\/uploads\/2024\/04\/Foto-Auffuehrungen-Gruppe-A-200x113.jpg 200w, https:\/\/www.mauritiusschule-ibb.de\/wp-content\/uploads\/2024\/04\/Foto-Auffuehrungen-Gruppe-A-450x253.jpg 450w, https:\/\/www.mauritiusschule-ibb.de\/wp-content\/uploads\/2024\/04\/Foto-Auffuehrungen-Gruppe-A-600x338.jpg 600w, https:\/\/www.mauritiusschule-ibb.de\/wp-content\/uploads\/2024\/04\/Foto-Auffuehrungen-Gruppe-A-900x506.jpg 900w, https:\/\/www.mauritiusschule-ibb.de\/wp-content\/uploads\/2024\/04\/Foto-Auffuehrungen-Gruppe-A.jpg 1280w\" sizes=\"auto, (max-width: 1024px) 100vw, 1024px\" \/><\/a><\/figure>\n\n\n\n<figure class=\"wp-block-image size-large is-style-default\"><a href=\"https:\/\/www.mauritiusschule-ibb.de\/wp-content\/uploads\/2024\/04\/Foto-Auffuehrungen-Gruppe-B.jpg\" rel=\"lightbox[5587]\"><img loading=\"lazy\" decoding=\"async\" width=\"1024\" height=\"576\" src=\"https:\/\/www.mauritiusschule-ibb.de\/wp-content\/uploads\/2024\/04\/Foto-Auffuehrungen-Gruppe-B-1024x576.jpg\" alt=\"\" class=\"wp-image-6929\" srcset=\"https:\/\/www.mauritiusschule-ibb.de\/wp-content\/uploads\/2024\/04\/Foto-Auffuehrungen-Gruppe-B-1024x576.jpg 1024w, https:\/\/www.mauritiusschule-ibb.de\/wp-content\/uploads\/2024\/04\/Foto-Auffuehrungen-Gruppe-B-300x169.jpg 300w, https:\/\/www.mauritiusschule-ibb.de\/wp-content\/uploads\/2024\/04\/Foto-Auffuehrungen-Gruppe-B-768x432.jpg 768w, https:\/\/www.mauritiusschule-ibb.de\/wp-content\/uploads\/2024\/04\/Foto-Auffuehrungen-Gruppe-B-100x56.jpg 100w, https:\/\/www.mauritiusschule-ibb.de\/wp-content\/uploads\/2024\/04\/Foto-Auffuehrungen-Gruppe-B-150x84.jpg 150w, https:\/\/www.mauritiusschule-ibb.de\/wp-content\/uploads\/2024\/04\/Foto-Auffuehrungen-Gruppe-B-200x113.jpg 200w, https:\/\/www.mauritiusschule-ibb.de\/wp-content\/uploads\/2024\/04\/Foto-Auffuehrungen-Gruppe-B-450x253.jpg 450w, https:\/\/www.mauritiusschule-ibb.de\/wp-content\/uploads\/2024\/04\/Foto-Auffuehrungen-Gruppe-B-600x338.jpg 600w, https:\/\/www.mauritiusschule-ibb.de\/wp-content\/uploads\/2024\/04\/Foto-Auffuehrungen-Gruppe-B-900x506.jpg 900w, https:\/\/www.mauritiusschule-ibb.de\/wp-content\/uploads\/2024\/04\/Foto-Auffuehrungen-Gruppe-B.jpg 1280w\" sizes=\"auto, (max-width: 1024px) 100vw, 1024px\" \/><\/a><\/figure>\n\n\n\n<figure class=\"wp-block-image size-large is-style-default\"><a href=\"https:\/\/www.mauritiusschule-ibb.de\/wp-content\/uploads\/2024\/04\/Foto-1.jpg\" rel=\"lightbox[5587]\"><img loading=\"lazy\" decoding=\"async\" width=\"1024\" height=\"576\" src=\"https:\/\/www.mauritiusschule-ibb.de\/wp-content\/uploads\/2024\/04\/Foto-1-1024x576.jpg\" alt=\"\" class=\"wp-image-6937\" srcset=\"https:\/\/www.mauritiusschule-ibb.de\/wp-content\/uploads\/2024\/04\/Foto-1-1024x576.jpg 1024w, https:\/\/www.mauritiusschule-ibb.de\/wp-content\/uploads\/2024\/04\/Foto-1-300x169.jpg 300w, https:\/\/www.mauritiusschule-ibb.de\/wp-content\/uploads\/2024\/04\/Foto-1-768x432.jpg 768w, https:\/\/www.mauritiusschule-ibb.de\/wp-content\/uploads\/2024\/04\/Foto-1-100x56.jpg 100w, https:\/\/www.mauritiusschule-ibb.de\/wp-content\/uploads\/2024\/04\/Foto-1-150x84.jpg 150w, https:\/\/www.mauritiusschule-ibb.de\/wp-content\/uploads\/2024\/04\/Foto-1-200x113.jpg 200w, https:\/\/www.mauritiusschule-ibb.de\/wp-content\/uploads\/2024\/04\/Foto-1-450x253.jpg 450w, https:\/\/www.mauritiusschule-ibb.de\/wp-content\/uploads\/2024\/04\/Foto-1-600x338.jpg 600w, https:\/\/www.mauritiusschule-ibb.de\/wp-content\/uploads\/2024\/04\/Foto-1-900x506.jpg 900w, https:\/\/www.mauritiusschule-ibb.de\/wp-content\/uploads\/2024\/04\/Foto-1.jpg 1280w\" sizes=\"auto, (max-width: 1024px) 100vw, 1024px\" \/><\/a><\/figure>\n\n\n\n<figure class=\"wp-block-image size-large is-style-default\"><a href=\"https:\/\/www.mauritiusschule-ibb.de\/wp-content\/uploads\/2024\/04\/Foto-2-scaled.jpeg\" rel=\"lightbox[5587]\"><img loading=\"lazy\" decoding=\"async\" width=\"1024\" height=\"701\" src=\"https:\/\/www.mauritiusschule-ibb.de\/wp-content\/uploads\/2024\/04\/Foto-2-1024x701.jpeg\" alt=\"\" class=\"wp-image-6939\" srcset=\"https:\/\/www.mauritiusschule-ibb.de\/wp-content\/uploads\/2024\/04\/Foto-2-1024x701.jpeg 1024w, https:\/\/www.mauritiusschule-ibb.de\/wp-content\/uploads\/2024\/04\/Foto-2-300x205.jpeg 300w, https:\/\/www.mauritiusschule-ibb.de\/wp-content\/uploads\/2024\/04\/Foto-2-768x525.jpeg 768w, https:\/\/www.mauritiusschule-ibb.de\/wp-content\/uploads\/2024\/04\/Foto-2-1536x1051.jpeg 1536w, https:\/\/www.mauritiusschule-ibb.de\/wp-content\/uploads\/2024\/04\/Foto-2-2048x1401.jpeg 2048w, https:\/\/www.mauritiusschule-ibb.de\/wp-content\/uploads\/2024\/04\/Foto-2-100x68.jpeg 100w, https:\/\/www.mauritiusschule-ibb.de\/wp-content\/uploads\/2024\/04\/Foto-2-150x103.jpeg 150w, https:\/\/www.mauritiusschule-ibb.de\/wp-content\/uploads\/2024\/04\/Foto-2-200x137.jpeg 200w, https:\/\/www.mauritiusschule-ibb.de\/wp-content\/uploads\/2024\/04\/Foto-2-450x308.jpeg 450w, https:\/\/www.mauritiusschule-ibb.de\/wp-content\/uploads\/2024\/04\/Foto-2-600x411.jpeg 600w, https:\/\/www.mauritiusschule-ibb.de\/wp-content\/uploads\/2024\/04\/Foto-2-900x616.jpeg 900w\" sizes=\"auto, (max-width: 1024px) 100vw, 1024px\" \/><\/a><\/figure>\n\n\n\n<figure class=\"wp-block-image size-large is-style-default\"><a href=\"https:\/\/www.mauritiusschule-ibb.de\/wp-content\/uploads\/2024\/04\/Foto-3-scaled.jpeg\" rel=\"lightbox[5587]\"><img loading=\"lazy\" decoding=\"async\" width=\"1024\" height=\"744\" src=\"https:\/\/www.mauritiusschule-ibb.de\/wp-content\/uploads\/2024\/04\/Foto-3-1024x744.jpeg\" alt=\"\" class=\"wp-image-6941\" srcset=\"https:\/\/www.mauritiusschule-ibb.de\/wp-content\/uploads\/2024\/04\/Foto-3-1024x744.jpeg 1024w, https:\/\/www.mauritiusschule-ibb.de\/wp-content\/uploads\/2024\/04\/Foto-3-300x218.jpeg 300w, https:\/\/www.mauritiusschule-ibb.de\/wp-content\/uploads\/2024\/04\/Foto-3-768x558.jpeg 768w, https:\/\/www.mauritiusschule-ibb.de\/wp-content\/uploads\/2024\/04\/Foto-3-1536x1116.jpeg 1536w, https:\/\/www.mauritiusschule-ibb.de\/wp-content\/uploads\/2024\/04\/Foto-3-2048x1487.jpeg 2048w, https:\/\/www.mauritiusschule-ibb.de\/wp-content\/uploads\/2024\/04\/Foto-3-100x73.jpeg 100w, https:\/\/www.mauritiusschule-ibb.de\/wp-content\/uploads\/2024\/04\/Foto-3-150x109.jpeg 150w, https:\/\/www.mauritiusschule-ibb.de\/wp-content\/uploads\/2024\/04\/Foto-3-200x145.jpeg 200w, https:\/\/www.mauritiusschule-ibb.de\/wp-content\/uploads\/2024\/04\/Foto-3-450x327.jpeg 450w, https:\/\/www.mauritiusschule-ibb.de\/wp-content\/uploads\/2024\/04\/Foto-3-600x436.jpeg 600w, https:\/\/www.mauritiusschule-ibb.de\/wp-content\/uploads\/2024\/04\/Foto-3-900x654.jpeg 900w\" sizes=\"auto, (max-width: 1024px) 100vw, 1024px\" \/><\/a><\/figure>\n","protected":false},"excerpt":{"rendered":"<p>Pl\u00f6tzlich wurde aus der Mauritiusschule der Cirkus Mauritio! Das gro\u00dfe Zelt stand mitten auf dem Schulhof und am Montagmorgen f\u00fcllte sich das Zelt mit ArtistInnen und allen Kindern der Schule. Die ArtistInnen kamen den Kindern \u00fcberraschend bekannt vor, standen dort &hellip;<\/p>\n<p class=\"read-more\"> <a class=\"more-link\" href=\"https:\/\/www.mauritiusschule-ibb.de\/?page_id=5587\"> <span class=\"screen-reader-text\">Zirkus Mauritio 2024<\/span> Weiterlesen &raquo;<\/a><\/p>\n","protected":false},"author":8,"featured_media":0,"parent":224,"menu_order":0,"comment_status":"closed","ping_status":"closed","template":"","meta":{"footnotes":""},"class_list":["post-5587","page","type-page","status-publish","hentry"],"_links":{"self":[{"href":"https:\/\/www.mauritiusschule-ibb.de\/index.php?rest_route=\/wp\/v2\/pages\/5587","targetHints":{"allow":["GET"]}}],"collection":[{"href":"https:\/\/www.mauritiusschule-ibb.de\/index.php?rest_route=\/wp\/v2\/pages"}],"about":[{"href":"https:\/\/www.mauritiusschule-ibb.de\/index.php?rest_route=\/wp\/v2\/types\/page"}],"author":[{"embeddable":true,"href":"https:\/\/www.mauritiusschule-ibb.de\/index.php?rest_route=\/wp\/v2\/users\/8"}],"replies":[{"embeddable":true,"href":"https:\/\/www.mauritiusschule-ibb.de\/index.php?rest_route=%2Fwp%2Fv2%2Fcomments&post=5587"}],"version-history":[{"count":17,"href":"https:\/\/www.mauritiusschule-ibb.de\/index.php?rest_route=\/wp\/v2\/pages\/5587\/revisions"}],"predecessor-version":[{"id":6942,"href":"https:\/\/www.mauritiusschule-ibb.de\/index.php?rest_route=\/wp\/v2\/pages\/5587\/revisions\/6942"}],"up":[{"embeddable":true,"href":"https:\/\/www.mauritiusschule-ibb.de\/index.php?rest_route=\/wp\/v2\/pages\/224"}],"wp:attachment":[{"href":"https:\/\/www.mauritiusschule-ibb.de\/index.php?rest_route=%2Fwp%2Fv2%2Fmedia&parent=5587"}],"curies":[{"name":"wp","href":"https:\/\/api.w.org\/{rel}","templated":true}]}}