{"id":3496,"date":"2018-05-25T14:31:36","date_gmt":"2018-05-25T12:31:36","guid":{"rendered":"http:\/\/www.mauritiusschule-ibb.de\/?page_id=3496"},"modified":"2025-03-30T19:54:55","modified_gmt":"2025-03-30T17:54:55","slug":"datenschutzerklaerung","status":"publish","type":"page","link":"https:\/\/www.mauritiusschule-ibb.de\/?page_id=3496","title":{"rendered":"Datenschutzerkl\u00e4rung"},"content":{"rendered":"<p>Der Betreiber des vorliegenden Angebotes nimmt den Datenschutz ernst. Die Nutzung des Angebots ist, sofern nicht explizit darauf hingewiesen wird, ohne die Angabe von personenbezogenen Daten m\u00f6glich. Falls personenbezogene Daten, z. B. Name, Adresse, Telefonnummer, E-Mail-Adresse, erhoben werden, erfolgt dies auf freiwilliger Basis. Die erhobenen Daten werden nur f\u00fcr die bei der Erhebung angegeben Zwecke verarbeitet und ohne explizite Zustimmung nicht an Dritte weitergegeben.<\/p>\n<p>Trotz der ergriffenen technischen und organisatorischen Ma\u00dfnahmen zur Sicherheit der verarbeiteten Daten nach dem Stand der Technik ist ein l\u00fcckenloser Schutz bei einer Daten\u00fcbertragung \u00fcber das Internet, z. B. bei der Kommunikation per E-Mail oder der Nutzung freier, ungesch\u00fctzter WLAN-Hot-Spots, und dadurch ggf. ein unrechtm\u00e4\u00dfiger Zugriff durch unberechtigte Dritte, nicht m\u00f6glich.<\/p>\n<h3>Server-Log-Files<\/h3>\n<p>Bei der Nutzung des vorliegenden Angebotes werden durch den technischen Bereitsteller automatisch Informationen in so genannten Server-Log Files, die der verwendete Internetbrowser automatisch \u00fcbermittelt, erhoben und gespeichert. In den Log-Files sind folgende Daten enthalten:<\/p>\n<ul>\n<li>&#8211;\u00a0Datum und Uhrzeit des Zugriffs<\/li>\n<li>&#8211; IP-Adresse<\/li>\n<li>&#8211;\u00a0Hostname des zugreifenden Rechners<\/li>\n<li>&#8211;\u00a0Website, von der aus die Website aufgerufen wurde<\/li>\n<li>&#8211;\u00a0Websites, die \u00fcber die Website aufgerufen werden<\/li>\n<li>&#8211;\u00a0Besuchte Seite auf unserer Website<\/li>\n<li>&#8211;\u00a0Meldung, ob der Abruf erfolgreich war<\/li>\n<li>&#8211;\u00a0\u00dcbertragene Datenmenge<\/li>\n<li>&#8211;\u00a0Informationen \u00fcber den Browsertyp und die verwendete Version<\/li>\n<li>&#8211;\u00a0Betriebssystem<\/li>\n<\/ul>\n<p>Die Daten dienen der Gew\u00e4hrleistung eines st\u00f6rungsfreien Betriebs des Angebotes und sind bestimmten Personen nicht zuordenbar. Eine Zusammenf\u00fchrung dieser Daten mit anderen Datenquellen wird nicht vorgenommen.<\/p>\n<h3>Cookies<\/h3>\n<p>Bei der Bereitstellung des vorliegenden Angebotes werden Cookies verwendet und auf Ihrem System abgelegt. Die Cookies werden zu den folgenden Zwecken verwendet:<\/p>\n<ul>\n<li>Erh\u00f6hung der Nutzerfreundlichkeit und Verbesserung des Nutzererlebnisses des Angebotes<\/li>\n<li>Analyse des Surfverhaltens<\/li>\n<\/ul>\n<p>Die Verarbeitung der durch die im Rahmen des Setzens von Cookies verarbeiteten Daten erfolgt auf Grundlage von \u00a7 25 TTDSG sowie Art. 6 (1) lit. f DSGVO aus dem berechtigten Interesse an den oben genannten Zwecken. Die erhobenen Daten werden durch technische Ma\u00dfnahmen anonymisiert, dadurch ist eine Zuordnung der Daten zu Ihrer Person nicht m\u00f6glich.<br \/>\nDurch entsprechende Einstellungen in dem f\u00fcr die Nutzung des Angebotes eingesetzten Internetbrowsers k\u00f6nnen die Speicherung und \u00dcbermittlung der damit einhergehenden Daten verhindern und bereits abgelegte Cookies gel\u00f6scht werden. Dies kann jedoch zur Folge haben, dass nicht s\u00e4mtliche Funktionen des Angebots vollumf\u00e4nglich genutzt werden k\u00f6nnen.<\/p>\n<h3>Kontakt- und Bestellformulare<\/h3>\n<p>Es besteht ggf. das Angebot, auf elektronischem Wege Anfragen zu stellen und Bestellungen von Materialien vorzunehmen. Die zu diesen Zwecken erhobenen Daten werden nur f\u00fcr die Bearbeitung und Abwicklung der Anfragen bzw. Bestellungen sowie f\u00fcr Anschlussfragen verarbeitet. Die Daten werden nicht an unberechtigte Dritte weitergegeben. Ggf. erfolgt der Postversand von bestellten Materialien \u00fcber von dem Anbieter des Angebots beauftragten externen Dienstleistern, an welche die f\u00fcr den Versand erforderlichen Daten \u00fcbermittelt werden.<\/p>\n<h3>Newsletter<\/h3>\n<p>Es besteht ggf. das Angebot, Newsletter zu abonnieren. Dazu wird eine E-Mail-Adresse sowie Informationen, welche die \u00dcberpr\u00fcfung der rechtm\u00e4\u00dfigen Inhaberschaft und die Einwilligung in den Empfang des Newsletterangebots ben\u00f6tigt.<br \/>\nEine erteilte Einwilligung in die Verarbeitung der Daten zum Versand der Newsletter kann jederzeit, etwa \u00fcber den &#8222;Austragen&#8220;-Link in den Newslettern, widerrufen werden.<\/p>\n<h3>L\u00f6schung und Sperrung von personenbezogenen Daten<\/h3>\n<p>Personenbezogene Daten werden nur f\u00fcr den Zeitraum gespeichert und verarbeitet, wie es die bei der Erhebung angegebenen Zwecke erfordern, oder soweit dies Gesetze und Vorschriften, denen der Verantwortliche unterworfen ist, vorsehen.<br \/>\nEntf\u00e4llt der bei der Erhebung angegebene Zweck, oder laufen gesetzm\u00e4\u00dfige Speicherfristen ab, werden die gespeicherten Daten gel\u00f6scht.<\/p>\n<h3>Rechte Betroffener<\/h3>\n<h4><strong>a. Recht auf Auskunft<\/strong><\/h4>\n<p>Sie k\u00f6nnen Auskunft nach Art. 15 DSGVO \u00fcber Ihre personenbezogenen Daten verlangen, die wir verarbeiten.<\/p>\n<h4><strong>b. Recht auf Widerspruch:<\/strong><\/h4>\n<p>Sie haben ein Recht auf Widerspruch aus besonderen Gr\u00fcnden (siehe unter Punkt II).<\/p>\n<h4><strong>c. Recht auf Berichtigung<\/strong><\/h4>\n<p>Sollten die Sie betreffenden Angaben nicht (mehr) zutreffend sein, k\u00f6nnen Sie nach Art. 16 DSGVO eine Berichtigung verlangen. Sollten Ihre Daten unvollst\u00e4ndig sein, k\u00f6nnen Sie eine Vervollst\u00e4ndigung verlangen.<\/p>\n<h4><strong>d. Recht auf L\u00f6schung<\/strong><\/h4>\n<p>Sie k\u00f6nnen nach Art. 17 DSGVO die L\u00f6schung Ihrer personenbezogenen Daten verlangen.<\/p>\n<h4><strong>e. Recht auf Einschr\u00e4nkung der Verarbeitung<\/strong><\/h4>\n<p>Sie haben nach Art. 18 DSGVO das Recht, eine Einschr\u00e4nkung der Verarbeitung Ihrer personenbezogenen Daten zu verlangen.<\/p>\n<h4><strong>f. Recht auf Beschwerde<\/strong><\/h4>\n<p>Wenn Sie der Ansicht sind, dass die Verarbeitung Ihrer personenbezogenen Daten gegen Datenschutzrecht verst\u00f6\u00dft, haben Sie nach Ar. 77 Abs. 1 DSGVO das Recht, sich bei einer Datenschutzaufsichtsbeh\u00f6rde eigener Wahl zu beschweren. Hierzu geh\u00f6rt auch die f\u00fcr den Verantwortlichen zust\u00e4ndige Datenschutzaufsichtsbeh\u00f6rde: Landesbeauftragte f\u00fcr Datenschutz und Informationsfreiheit Nordrhein-Westfalen,\u00a0<a href=\"https:\/\/www.ldi.nrw.de\/kontakt\/ihre-beschwerde\">https:\/\/www.ldi.nrw.de\/kontakt\/ihre-beschwerde<\/a>.<\/p>\n<h4><strong>g. Recht auf Daten\u00fcbertragbarkeit<\/strong><\/h4>\n<p>F\u00fcr den Fall, dass die Voraussetzungen des Art. 20 Abs. 1 DSGVO vorliegen, steht Ihnen das Recht zu, sich Daten, die wir auf Grundlage Ihrer Einwilligung oder in Erf\u00fcllung eines Vertrags automatisiert verarbeiten, an sich oder an Dritte aush\u00e4ndigen zu lassen. Die Erfassung der Daten zur Bereitstellung der Website und die Speicherung der Protokolldateien sind f\u00fcr den Betrieb der Internetseite zwingend erforderlich. Sie beruhen daher nicht auf einer Einwilligung nach Art. 6 Abs. 1 Buchstabe a DSGVO oder auf einem Vertrag nach Art. 6 Abs. 1 Buchstabe b DSGVO, sondern sind nach Art. 6 Abs. 1 Buchstabe f DSGVO gerechtfertigt. Die Voraussetzungen des Art. 20 Abs. 1 DSGVO sind demnach insoweit nicht erf\u00fcllt.<\/p>\n<h3>II. Recht auf Widerspruch gem\u00e4\u00df Art. 21 Abs. 1 DSGVO<\/h3>\n<p>Sie haben das Recht, aus Gr\u00fcnden, die sich aus Ihrer besonderen Situation ergeben, jederzeit gegen die Verarbeitung Ihrer personenbezogenen Daten, die aufgrund von Artikel 6 Abs. 1 Buchstabe f DSGVO erfolgt, Widerspruch einzulegen. Der Verantwortliche verarbeitet die personenbezogenen Daten dann nicht mehr, es sei denn, er kann zwingende schutzw\u00fcrdige Gr\u00fcnde f\u00fcr die Verarbeitung nachweisen, die die Interessen, Rechte und Freiheiten der betroffenen Person \u00fcberwiegen, oder die Verarbeitung dient der Geltendmachung, Aus\u00fcbung oder Verteidigung von Rechtsanspr\u00fcchen. Die Erfassung der Daten zur Bereitstellung der Website und die Speicherung der Protokolldateien sind f\u00fcr den Betrieb der Internetseite zwingend erforderlich.<\/p>\n<p>Sollten Betroffene annehmen, dass ihre Daten unrechtm\u00e4\u00dfig verarbeitet wurden, k\u00f6nnen sie sich auch an die Landesbeauftragte f\u00fcr Datenschutz und Informationsfreiheit NRW, Kavalleriestr. 2-4, 40213 D\u00fcsseldorf, wenden.<\/p>\n","protected":false},"excerpt":{"rendered":"<p>Der Betreiber des vorliegenden Angebotes nimmt den Datenschutz ernst. Die Nutzung des Angebots ist, sofern nicht explizit darauf hingewiesen wird, ohne die Angabe von personenbezogenen Daten m\u00f6glich. Falls personenbezogene Daten, z. B. Name, Adresse, Telefonnummer, E-Mail-Adresse, erhoben werden, erfolgt dies &hellip;<\/p>\n<p class=\"read-more\"> <a class=\"more-link\" href=\"https:\/\/www.mauritiusschule-ibb.de\/?page_id=3496\"> <span class=\"screen-reader-text\">Datenschutzerkl\u00e4rung<\/span> Weiterlesen &raquo;<\/a><\/p>\n","protected":false},"author":8,"featured_media":0,"parent":0,"menu_order":0,"comment_status":"closed","ping_status":"closed","template":"","meta":{"footnotes":""},"class_list":["post-3496","page","type-page","status-publish","hentry"],"_links":{"self":[{"href":"https:\/\/www.mauritiusschule-ibb.de\/index.php?rest_route=\/wp\/v2\/pages\/3496","targetHints":{"allow":["GET"]}}],"collection":[{"href":"https:\/\/www.mauritiusschule-ibb.de\/index.php?rest_route=\/wp\/v2\/pages"}],"about":[{"href":"https:\/\/www.mauritiusschule-ibb.de\/index.php?rest_route=\/wp\/v2\/types\/page"}],"author":[{"embeddable":true,"href":"https:\/\/www.mauritiusschule-ibb.de\/index.php?rest_route=\/wp\/v2\/users\/8"}],"replies":[{"embeddable":true,"href":"https:\/\/www.mauritiusschule-ibb.de\/index.php?rest_route=%2Fwp%2Fv2%2Fcomments&post=3496"}],"version-history":[{"count":12,"href":"https:\/\/www.mauritiusschule-ibb.de\/index.php?rest_route=\/wp\/v2\/pages\/3496\/revisions"}],"predecessor-version":[{"id":7468,"href":"https:\/\/www.mauritiusschule-ibb.de\/index.php?rest_route=\/wp\/v2\/pages\/3496\/revisions\/7468"}],"wp:attachment":[{"href":"https:\/\/www.mauritiusschule-ibb.de\/index.php?rest_route=%2Fwp%2Fv2%2Fmedia&parent=3496"}],"curies":[{"name":"wp","href":"https:\/\/api.w.org\/{rel}","templated":true}]}}