{"id":245,"date":"2014-01-07T21:54:55","date_gmt":"2014-01-07T20:54:55","guid":{"rendered":"http:\/\/neu.mauritiusschule-ibb.de\/?page_id=245"},"modified":"2026-04-09T22:27:14","modified_gmt":"2026-04-09T20:27:14","slug":"schulregeln","status":"publish","type":"page","link":"https:\/\/www.mauritiusschule-ibb.de\/?page_id=245","title":{"rendered":"Schulregeln"},"content":{"rendered":"\n<p><\/p>\n\n\n\n<h3 class=\"wp-block-heading has-text-align-center has-text-color has-link-color wp-elements-98e3c832f8bfaf53cc8df4f280f6b2a1\" style=\"color:#19a270\"><strong>Jeder soll sich in der Schule wohlf\u00fchlen.<\/strong><\/h3>\n\n\n\n<p>Schon im ersten Schuljahr erarbeitet Igel Igor mit uns, was es braucht, um gemeinsam lernen zu k\u00f6nnen und respektvoll miteinander umzugehen. Hierbei werden alle Sch\u00fclerinnen und Sch\u00fcler aktiv mit einbezogen und geh\u00f6rt. Dieses findet in allen Klassen regelm\u00e4\u00dfig im <strong>Klassenrat<\/strong> statt, in dem unser Miteinander gemeinsam reflektiert wird, Probleme benannt und konstruktiv gel\u00f6st werden. <\/p>\n\n\n\n<p>F\u00fcr Probleme, Anliegen und W\u00fcnsche, die die gesamte Sch\u00fclerschaft betreffen, bekommen die Sch\u00fclerinnen und Sch\u00fcler in der <strong>Kinderkonferenz<\/strong> eine Stimme zur Mitbestimmung und -gestaltung.<\/p>\n\n\n<p><a href=\"https:\/\/www.mauritiusschule-ibb.de\/wp-content\/uploads\/2022\/05\/Unsere-Schulregeln-scaled.jpg\" rel=\"lightbox[245]\"><img loading=\"lazy\" decoding=\"async\" class=\"wp-image-5938 aligncenter\" src=\"https:\/\/www.mauritiusschule-ibb.de\/wp-content\/uploads\/2022\/05\/Unsere-Schulregeln-212x300.jpg\" alt=\"\" width=\"465\" height=\"659\" srcset=\"https:\/\/www.mauritiusschule-ibb.de\/wp-content\/uploads\/2022\/05\/Unsere-Schulregeln-212x300.jpg 212w, https:\/\/www.mauritiusschule-ibb.de\/wp-content\/uploads\/2022\/05\/Unsere-Schulregeln-724x1024.jpg 724w, https:\/\/www.mauritiusschule-ibb.de\/wp-content\/uploads\/2022\/05\/Unsere-Schulregeln-768x1086.jpg 768w, https:\/\/www.mauritiusschule-ibb.de\/wp-content\/uploads\/2022\/05\/Unsere-Schulregeln-1086x1536.jpg 1086w, https:\/\/www.mauritiusschule-ibb.de\/wp-content\/uploads\/2022\/05\/Unsere-Schulregeln-1448x2048.jpg 1448w, https:\/\/www.mauritiusschule-ibb.de\/wp-content\/uploads\/2022\/05\/Unsere-Schulregeln-100x141.jpg 100w, https:\/\/www.mauritiusschule-ibb.de\/wp-content\/uploads\/2022\/05\/Unsere-Schulregeln-150x212.jpg 150w, https:\/\/www.mauritiusschule-ibb.de\/wp-content\/uploads\/2022\/05\/Unsere-Schulregeln-200x283.jpg 200w, https:\/\/www.mauritiusschule-ibb.de\/wp-content\/uploads\/2022\/05\/Unsere-Schulregeln-300x424.jpg 300w, https:\/\/www.mauritiusschule-ibb.de\/wp-content\/uploads\/2022\/05\/Unsere-Schulregeln-600x849.jpg 600w, https:\/\/www.mauritiusschule-ibb.de\/wp-content\/uploads\/2022\/05\/Unsere-Schulregeln-900x1273.jpg 900w, https:\/\/www.mauritiusschule-ibb.de\/wp-content\/uploads\/2022\/05\/Unsere-Schulregeln-scaled.jpg 1810w\" sizes=\"auto, (max-width: 465px) 100vw, 465px\" \/><\/a><\/p>\n\n\n<p><\/p>\n","protected":false},"excerpt":{"rendered":"<p>Jeder soll sich in der Schule wohlf\u00fchlen. Schon im ersten Schuljahr erarbeitet Igel Igor mit uns, was es braucht, um gemeinsam lernen zu k\u00f6nnen und respektvoll miteinander umzugehen. Hierbei werden alle Sch\u00fclerinnen und Sch\u00fcler aktiv mit einbezogen und geh\u00f6rt. Dieses &hellip;<\/p>\n<p class=\"read-more\"> <a class=\"more-link\" href=\"https:\/\/www.mauritiusschule-ibb.de\/?page_id=245\"> <span class=\"screen-reader-text\">Schulregeln<\/span> Weiterlesen &raquo;<\/a><\/p>\n","protected":false},"author":6,"featured_media":0,"parent":85,"menu_order":0,"comment_status":"closed","ping_status":"closed","template":"","meta":{"footnotes":""},"class_list":["post-245","page","type-page","status-publish","hentry"],"_links":{"self":[{"href":"https:\/\/www.mauritiusschule-ibb.de\/index.php?rest_route=\/wp\/v2\/pages\/245","targetHints":{"allow":["GET"]}}],"collection":[{"href":"https:\/\/www.mauritiusschule-ibb.de\/index.php?rest_route=\/wp\/v2\/pages"}],"about":[{"href":"https:\/\/www.mauritiusschule-ibb.de\/index.php?rest_route=\/wp\/v2\/types\/page"}],"author":[{"embeddable":true,"href":"https:\/\/www.mauritiusschule-ibb.de\/index.php?rest_route=\/wp\/v2\/users\/6"}],"replies":[{"embeddable":true,"href":"https:\/\/www.mauritiusschule-ibb.de\/index.php?rest_route=%2Fwp%2Fv2%2Fcomments&post=245"}],"version-history":[{"count":12,"href":"https:\/\/www.mauritiusschule-ibb.de\/index.php?rest_route=\/wp\/v2\/pages\/245\/revisions"}],"predecessor-version":[{"id":8218,"href":"https:\/\/www.mauritiusschule-ibb.de\/index.php?rest_route=\/wp\/v2\/pages\/245\/revisions\/8218"}],"up":[{"embeddable":true,"href":"https:\/\/www.mauritiusschule-ibb.de\/index.php?rest_route=\/wp\/v2\/pages\/85"}],"wp:attachment":[{"href":"https:\/\/www.mauritiusschule-ibb.de\/index.php?rest_route=%2Fwp%2Fv2%2Fmedia&parent=245"}],"curies":[{"name":"wp","href":"https:\/\/api.w.org\/{rel}","templated":true}]}}