{"id":1852,"date":"2015-11-26T14:47:34","date_gmt":"2015-11-26T13:47:34","guid":{"rendered":"http:\/\/www.mauritiusschule-ibb.de\/?page_id=1852"},"modified":"2023-11-20T13:06:11","modified_gmt":"2023-11-20T12:06:11","slug":"wochenangebote","status":"publish","type":"page","link":"https:\/\/www.mauritiusschule-ibb.de\/?page_id=1852","title":{"rendered":"Wochenangebote"},"content":{"rendered":"\n<p><\/p>\n\n\n<h2>In der Offenen Ganztagsschule an der Mauritiusschule entdecken wir die Welt der <span style=\"color: #ff0000;\">&#8222;<span style=\"color: #0000ff;\">F<\/span><span style=\"color: #ff6600;\">r<\/span><span style=\"color: #008000;\">e<\/span><span style=\"color: #ff00ff;\">u<\/span><span style=\"color: #ffff00;\">n<\/span><span style=\"color: #800080;\">d<\/span>s<span style=\"color: #993300;\">c<\/span><span style=\"color: #008000;\">h<\/span><span style=\"color: #33cccc;\">a<\/span><span style=\"color: #ff6600;\">f<\/span><span style=\"color: #000080;\">t<\/span>\u201c<\/span> in all ihren <span style=\"color: #ff6600;\">f<\/span><span style=\"color: #008000;\">a<\/span><span style=\"color: #ff0000;\">s<\/span><span style=\"color: #0000ff;\">z<\/span><span style=\"color: #ffff00;\">i<\/span><span style=\"color: #800080;\">n<\/span><span style=\"color: #99cc00;\">i<\/span><span style=\"color: #00ff00;\">e<\/span><span style=\"color: #ff00ff;\">r<\/span><span style=\"color: #333399;\">e<\/span><span style=\"color: #993300;\">n<\/span><span style=\"color: #ff0000;\">d<\/span><span style=\"color: #ff6600;\">e<\/span><span style=\"color: #0000ff;\">n<\/span> <span style=\"color: #33cccc;\">F<\/span><span style=\"color: #800080;\">a<\/span><span style=\"color: #ff6600;\">r<\/span><span style=\"color: #00ff00;\">b<\/span><span style=\"color: #ff0000;\">e<\/span><span style=\"color: #0000ff;\">n<\/span>!<\/h2>\n<h3>Unser Motto lautet <span style=\"color: #0000ff;\">&#8222;Freundschaft hat viele Farben&#8220;<\/span> und gemeinsam mit den Kindern gestalten wir eine bunte Palette an Aktivit\u00e4ten, die diese Vielfalt widerspiegeln.<\/h3>\n<h3>Die Kinder lieben es kreativ zu sein! Deshalb entstehen in unserer Bastelwerkstatt kunterbunte Freundschaftsb\u00e4nder, Geburtskalender und Steckbriefe. Das selbstgemalte Kamishibai erz\u00e4hlt auf eine besondere Weise Geschichten von der Freundschaft.<\/h3>\n<h3>Doch nicht nur in der Schule, auch au\u00dferhalb des Ganztags lassen wir Freundschaft erbl\u00fchen. Unsere Kinder besuchen regelm\u00e4\u00dfig das Seniorenheim, singen und basteln dort gemeinsam mit den Bewohnern und schenken ihnen damit sehr viel Freude.<\/h3>\n<h3>Gemeinsam erleben wir \u201eVielfalt im Garten\u201c und lassen beim Freundschafts-Mobile unsere Gemeinschaft im Raum erwachen.<\/h3>\n<h3>In der Back-AG zaubern wir leckere K\u00f6stlichkeiten, w\u00e4hrend wir in der Collagen-Werkstatt das &#8222;Wir-Gef\u00fchl&#8220; st\u00e4rken.<\/h3>\n<h3>Freundeb\u00fccher und -geschichten werden mit Begeisterung verfasst und die Musik-AG, der Kinderchor und das Klassenmemorie sorgen f\u00fcr musikalische Freundschaftserlebnisse.<\/h3>\n<h3>Auch handwerklich sind wir aktiv: Wir h\u00e4keln, stricken und n\u00e4hen gemeinsam, wobei jedes Werkst\u00fcck eine Spur der Verbundenheit tr\u00e4gt. Tanzen und Singen geh\u00f6ren zu unserem Alltag, genauso wie Bewegungsspiele drau\u00dfen und in der Turnhalle.<\/h3>\n<h3><span style=\"color: #ff6600;\">So<\/span> <span style=\"color: #008000;\">wird<\/span> <span style=\"color: #ff0000;\">Freundschaft<\/span> <span style=\"color: #ffff00;\">in<\/span> <span style=\"color: #0000ff;\">all<\/span> <span style=\"color: #800080;\">ihren<\/span> <span style=\"color: #993300;\">Farben<\/span> <span style=\"color: #33cccc;\">erlebt<\/span><span style=\"color: #ff0000;\">!<\/span><\/h3>\n<h3>\u00a0<\/h3>\n<hr \/>\n<table style=\"height: 7px;\" width=\"1367\">\n<tbody>\n<tr>\n<td>\n<h3>\u00a0<\/h3>\n<\/td>\n<\/tr>\n<\/tbody>\n<\/table>\n\n\n<figure class=\"wp-block-image size-large is-style-default\"><a href=\"https:\/\/www.mauritiusschule-ibb.de\/wp-content\/uploads\/2023\/04\/Kinderrechte-1.jpg\" rel=\"lightbox[1852]\"><img loading=\"lazy\" decoding=\"async\" width=\"1024\" height=\"396\" src=\"https:\/\/www.mauritiusschule-ibb.de\/wp-content\/uploads\/2023\/04\/Kinderrechte-1-1024x396.jpg\" alt=\"\" class=\"wp-image-6281\" srcset=\"https:\/\/www.mauritiusschule-ibb.de\/wp-content\/uploads\/2023\/04\/Kinderrechte-1-1024x396.jpg 1024w, https:\/\/www.mauritiusschule-ibb.de\/wp-content\/uploads\/2023\/04\/Kinderrechte-1-300x116.jpg 300w, https:\/\/www.mauritiusschule-ibb.de\/wp-content\/uploads\/2023\/04\/Kinderrechte-1-768x297.jpg 768w, https:\/\/www.mauritiusschule-ibb.de\/wp-content\/uploads\/2023\/04\/Kinderrechte-1-100x39.jpg 100w, https:\/\/www.mauritiusschule-ibb.de\/wp-content\/uploads\/2023\/04\/Kinderrechte-1-150x58.jpg 150w, https:\/\/www.mauritiusschule-ibb.de\/wp-content\/uploads\/2023\/04\/Kinderrechte-1-200x77.jpg 200w, https:\/\/www.mauritiusschule-ibb.de\/wp-content\/uploads\/2023\/04\/Kinderrechte-1-450x174.jpg 450w, https:\/\/www.mauritiusschule-ibb.de\/wp-content\/uploads\/2023\/04\/Kinderrechte-1-600x232.jpg 600w, https:\/\/www.mauritiusschule-ibb.de\/wp-content\/uploads\/2023\/04\/Kinderrechte-1-900x348.jpg 900w, https:\/\/www.mauritiusschule-ibb.de\/wp-content\/uploads\/2023\/04\/Kinderrechte-1.jpg 1279w\" sizes=\"auto, (max-width: 1024px) 100vw, 1024px\" \/><\/a><\/figure>\n\n\n\n<p class=\"has-button-hover-text-color-background-color has-text-color has-background has-normal-font-size\" style=\"color:#cc1c00\">Die Kinder haben sich einige Kinderrechte ausgesucht, die wir anschlie\u00dfend gemeinsam mit Inhalt gef\u00fcllt haben: <\/p>\n\n\n\n<ol class=\"wp-block-list\">\n<li><span style=\"color: #008000;\"><strong>Recht auf Bewegung<\/strong><\/span> <br><br>In der Sporthalle haben wir Bewegungshaltestellen aufgebaut, die die Kinder mit gro\u00dfem Arrangement und Anstrengung abgearbeitet und viele Stempel in ihrem &#8222;Laufpass&#8220; gesammelt haben. Daf\u00fcr gab es anschlie\u00dfend eine sch\u00f6ne Belohnung! <br>Auch ein gro\u00dfes Fu\u00dfballturnier fand regen Zuspruch bei allen kleinen Fu\u00dfballprofis und denen, die es noch werden m\u00f6chten.<br><br><\/li>\n\n\n\n<li><span style=\"color: #008080;\"><strong>Recht auf Ruhe<\/strong><\/span> <br><br>Mit gro\u00dfen Sitzkissen, einer Leseecke, Puzzle und Memorie Spielen, einer Malecke und einem Webtisch haben sich die Kinder im KUBU einen Ruheraum geschaffen in dem &#8222;Alle&#8220; darauf achten, dass nur leise vorgelesen, erz\u00e4hlt, gemalt, gespielt und handgearbeitet wird!<br><br><\/li>\n\n\n\n<li><span style=\"color: #ff6600;\"><strong> Recht auf Bildung<\/strong><\/span><br><br>Mit viel Spa\u00df und tollen Ideen wurden selbstst\u00e4ndig eigene Quiz und Kreuzwortr\u00e4tsel kreiert! Die Kinder durchforsteten mit viel Interesse Zeitschriften, Lexika und das Internet um zu schauen, wo sie die meisten Informationen zu selbst ausgesuchten Themen bekommen k\u00f6nnen.<br><br><\/li>\n\n\n\n<li><span style=\"color: #993366;\"><strong>Recht auf Kreativit\u00e4t<\/strong><\/span> <br><br>Auch eine &#8222;Kellerentr\u00fcmpelung&#8220; kann die Kreativit\u00e4t der Kinder anfeuern! Mit allen m\u00f6glichen gesammelten Gegenst\u00e4nden (Yoghurtbecher, Papierrollen, Wein- und Kronkorken, Pappschachteln, Styroporkugeln, Tannenzapfen, Bierdeckel,&#8230;) die gro\u00dfz\u00fcgig ausgegeben wurden, haben die Kinder nach ihren eigenen Ideen Figuren, Aquarien, Fahrzeuge, Rasseln,Geb\u00e4ude,&#8230;gebastelt und ausgestellt!<\/li>\n<\/ol>\n\n\n<p>Auch nach den Sommerferien 2022 ist das Thema <em><strong><span style=\"color: #008000;\">&#8222;Wetter, Klima und Umwelt&#8220;<\/span><\/strong><\/em> immer noch aktuell.<\/p>\n<p>Jahrgangs\u00fcbergreifend finden bei uns aber auch noch viele andere tolle Angebote statt:<\/p>\n<p><em><strong>Montag:<\/strong><\/em><\/p>\n<ul>\n<li>12.30 &#8211; 13.15 Uhr: &#8222;<strong><span style=\"color: #993300;\"><em>Naturgeschichten<\/em> <\/span><\/strong>vorlesen&#8220;<\/li>\n<li>13.00 &#8211; 13.30 Uhr: &#8222;<span style=\"color: #ff6600;\">Wir experimentieren mit Musikinstrumenten<\/span>&#8222;<\/li>\n<li>13.15 &#8211; 14.00 Uhr: &#8222;<strong><span style=\"color: #00ff00;\"><em>Ab ins Beet<\/em><\/span><\/strong>&#8220; &#8211; hier entsteht unter anderem ein neues <span style=\"color: #ff00ff;\"><em><strong>Staudenbeet<\/strong><\/em><\/span> auf dem Schulhof! <a href=\"https:\/\/www.mauritiusschule-ibb.de\/wp-content\/uploads\/2022\/09\/Natur-scaled.jpg\" rel=\"lightbox[1852]\"><img loading=\"lazy\" decoding=\"async\" class=\"alignnone size-medium wp-image-6121\" src=\"https:\/\/www.mauritiusschule-ibb.de\/wp-content\/uploads\/2022\/09\/Natur-300x235.jpg\" alt=\"\" width=\"300\" height=\"235\" srcset=\"https:\/\/www.mauritiusschule-ibb.de\/wp-content\/uploads\/2022\/09\/Natur-300x235.jpg 300w, https:\/\/www.mauritiusschule-ibb.de\/wp-content\/uploads\/2022\/09\/Natur-1024x802.jpg 1024w, https:\/\/www.mauritiusschule-ibb.de\/wp-content\/uploads\/2022\/09\/Natur-768x602.jpg 768w, https:\/\/www.mauritiusschule-ibb.de\/wp-content\/uploads\/2022\/09\/Natur-1536x1203.jpg 1536w, https:\/\/www.mauritiusschule-ibb.de\/wp-content\/uploads\/2022\/09\/Natur-2048x1604.jpg 2048w, https:\/\/www.mauritiusschule-ibb.de\/wp-content\/uploads\/2022\/09\/Natur-100x78.jpg 100w, https:\/\/www.mauritiusschule-ibb.de\/wp-content\/uploads\/2022\/09\/Natur-150x118.jpg 150w, https:\/\/www.mauritiusschule-ibb.de\/wp-content\/uploads\/2022\/09\/Natur-200x157.jpg 200w, https:\/\/www.mauritiusschule-ibb.de\/wp-content\/uploads\/2022\/09\/Natur-450x353.jpg 450w, https:\/\/www.mauritiusschule-ibb.de\/wp-content\/uploads\/2022\/09\/Natur-600x470.jpg 600w, https:\/\/www.mauritiusschule-ibb.de\/wp-content\/uploads\/2022\/09\/Natur-900x705.jpg 900w\" sizes=\"auto, (max-width: 300px) 100vw, 300px\" \/><\/a><a href=\"https:\/\/www.mauritiusschule-ibb.de\/wp-content\/uploads\/2022\/09\/Staudenbeet-scaled.jpg\" rel=\"lightbox[1852]\"><img loading=\"lazy\" decoding=\"async\" class=\"alignright wp-image-6117 size-medium\" src=\"https:\/\/www.mauritiusschule-ibb.de\/wp-content\/uploads\/2022\/09\/Staudenbeet-300x225.jpg\" alt=\"\" width=\"300\" height=\"225\" srcset=\"https:\/\/www.mauritiusschule-ibb.de\/wp-content\/uploads\/2022\/09\/Staudenbeet-300x225.jpg 300w, https:\/\/www.mauritiusschule-ibb.de\/wp-content\/uploads\/2022\/09\/Staudenbeet-1024x768.jpg 1024w, https:\/\/www.mauritiusschule-ibb.de\/wp-content\/uploads\/2022\/09\/Staudenbeet-768x576.jpg 768w, https:\/\/www.mauritiusschule-ibb.de\/wp-content\/uploads\/2022\/09\/Staudenbeet-1536x1152.jpg 1536w, https:\/\/www.mauritiusschule-ibb.de\/wp-content\/uploads\/2022\/09\/Staudenbeet-2048x1536.jpg 2048w, https:\/\/www.mauritiusschule-ibb.de\/wp-content\/uploads\/2022\/09\/Staudenbeet-100x75.jpg 100w, https:\/\/www.mauritiusschule-ibb.de\/wp-content\/uploads\/2022\/09\/Staudenbeet-150x113.jpg 150w, https:\/\/www.mauritiusschule-ibb.de\/wp-content\/uploads\/2022\/09\/Staudenbeet-200x150.jpg 200w, https:\/\/www.mauritiusschule-ibb.de\/wp-content\/uploads\/2022\/09\/Staudenbeet-450x338.jpg 450w, https:\/\/www.mauritiusschule-ibb.de\/wp-content\/uploads\/2022\/09\/Staudenbeet-600x450.jpg 600w, https:\/\/www.mauritiusschule-ibb.de\/wp-content\/uploads\/2022\/09\/Staudenbeet-900x675.jpg 900w\" sizes=\"auto, (max-width: 300px) 100vw, 300px\" \/><\/a><\/li>\n<\/ul>\n<p><em><strong>Dienstag:<\/strong><\/em><\/p>\n<ul>\n<li>12.30 &#8211; 13.15 Uhr: &#8222;<strong><span style=\"color: #000080;\">Vorlesezeit<\/span><\/strong>&#8220; in der Bibliothek<\/li>\n<li>13.15 &#8211; 14.00 Uhr: &#8222;<strong><em><span style=\"color: #00ff00;\">Ab ins Beet<\/span><\/em><\/strong>&#8222;- hier entsteht ein &#8222;<em><strong><span style=\"color: #ff6600;\">Barfu\u00df-Weg<\/span><\/strong><\/em>&#8220; im Schulgarten!<\/li>\n<li>13.15 &#8211; 14.00 Uhr: &#8222;<strong><span style=\"color: #ffcc00;\">Bewegte Pause in der Sporthalle<\/span><\/strong>&#8222;<\/li>\n<li>15.00 &#8211; 16.00 Uhr: &#8222;<span style=\"color: #ff0000;\"><em><strong>Fu\u00dfball-AG<\/strong><\/em><\/span>&#8220; f\u00fcr 2. und 3. Kl\u00e4ssler mit dem Jugendtrainer Jan Hardebeck von Arminia Ibbenb\u00fcren<\/li>\n<\/ul>\n<p><em><strong>Mittwoch:<\/strong><\/em><\/p>\n<ul>\n<li>12.30 &#8211; 13.15 Uhr: &#8222;<strong><span style=\"color: #000080;\">Vorlesezeit<\/span><\/strong>&#8220; in der Bibliothek<\/li>\n<li>13.00 &#8211; 13.30 Uhr &#8222;<em><strong><span style=\"color: #33cccc;\">BidO<\/span><\/strong><\/em>&#8220; &#8211; Bewegung in der OGGS<\/li>\n<li>13.15 &#8211; 13.50 Uhr: &#8222;<span style=\"color: #99cc00;\"><strong>Entspannung f\u00fcr Kinder<\/strong><\/span>&#8220; im Musikraum<\/li>\n<li>15.00 &#8211; 16.00 Uhr: &#8222;<span style=\"color: #800080;\"><em><strong>H\u00e4keln lernen<\/strong><\/em><\/span>&#8220; mit Frau Terdenge<\/li>\n<\/ul>\n<p><em><strong>Donnerstag:<\/strong><\/em><\/p>\n<ul>\n<li>12.30 &#8211; 13.15 Uhr: &#8222;<span style=\"color: #0000ff;\"><strong>Wunschgeschichten<\/strong><\/span>&#8220; vorlesen<\/li>\n<li>13.00 &#8211; 13.45 Uhr: &#8222;<em><strong><span style=\"color: #993300;\">Natur-AG<\/span><\/strong><\/em>&#8220; &#8211; <em><span style=\"color: #993300;\">Welche Tiere leben in unserem Schulgarten<\/span><\/em>?<\/li>\n<li>15.00 &#8211; 16.00 Uhr: &#8222;<strong><span style=\"color: #ff0000;\">Basketball-AG&#8220;<\/span><\/strong> mit einem Profibasketballer des TVI f\u00fcr 3. und 4. Kl\u00e4ssler<\/li>\n<\/ul>\n<p><em><strong>Freitag:<\/strong><\/em><\/p>\n<ul>\n<li>13.30 &#8211; 14.15 Uhr: &#8222;<strong><em><span style=\"color: #33cccc;\">BidO<\/span><\/em><\/strong>&#8222;<\/li>\n<li>13.30 &#8211; 15.00 Uhr: Wir machen das &#8222;<strong><span style=\"color: #ff6600;\">Kinderturn-Abzeichen<\/span><\/strong>&#8220; mit den 1. und 2. Kl\u00e4sslern<\/li>\n<li>14.00 &#8211; 14.30 Uhr: Probe des &#8222;<em><strong><span style=\"color: #993366;\">Kinderchors<\/span><\/strong><\/em>&#8220; der OGGS<\/li>\n<li>14.00 &#8211; 14.45 Uhr: &#8222;<strong><span style=\"color: #ffff00;\">Alles rund um die<\/span><span style=\"color: #993300;\"> Biene<\/span><\/strong>!&#8220;<\/li>\n<li>14.00 &#8211; 16.00 Uhr: &#8222;<em><strong><span style=\"color: #ff00ff;\">N\u00e4hen mit der N\u00e4hmaschiene<\/span><\/strong><\/em>!&#8220;<\/li>\n<\/ul>\n<p>In der jahrgangsbezogenen Betreuung der OGGS besch\u00e4ftigen wir uns ab Januar 2022 mit dem<br \/>aktuellenThema:<\/p>\n<h3><strong>&#8222;<span style=\"color: #3366ff;\">Wetter<\/span>, <span style=\"color: #ff6600;\">Klima<\/span>, <span style=\"color: #339966;\">Umwelt<\/span>&#8222;<span style=\"color: #000000;\">!<\/span><\/strong><\/h3>\n<p><strong><em>Dazu bieten wir viele unterschiedliche AG\u00b4s an:<\/em><\/strong><\/p>\n<ul>\n<li>basteln mit Naturmaterialien und Altpapier<\/li>\n<li>Herstellung von Insektenhotels und Sonnenf\u00e4ngern<\/li>\n<li>M\u00fcllsammelaktionen<\/li>\n<li>immer w\u00e4hrender Jahreskalender<\/li>\n<li>&#8222;Ab ins Beet&#8220; (Garten- und Blumenpflege)<\/li>\n<li>experimentelles Malen mit recycelten Materialien<\/li>\n<li>Experimente (z.B.: Tornado, Blitze)<\/li>\n<li>Mehrwert-AG (Herstellung von Papier und Musikinstrumenten)<\/li>\n<li>H\u00e4kel-AG aus Wollresten<\/li>\n<\/ul>\n<p>Auch die <em><strong>regelm\u00e4\u00dfige Bewegung<\/strong><\/em> der Kinder ist uns sehr wichtig.<\/p>\n<p>Diese f\u00f6rdern wir neben den vielf\u00e4ltigen Bewegungsm\u00f6glichkeiten auf dem Schulhof<br \/>durch Roller und Rider fahren, Fu\u00dfball spielen, Seilchen springen, fangen und<br \/>verstecken spielen, &#8230; noch mit weiteren interessanten Angeboten:<\/p>\n<ul>\n<li>Basketball &#8211; AG mit Profibasketballern als Trainer<\/li>\n<li>Fu\u00dfball &#8211; AG durch Arminia Ibbenb\u00fcren<\/li>\n<li>BIDO (2x pro Woche <span style=\"color: #0000ff;\"><strong>B<\/strong><\/span>ewegung <span style=\"color: #333399;\"><strong><span style=\"color: #0000ff;\">I<\/span><\/strong><\/span>n <span style=\"color: #0000ff;\"><strong>D<\/strong><\/span>er <span style=\"color: #0000ff;\"><strong>O<\/strong><\/span>GGS)<\/li>\n<li>Sport und Tanz in der Sporthalle<\/li>\n<\/ul>\n<p>____________________________________________________________________<\/p>\n<p>Bei uns in der OGGS entstehen in der jahrgangsbezogenen Betreuung wundersch\u00f6ne<br \/><span style=\"color: #0000ff;\"><strong>Winter- und Weihnachtslandschaften<\/strong><\/span> an den Fenstern, im Foyer, auf den<br \/>Fensterb\u00e4nken und nat\u00fcrlich auch zum Mitnehmen f\u00fcr Zuhause!<br \/>Mit <span style=\"color: #ff0000;\"><strong>Weihnachtsmusik<\/strong> <\/span>und <span style=\"color: #ff0000;\"><strong>Kerzenschein<\/strong><\/span> versuchen wir es den Kindern und uns in<br \/>diesen besonderen Zeiten ein wenig gem\u00fctlich zu machen!<br \/>Dazu geh\u00f6rt nat\u00fcrlich auch f\u00fcr jeden Jahrgang ein <span style=\"color: #993300;\"><strong>Adventskalender<\/strong><\/span>, der jeden Tag mit<br \/>gro\u00dfer Spannung und einer kleinen Zeremonie ge\u00f6ffnet wird!<br \/>In einer stillen Minute werden <span style=\"color: #33cccc;\"><strong>Weihnachtsgeschichten<\/strong><\/span> vorgelesen und zum <span style=\"color: #00ff00;\"><strong>Austoben<\/strong><\/span><br \/>nutzen wir t\u00e4glich das Aussengel\u00e4nde oder die Fu\u00dfball-, Basketball- oder BidO- AG<br \/>in der Sporthalle.<\/p>\n<p><span style=\"color: #008000;\"><strong>Wir w\u00fcnschen Allen eine besinnliche Adventszeit,<br \/>ein sch\u00f6nes Weihnachtsfest<br \/>und <\/strong><strong>einen guten und vor allem gesunden Rutsch in das Neue Jahr 2021!<\/strong><\/span><\/p>\n<h3><span style=\"color: #ff6600;\"><strong>&#8220; Lesen macht gl\u00fccklich!&#8220;<\/strong><\/span><\/h3>\n<h5><strong><span style=\"color: #ff0000;\"><span style=\"color: #0000ff;\">Die OGGS der Mauritiusschule hat den ersten &#8222;Leseschrank&#8220; er\u00f6ffnet!<\/span><\/span><\/strong><\/h5>\n<p><strong><span style=\"color: #ff0000;\"><span style=\"color: #0000ff;\"><span style=\"color: #000000;\">Best\u00fcckt mit vielen Kinderb\u00fcchern, Romanen, Sachb\u00fcchern&#8230; ist der Schrank ab sofort ge\u00f6ffnet:<\/span><br \/><\/span><\/span><\/strong><strong><span style=\"color: #ff0000;\"><span style=\"color: #0000ff;\"><br \/><\/span><span style=\"color: #339966;\"><em>&#8222;Ein B\u00fccherschrank f\u00fcr Jedermann,<\/em><\/span><br \/><span style=\"color: #339966;\"><em>f\u00fcr Jedermann, der lesen kann.<\/em><\/span><br \/><span style=\"color: #339966;\"><em>Du kannst ein Buch zum Lesen leih`n<\/em><\/span><br \/><span style=\"color: #339966;\"><em>und stellst ein anderes hinein.<\/em><\/span><br \/><span style=\"color: #339966;\"><em>So macht ein Buch noch Vielen Freude,<\/em><\/span><br \/><span style=\"color: #339966;\"><em>das sonst sein Dasein nur vergeude.<\/em><\/span><br \/><span style=\"color: #339966;\"><em>Hab` Dank f\u00fcr Sorgfalt<\/em><\/span><br \/><span style=\"color: #339966;\"><em>&#8211; und bedenk`-<\/em><\/span><br \/><span style=\"color: #339966;\"><em>es kostet Dich nicht einen Cent!&#8220;<\/em><\/span><br \/><\/span><\/strong><\/p>\n<h5><span style=\"color: #000000;\">Das Thema <span style=\"color: #ff6600;\">&#8222;Gl\u00fcck&#8220;<\/span> begleitete uns in den letzten Monaten in der OGGS!<\/span><\/h5>\n<h5><span style=\"color: #000000;\"><em><span style=\"color: #ff6600;\">&#8220; Gl\u00fcck ist das Einzige was sich verdoppelt, wenn man es teilt!&#8220;<\/span><\/em><br \/><\/span><\/h5>\n<p>Wir teilten unser <strong><span style=\"color: #0000ff;\">&#8222;Gl\u00fcck&#8220;<\/span><\/strong> und verdoppelten es mit vielen tollen Angeboten:<\/p>\n<ul>\n<li>beim Backen von z.B. Gl\u00fcckskeksen<\/li>\n<li>beim Basteln von verschiedenen Gl\u00fcckssymbolen<\/li>\n<li>mit dem Besuch und gemeinsamen Singen und Basteln im Seniorenheim<\/li>\n<li>mit der Frage an Kinder und Eltern, was Gl\u00fcck f\u00fcr sie bedeutet<\/li>\n<li>mit Komplimenten zum &#8222;Mitnehmen&#8220;<\/li>\n<li>mit dem Auss\u00e4hen von Gl\u00fcckspflanzen<\/li>\n<li>mit dem Werken von Gl\u00fcckspilzen<\/li>\n<li>mit dem N\u00e4hen von Gl\u00fccksbringern<\/li>\n<li>beim Erstellen und Vorf\u00fchren eines Kamishibais<\/li>\n<li>mit dem Experimentieren verschiedener Maltechniken &#8230;.u.v.m.<\/li>\n<\/ul>","protected":false},"excerpt":{"rendered":"<p>In der Offenen Ganztagsschule an der Mauritiusschule entdecken wir die Welt der &#8222;Freundschaft\u201c in all ihren faszinierenden Farben! Unser Motto lautet &#8222;Freundschaft hat viele Farben&#8220; und gemeinsam mit den Kindern gestalten wir eine bunte Palette an Aktivit\u00e4ten, die diese Vielfalt &hellip;<\/p>\n<p class=\"read-more\"> <a class=\"more-link\" href=\"https:\/\/www.mauritiusschule-ibb.de\/?page_id=1852\"> <span class=\"screen-reader-text\">Wochenangebote<\/span> Weiterlesen &raquo;<\/a><\/p>\n","protected":false},"author":6,"featured_media":0,"parent":39,"menu_order":4,"comment_status":"closed","ping_status":"closed","template":"","meta":{"footnotes":""},"class_list":["post-1852","page","type-page","status-publish","hentry"],"_links":{"self":[{"href":"https:\/\/www.mauritiusschule-ibb.de\/index.php?rest_route=\/wp\/v2\/pages\/1852","targetHints":{"allow":["GET"]}}],"collection":[{"href":"https:\/\/www.mauritiusschule-ibb.de\/index.php?rest_route=\/wp\/v2\/pages"}],"about":[{"href":"https:\/\/www.mauritiusschule-ibb.de\/index.php?rest_route=\/wp\/v2\/types\/page"}],"author":[{"embeddable":true,"href":"https:\/\/www.mauritiusschule-ibb.de\/index.php?rest_route=\/wp\/v2\/users\/6"}],"replies":[{"embeddable":true,"href":"https:\/\/www.mauritiusschule-ibb.de\/index.php?rest_route=%2Fwp%2Fv2%2Fcomments&post=1852"}],"version-history":[{"count":202,"href":"https:\/\/www.mauritiusschule-ibb.de\/index.php?rest_route=\/wp\/v2\/pages\/1852\/revisions"}],"predecessor-version":[{"id":6736,"href":"https:\/\/www.mauritiusschule-ibb.de\/index.php?rest_route=\/wp\/v2\/pages\/1852\/revisions\/6736"}],"up":[{"embeddable":true,"href":"https:\/\/www.mauritiusschule-ibb.de\/index.php?rest_route=\/wp\/v2\/pages\/39"}],"wp:attachment":[{"href":"https:\/\/www.mauritiusschule-ibb.de\/index.php?rest_route=%2Fwp%2Fv2%2Fmedia&parent=1852"}],"curies":[{"name":"wp","href":"https:\/\/api.w.org\/{rel}","templated":true}]}}