{"id":1850,"date":"2015-11-26T14:47:11","date_gmt":"2015-11-26T13:47:11","guid":{"rendered":"http:\/\/www.mauritiusschule-ibb.de\/?page_id=1850"},"modified":"2026-04-27T10:58:27","modified_gmt":"2026-04-27T08:58:27","slug":"mittagessen","status":"publish","type":"page","link":"https:\/\/www.mauritiusschule-ibb.de\/?page_id=1850","title":{"rendered":"Mittagessen"},"content":{"rendered":"\n<p><span style=\"color: #0000ff;\"><strong>Speiseplan<\/strong><\/span>:<br><a href=\"https:\/\/www.mauritiusschule-ibb.de\/wp-content\/uploads\/2026\/04\/Speiseplanuebersicht-vom-27.04.-01.05.2026-Grundschule.pdf\" data-type=\"link\" data-id=\"https:\/\/www.mauritiusschule-ibb.de\/wp-content\/uploads\/2026\/04\/Speiseplanuebersicht-vom-27.04.-01.05.2026-Grundschule.pdf\">Speiseplan\u00fcbersicht vom 27.04.-01.05.2026<\/a><br><a href=\"https:\/\/www.mauritiusschule-ibb.de\/wp-content\/uploads\/2026\/04\/Speiseplanuebersicht-vom-04.05.-08.05.2026-Grundschule.pdf\" data-type=\"link\" data-id=\"https:\/\/www.mauritiusschule-ibb.de\/wp-content\/uploads\/2026\/04\/Speiseplanuebersicht-vom-04.05.-08.05.2026-Grundschule.pdf\">Speiseplan\u00fcbersicht vom 04.05.-08.05.2026<\/a><br><a href=\"https:\/\/www.mauritiusschule-ibb.de\/wp-content\/uploads\/2026\/04\/Speiseplanuebersicht-vom-11.05.-15.05.2026-Grundschule.pdf\" data-type=\"link\" data-id=\"https:\/\/www.mauritiusschule-ibb.de\/wp-content\/uploads\/2026\/04\/Speiseplanuebersicht-vom-11.05.-15.05.2026-Grundschule.pdf\">Speiseplan\u00fcbersicht vom 11.05.-15.05.2026<\/a><br><em>(\u00c4nderungen bis eine Woche vorher m\u00f6glich.)<\/em><\/p>\n\n\n\n<figure class=\"wp-block-image\"><a href=\"https:\/\/www.mauritiusschule-ibb.de\/wp-content\/uploads\/2015\/11\/Mittagessen-1.jpg\" rel=\"lightbox[1850]\"><img loading=\"lazy\" decoding=\"async\" width=\"300\" height=\"225\" src=\"https:\/\/www.mauritiusschule-ibb.de\/wp-content\/uploads\/2015\/11\/Mittagessen-1-300x225.jpg\" alt=\"\" class=\"wp-image-2371\" srcset=\"https:\/\/www.mauritiusschule-ibb.de\/wp-content\/uploads\/2015\/11\/Mittagessen-1-300x225.jpg 300w, https:\/\/www.mauritiusschule-ibb.de\/wp-content\/uploads\/2015\/11\/Mittagessen-1-768x576.jpg 768w, https:\/\/www.mauritiusschule-ibb.de\/wp-content\/uploads\/2015\/11\/Mittagessen-1-100x75.jpg 100w, https:\/\/www.mauritiusschule-ibb.de\/wp-content\/uploads\/2015\/11\/Mittagessen-1-150x113.jpg 150w, https:\/\/www.mauritiusschule-ibb.de\/wp-content\/uploads\/2015\/11\/Mittagessen-1-200x150.jpg 200w, https:\/\/www.mauritiusschule-ibb.de\/wp-content\/uploads\/2015\/11\/Mittagessen-1-450x338.jpg 450w, https:\/\/www.mauritiusschule-ibb.de\/wp-content\/uploads\/2015\/11\/Mittagessen-1-600x450.jpg 600w, https:\/\/www.mauritiusschule-ibb.de\/wp-content\/uploads\/2015\/11\/Mittagessen-1.jpg 800w\" sizes=\"auto, (max-width: 300px) 100vw, 300px\" \/><\/a><\/figure>\n\n\n\n<p><\/p>\n\n\n\n<p>Die Kinder der OGGS und der &#8222;Schule von acht bis eins&#8220; k\u00f6nnen in der Zeit von 11.45 \u2013 14.00 Uhr an einem gemeinsamen, warmen Mittagessen teilnehmen.<\/p>\n\n\n\n<p>F\u00fcr die angemeldeteten Kinder in der &#8222;Schule von acht bis eins&#8220; kann ab 13.00 Uhr kein Mittagessen mehr angeboten werden, da das Betreuungsangebot um 13.00 Uhr, sp\u00e4testens nach Ende der 6. Unterrichtsstunde endet.<\/p>\n\n\n\n<p>Die Kosten f\u00fcr das Mittagessen betragen zurzeit 3,20\u20ac pro Mahlzeit. Inhaber\/innen der M\u00fcnsterlandkarte bekommen das Mittagessen kostenlos.<\/p>\n\n\n\n<p>Das Essen setzt sich aus Produkten der Firma Apetito und frischen Lebensmitteln zusammen. Die Zubereitung und die Ausgabe des Mittagessens \u00fcbernehmen Mitarbeiterinnen des K\u00fcchenteams.<\/p>\n\n\n\n<p>Wir achten auf eine ausgewogene, abwechslungsreiche und kindgerechte Ern\u00e4hrung. Neben Gem\u00fcse und Rohkost stehen manchmal aber auch Hamburger oder Pizza auf dem Speiseplan.<\/p>\n\n\n\n<p>Zum Trinken bieten wir allen Kindern Mineralwasser an.<\/p>\n\n\n\n<p>Religi\u00f6se, ideologische oder gesundheitliche Aspekte werden, wenn m\u00f6glich ber\u00fccksichtigt.<\/p>\n\n\n\n<p>Zum Nachtisch gibt es immer eine kleine S\u00fc\u00dfspeise und Obst.<\/p>\n\n\n\n<p>Wir achten beim Mittagessen auf eine gem\u00fctliche und famili\u00e4re Atmosph\u00e4re, damit in Ruhe und mit Genuss gegessen und dabei auch erz\u00e4hlt und gelacht werden kann.<\/p>\n\n\n\n<p>Selbstverst\u00e4ndlich wird auch auf Benehmen bei Tisch geachtet. Dazu z\u00e4hlen u.a. das H\u00e4nde waschen vor dem Essen, das richtige Essen mit Messer und Gabel und eine Unterhaltung in angemessener Lautst\u00e4rke.<\/p>\n\n\n\n<p>Nach dem Mittagessen findet immer eine \u201eDrau\u00dfen-Pause\u201c statt, damit die Kinder vor den Hausaufgaben gen\u00fcgend frische Luft und Bewegung erhalten.<\/p>\n\n\n\n<p>Um 15.15 Uhr bieten wir eine \u201eSnackpause\u201c an (Obst, Rohkost).<\/p>\n","protected":false},"excerpt":{"rendered":"<p>Speiseplan:Speiseplan\u00fcbersicht vom 27.04.-01.05.2026Speiseplan\u00fcbersicht vom 04.05.-08.05.2026Speiseplan\u00fcbersicht vom 11.05.-15.05.2026(\u00c4nderungen bis eine Woche vorher m\u00f6glich.) Die Kinder der OGGS und der &#8222;Schule von acht bis eins&#8220; k\u00f6nnen in der Zeit von 11.45 \u2013 14.00 Uhr an einem gemeinsamen, warmen Mittagessen teilnehmen. F\u00fcr die &hellip;<\/p>\n<p class=\"read-more\"> <a class=\"more-link\" href=\"https:\/\/www.mauritiusschule-ibb.de\/?page_id=1850\"> <span class=\"screen-reader-text\">Mittagessen<\/span> Weiterlesen &raquo;<\/a><\/p>\n","protected":false},"author":6,"featured_media":0,"parent":39,"menu_order":3,"comment_status":"closed","ping_status":"closed","template":"","meta":{"footnotes":""},"class_list":["post-1850","page","type-page","status-publish","hentry"],"_links":{"self":[{"href":"https:\/\/www.mauritiusschule-ibb.de\/index.php?rest_route=\/wp\/v2\/pages\/1850","targetHints":{"allow":["GET"]}}],"collection":[{"href":"https:\/\/www.mauritiusschule-ibb.de\/index.php?rest_route=\/wp\/v2\/pages"}],"about":[{"href":"https:\/\/www.mauritiusschule-ibb.de\/index.php?rest_route=\/wp\/v2\/types\/page"}],"author":[{"embeddable":true,"href":"https:\/\/www.mauritiusschule-ibb.de\/index.php?rest_route=\/wp\/v2\/users\/6"}],"replies":[{"embeddable":true,"href":"https:\/\/www.mauritiusschule-ibb.de\/index.php?rest_route=%2Fwp%2Fv2%2Fcomments&post=1850"}],"version-history":[{"count":445,"href":"https:\/\/www.mauritiusschule-ibb.de\/index.php?rest_route=\/wp\/v2\/pages\/1850\/revisions"}],"predecessor-version":[{"id":8255,"href":"https:\/\/www.mauritiusschule-ibb.de\/index.php?rest_route=\/wp\/v2\/pages\/1850\/revisions\/8255"}],"up":[{"embeddable":true,"href":"https:\/\/www.mauritiusschule-ibb.de\/index.php?rest_route=\/wp\/v2\/pages\/39"}],"wp:attachment":[{"href":"https:\/\/www.mauritiusschule-ibb.de\/index.php?rest_route=%2Fwp%2Fv2%2Fmedia&parent=1850"}],"curies":[{"name":"wp","href":"https:\/\/api.w.org\/{rel}","templated":true}]}}