{"id":1848,"date":"2015-11-26T14:46:41","date_gmt":"2015-11-26T13:46:41","guid":{"rendered":"http:\/\/www.mauritiusschule-ibb.de\/?page_id=1848"},"modified":"2022-01-31T12:12:20","modified_gmt":"2022-01-31T11:12:20","slug":"hausaufgaben","status":"publish","type":"page","link":"https:\/\/www.mauritiusschule-ibb.de\/?page_id=1848","title":{"rendered":"Hausaufgaben"},"content":{"rendered":"<p><strong><span style=\"color: #0000ff;\">Hausaufgabenbetreuung<\/span><\/strong><\/p>\n<p>F\u00fcr alle Kinder der offenen Ganztagsschule wird von Montag \u2013 Donnerstag in der Zeit<br \/>\nvon 14.00 Uhr bis 15.00 Uhr eine Hausaufgabenbetreuung angeboten.<\/p>\n<p>Nach M\u00f6glichkeit wird die Hausaufgabenbetreuung im Klassenverband und im eigenen Klassenraum der Kinder in Kleingruppen von p\u00e4dagogischen Fachkr\u00e4ften oder Lehrerinnen betreut.<\/p>\n<p>Die Hausaufgabenzeit betr\u00e4gt f\u00fcr die Kinder der Klassen 1. und 2.\u00a0 30 &#8211; 45 Minuten und f\u00fcr die Kinder der Klassen 3. und 4.\u00a0 45 &#8211; 60 Minuten.<\/p>\n<p>Auswendig lernen, Lese\u00fcbungen, Kopfrechnen und das Lernen des \u201e1&#215;1\u201c sind Hausaufgaben, die zu Hause erledigt werden m\u00fcssen.<\/p>\n<p><strong><em>Ein wichtiges Ziel der Hausaufgabenbetreuung besteht darin, dass die Kinder lernen die Verantwortung f\u00fcr ihre Hausaufgaben dauerhaft selbstst\u00e4ndig zu \u00fcbernehmen.<br \/>\n<\/em><\/strong><\/p>\n<p><a href=\"https:\/\/www.mauritiusschule-ibb.de\/wp-content\/uploads\/2015\/11\/Test.jpg\" rel=\"lightbox[1848]\"><img loading=\"lazy\" decoding=\"async\" class=\" wp-image-2392 alignleft\" src=\"https:\/\/www.mauritiusschule-ibb.de\/wp-content\/uploads\/2015\/11\/Test-300x223.jpg\" alt=\"\" width=\"833\" height=\"619\" srcset=\"https:\/\/www.mauritiusschule-ibb.de\/wp-content\/uploads\/2015\/11\/Test-300x223.jpg 300w, https:\/\/www.mauritiusschule-ibb.de\/wp-content\/uploads\/2015\/11\/Test-768x570.jpg 768w, https:\/\/www.mauritiusschule-ibb.de\/wp-content\/uploads\/2015\/11\/Test-1024x760.jpg 1024w, https:\/\/www.mauritiusschule-ibb.de\/wp-content\/uploads\/2015\/11\/Test-100x74.jpg 100w, https:\/\/www.mauritiusschule-ibb.de\/wp-content\/uploads\/2015\/11\/Test-150x111.jpg 150w, https:\/\/www.mauritiusschule-ibb.de\/wp-content\/uploads\/2015\/11\/Test-200x148.jpg 200w, https:\/\/www.mauritiusschule-ibb.de\/wp-content\/uploads\/2015\/11\/Test-450x334.jpg 450w, https:\/\/www.mauritiusschule-ibb.de\/wp-content\/uploads\/2015\/11\/Test-600x445.jpg 600w, https:\/\/www.mauritiusschule-ibb.de\/wp-content\/uploads\/2015\/11\/Test-900x668.jpg 900w, https:\/\/www.mauritiusschule-ibb.de\/wp-content\/uploads\/2015\/11\/Test.jpg 1788w\" sizes=\"auto, (max-width: 833px) 100vw, 833px\" \/><\/a><\/p>\n","protected":false},"excerpt":{"rendered":"<p>Hausaufgabenbetreuung F\u00fcr alle Kinder der offenen Ganztagsschule wird von Montag \u2013 Donnerstag in der Zeit von 14.00 Uhr bis 15.00 Uhr eine Hausaufgabenbetreuung angeboten. Nach M\u00f6glichkeit wird die Hausaufgabenbetreuung im Klassenverband und im eigenen Klassenraum der Kinder in Kleingruppen von &hellip;<\/p>\n<p class=\"read-more\"> <a class=\"more-link\" href=\"https:\/\/www.mauritiusschule-ibb.de\/?page_id=1848\"> <span class=\"screen-reader-text\">Hausaufgaben<\/span> Weiterlesen &raquo;<\/a><\/p>\n","protected":false},"author":6,"featured_media":0,"parent":39,"menu_order":2,"comment_status":"closed","ping_status":"closed","template":"","meta":{"footnotes":""},"class_list":["post-1848","page","type-page","status-publish","hentry"],"_links":{"self":[{"href":"https:\/\/www.mauritiusschule-ibb.de\/index.php?rest_route=\/wp\/v2\/pages\/1848","targetHints":{"allow":["GET"]}}],"collection":[{"href":"https:\/\/www.mauritiusschule-ibb.de\/index.php?rest_route=\/wp\/v2\/pages"}],"about":[{"href":"https:\/\/www.mauritiusschule-ibb.de\/index.php?rest_route=\/wp\/v2\/types\/page"}],"author":[{"embeddable":true,"href":"https:\/\/www.mauritiusschule-ibb.de\/index.php?rest_route=\/wp\/v2\/users\/6"}],"replies":[{"embeddable":true,"href":"https:\/\/www.mauritiusschule-ibb.de\/index.php?rest_route=%2Fwp%2Fv2%2Fcomments&post=1848"}],"version-history":[{"count":18,"href":"https:\/\/www.mauritiusschule-ibb.de\/index.php?rest_route=\/wp\/v2\/pages\/1848\/revisions"}],"predecessor-version":[{"id":5776,"href":"https:\/\/www.mauritiusschule-ibb.de\/index.php?rest_route=\/wp\/v2\/pages\/1848\/revisions\/5776"}],"up":[{"embeddable":true,"href":"https:\/\/www.mauritiusschule-ibb.de\/index.php?rest_route=\/wp\/v2\/pages\/39"}],"wp:attachment":[{"href":"https:\/\/www.mauritiusschule-ibb.de\/index.php?rest_route=%2Fwp%2Fv2%2Fmedia&parent=1848"}],"curies":[{"name":"wp","href":"https:\/\/api.w.org\/{rel}","templated":true}]}}