{"id":1846,"date":"2015-11-26T14:46:12","date_gmt":"2015-11-26T13:46:12","guid":{"rendered":"http:\/\/www.mauritiusschule-ibb.de\/?page_id=1846"},"modified":"2024-09-03T14:12:52","modified_gmt":"2024-09-03T12:12:52","slug":"betreuungsmodelle","status":"publish","type":"page","link":"https:\/\/www.mauritiusschule-ibb.de\/?page_id=1846","title":{"rendered":"Betreuungsmodelle"},"content":{"rendered":"<ol>\n<li><span style=\"text-decoration: underline; color: #0000ff;\"><strong>\u201eSchule von acht bis eins\u201c<\/strong><\/span><\/li>\n<\/ol>\n<ul>\n<li>die angemeldeten Kinder werden ab Unterrichtsende bis 13.00 Uhr, l\u00e4ngstens bis zum Ende<br \/>\nder 6. Unterrichtsstunde in der OGGS betreut.<br \/>\nEs wird gebastelt und gespielt.<\/li>\n<\/ul>\n<ol start=\"2\">\n<li><span style=\"text-decoration: underline; color: #0000ff;\"><strong>\u201eOffene Ganztagsschule\u201c<\/strong><\/span><\/li>\n<\/ol>\n<ul>\n<li>die angemeldeten Kinder werden ab Unterrichtsende bis maximal 16.30 Uhr in der OGGS betreut.<br \/>\nDie erste Abholung ist ab 15.00 Uhr m\u00f6glich.<br \/>\nDie Kinder essen bei uns zu Mittag, nehmen an der Hausaufgabenbetreuung teil und werden beim spielen, bauen, basteln, &#8230; betreut.<\/li>\n<li>eine besondere F\u00f6rderung erfahren sie durch zus\u00e4tzliche Angebote in den Bereichen Bewegung, Kreativit\u00e4t, Musik und Hauswirtschaft.<\/li>\n<\/ul>\n<p>In der OGGS der Mauritiusschule werden in diesen beiden Betreuungsformen im Schuljahr 2024\/25 166 Kinder betreut, davon 128 in der OGGS und 38 in der\u00a0 &#8222;Schule von acht bis eins&#8220;.<\/p>\n<p>Folgende Betreuungsr\u00e4ume stehen zur Verf\u00fcgung:<\/p>\n<ol>\n<li>Kl\u00e4ssler: im Kunterbunt und Legoraum<\/li>\n<li>Kl\u00e4ssler: im Anbau<\/li>\n<li>Kl\u00e4ssler: in den R\u00e4umen 32 + 31<\/li>\n<li>Kl\u00e4ssler: im T-Point<br \/>\nIn den jeweiligen R\u00e4umen melden sich die Kinder an und ab und werden durch unsere p\u00e4dagogischen Mitarbeiterinnen betreut.<br \/>\nDas Mittagessen wird in der Zeit von 11.45 &#8211; 14.00 Uhr angeboten.<br \/>\nDie Zeiten f\u00fcr das Mittagessen sind stundenplanabh\u00e4ngig und k\u00f6nnen von Tag zu Tag unterschiedlich sein.<\/li>\n<\/ol>\n<p><strong>3. <span style=\"color: #0000ff;\">Ferienbetreuung:<\/span><\/strong><\/p>\n<p>In den Schulferien und an allen beweglichen Ferientagen findet eine schul\u00fcbergreifende Ferienbetreuung von 7.15 &#8211; 16.30 Uhr statt.<br \/>\nNur in den ersten 3 Wochen der Sommerferien und zwischen Weihnachten und Neujahr findet keine Ferienbetreuung statt.<\/p>\n<p>Falls Sie noch Fragen haben, stehen wir Ihnen telefonisch gerne zur Verf\u00fcgung (05451\/745468).<\/p>\n","protected":false},"excerpt":{"rendered":"<p>\u201eSchule von acht bis eins\u201c die angemeldeten Kinder werden ab Unterrichtsende bis 13.00 Uhr, l\u00e4ngstens bis zum Ende der 6. Unterrichtsstunde in der OGGS betreut. Es wird gebastelt und gespielt. \u201eOffene Ganztagsschule\u201c die angemeldeten Kinder werden ab Unterrichtsende bis maximal &hellip;<\/p>\n<p class=\"read-more\"> <a class=\"more-link\" href=\"https:\/\/www.mauritiusschule-ibb.de\/?page_id=1846\"> <span class=\"screen-reader-text\">Betreuungsmodelle<\/span> Weiterlesen &raquo;<\/a><\/p>\n","protected":false},"author":6,"featured_media":0,"parent":39,"menu_order":1,"comment_status":"closed","ping_status":"closed","template":"","meta":{"footnotes":""},"class_list":["post-1846","page","type-page","status-publish","hentry"],"_links":{"self":[{"href":"https:\/\/www.mauritiusschule-ibb.de\/index.php?rest_route=\/wp\/v2\/pages\/1846","targetHints":{"allow":["GET"]}}],"collection":[{"href":"https:\/\/www.mauritiusschule-ibb.de\/index.php?rest_route=\/wp\/v2\/pages"}],"about":[{"href":"https:\/\/www.mauritiusschule-ibb.de\/index.php?rest_route=\/wp\/v2\/types\/page"}],"author":[{"embeddable":true,"href":"https:\/\/www.mauritiusschule-ibb.de\/index.php?rest_route=\/wp\/v2\/users\/6"}],"replies":[{"embeddable":true,"href":"https:\/\/www.mauritiusschule-ibb.de\/index.php?rest_route=%2Fwp%2Fv2%2Fcomments&post=1846"}],"version-history":[{"count":48,"href":"https:\/\/www.mauritiusschule-ibb.de\/index.php?rest_route=\/wp\/v2\/pages\/1846\/revisions"}],"predecessor-version":[{"id":7187,"href":"https:\/\/www.mauritiusschule-ibb.de\/index.php?rest_route=\/wp\/v2\/pages\/1846\/revisions\/7187"}],"up":[{"embeddable":true,"href":"https:\/\/www.mauritiusschule-ibb.de\/index.php?rest_route=\/wp\/v2\/pages\/39"}],"wp:attachment":[{"href":"https:\/\/www.mauritiusschule-ibb.de\/index.php?rest_route=%2Fwp%2Fv2%2Fmedia&parent=1846"}],"curies":[{"name":"wp","href":"https:\/\/api.w.org\/{rel}","templated":true}]}}