{"id":179,"date":"2014-01-07T21:16:25","date_gmt":"2014-01-07T20:16:25","guid":{"rendered":"http:\/\/neu.mauritiusschule-ibb.de\/?page_id=179"},"modified":"2014-02-18T12:27:14","modified_gmt":"2014-02-18T11:27:14","slug":"faustlos","status":"publish","type":"page","link":"https:\/\/www.mauritiusschule-ibb.de\/?page_id=179","title":{"rendered":"Faustlos"},"content":{"rendered":"<p>Faustlos &#8211; wie Kinder Konflikte gewaltfrei l\u00f6sen lernen<br \/>\n\u00a0<\/p>\n<p>Seit 2006 wird an der Mauritiusschule\u00a0 ein spezielles Programm zur Schulung konfliktfreien Verhaltens durchgef\u00fchrt. Diese Projekt nennt sich Faustlos und wurde vom Heidelberger Pr\u00e4ventionszentrum entwickelt und ist angelehnt an die amerikanische Originalversion `Second Step\u00b4.<\/p>\n<p>Das Curriculum Faustlos f\u00f6rdert die sozialen und emotionalen Kompetenzen bei Kindern, damit sie Konflikte nicht auf Kosten anderer l\u00f6sen m\u00fcssen. Kinder k\u00f6nnen in ihrem Empathie- und Probleml\u00f6sungsverhalten und im Umgang mit heftigen Gef\u00fchlen schon fr\u00fch gef\u00f6rdert werden.<\/p>\n<p>Das Curriculum beinhaltet drei wesentliche Bausteine:<\/p>\n<p>1. F\u00f6rderung der Empathief\u00e4higkeit, bedeutet, sich in die Gef\u00fchle und das Denken des Gegen\u00fcbers hineinversetzen zu k\u00f6nnen und die Reaktionen des Anderen zu erahnen. Dies wird dann m\u00f6glich, wenn man die Perspektive des anderen zumindest f\u00fcr den Moment \u00fcbernehmen kann und sich in seine Lage versetzt.<\/p>\n<p>2. Die Impulskontrolle bef\u00e4higt, unterschiedliche Handlungsalternativen zuerst in der Phantasie und dann im Handeln durchspielen zu k\u00f6nnen. Auch die F\u00e4higkeit, eine Entscheidung zu treffen, die m\u00f6glicherweise zum eigenen Nachteil sein k\u00f6nnte, geh\u00f6rt zu diesem Bereich. Gute Kompetenzen im Handlungsrepertoire und in der Impulskontrolle erh\u00f6hen die Probleml\u00f6sef\u00e4higkeit.<\/p>\n<p>3. Um mit den Konfliktsituationen emotional zurecht zu kommen, ist schlie\u00dflich ein angemessener Umgang mit \u00c4rger und Wut notwendig.<\/p>\n<p>Mit Faustlos wird die Empathie der Kinder, ihre F\u00e4higkeit zu Probleml\u00f6sungen und ihr Umgang mit heftigen Gef\u00fchlen gef\u00f6rdert, damit sie in zwischenmenschlichen Konflikten bestehen k\u00f6nnen, ohne auf Gewalt als Mittel zur Durchsetzung eigener Interessen zur\u00fcckgreifen m\u00fcssen.<\/p>\n","protected":false},"excerpt":{"rendered":"<p>Faustlos &#8211; wie Kinder Konflikte gewaltfrei l\u00f6sen lernen \u00a0 Seit 2006 wird an der Mauritiusschule\u00a0 ein spezielles Programm zur Schulung konfliktfreien Verhaltens durchgef\u00fchrt. Diese Projekt nennt sich Faustlos und wurde vom Heidelberger Pr\u00e4ventionszentrum entwickelt und ist angelehnt an die amerikanische &hellip;<\/p>\n<p class=\"read-more\"> <a class=\"more-link\" href=\"https:\/\/www.mauritiusschule-ibb.de\/?page_id=179\"> <span class=\"screen-reader-text\">Faustlos<\/span> Weiterlesen &raquo;<\/a><\/p>\n","protected":false},"author":6,"featured_media":0,"parent":109,"menu_order":0,"comment_status":"closed","ping_status":"closed","template":"","meta":{"footnotes":""},"class_list":["post-179","page","type-page","status-publish","hentry"],"_links":{"self":[{"href":"https:\/\/www.mauritiusschule-ibb.de\/index.php?rest_route=\/wp\/v2\/pages\/179","targetHints":{"allow":["GET"]}}],"collection":[{"href":"https:\/\/www.mauritiusschule-ibb.de\/index.php?rest_route=\/wp\/v2\/pages"}],"about":[{"href":"https:\/\/www.mauritiusschule-ibb.de\/index.php?rest_route=\/wp\/v2\/types\/page"}],"author":[{"embeddable":true,"href":"https:\/\/www.mauritiusschule-ibb.de\/index.php?rest_route=\/wp\/v2\/users\/6"}],"replies":[{"embeddable":true,"href":"https:\/\/www.mauritiusschule-ibb.de\/index.php?rest_route=%2Fwp%2Fv2%2Fcomments&post=179"}],"version-history":[{"count":2,"href":"https:\/\/www.mauritiusschule-ibb.de\/index.php?rest_route=\/wp\/v2\/pages\/179\/revisions"}],"predecessor-version":[{"id":307,"href":"https:\/\/www.mauritiusschule-ibb.de\/index.php?rest_route=\/wp\/v2\/pages\/179\/revisions\/307"}],"up":[{"embeddable":true,"href":"https:\/\/www.mauritiusschule-ibb.de\/index.php?rest_route=\/wp\/v2\/pages\/109"}],"wp:attachment":[{"href":"https:\/\/www.mauritiusschule-ibb.de\/index.php?rest_route=%2Fwp%2Fv2%2Fmedia&parent=179"}],"curies":[{"name":"wp","href":"https:\/\/api.w.org\/{rel}","templated":true}]}}