{"id":177,"date":"2014-01-07T21:16:08","date_gmt":"2014-01-07T20:16:08","guid":{"rendered":"http:\/\/neu.mauritiusschule-ibb.de\/?page_id=177"},"modified":"2023-11-06T17:24:47","modified_gmt":"2023-11-06T16:24:47","slug":"spendenprojekt-afg","status":"publish","type":"page","link":"https:\/\/www.mauritiusschule-ibb.de\/?page_id=177","title":{"rendered":"Spendenprojekt &#8222;Blickwinkel Afrika e. V.&#8220;"},"content":{"rendered":"\n<p>Unsere Spenden erm\u00f6glichen ein Stipendium f\u00fcr eine Sch\u00fclerin in Malawi<\/p>\n\n\n\n<p><\/p>\n\n\n<p><em>Das seit September 2023 bestehende Spendenprojekt der Mauritiusschule hei\u00dft: Blickwinkel Afrika e.V. &#8211; ein Stipendium f\u00fcr eine Sch\u00fclerin in Malawi<\/em><\/p>\n<p>In Kooperation mit dem Verein \u201eBlickwinkel Afrika e. V.\u201c unterst\u00fctzt die Mauritiusschule ein M\u00e4dchen in dem afrikanischen Land Malawi, damit dieses die weiterf\u00fchrende Schule besuchen kann.<\/p>\n<p>Malawi ist eines der \u00e4rmsten L\u00e4nder der Welt. Vor allem die Situation der M\u00e4dchen und Frauen ist sehr problematisch, da sie gegen\u00fcber den Jungen und M\u00e4nnern stark benachteiligt sind, h\u00e4ufig minderj\u00e4hrig verheiratet werden und vielfach von Missbrauch betroffen sind. Umso wichtiger ist es, M\u00e4dchen dort eine gute Schulbildung zu erm\u00f6glichen, die sie dazu bef\u00e4higt aus dem Teufelskreis der Armut zu entkommen.<\/p>\n<p>Innerhalb von vier Jahren kann ein M\u00e4dchen in dem kleinen Ort Chitipa an dem M\u00e4dcheninternat &#8222;Kaseye Girls Boarding School&#8220; von der 8. bis zur 12. Klasse die weiterf\u00fchrende Schule besuchen und dort ihren Abschluss machen, vergleichbar mit unserem Abitur. Mit der Spendensumme, die beim Laternenfest voraussichtlich zusammenkommt, kann einem M\u00e4dchen der Schulbesuch an diesem Internat f\u00fcr ein Jahr lang erm\u00f6glicht werden. Auch die Kosten f\u00fcr Schuluniform, Essen und Schulbedarf ist in der Spendensumme enthalten.<\/p>\n<p>Ziel ist es, diese Sch\u00fclerin \u00fcber die gesamten vier Jahre zu begleiten und zu unterst\u00fctzen. Weitere Informationen zu dem Stipendienprogramm und dem Verein Blickwinkel Afrika e. V. finden Sie auf der Homepage des Vereins <a href=\"http:\/\/www.blickwinkel-afrika.de\/\">www.blickwinkel-afrika.de<\/a> oder auf Instagramm.<\/p>\n\n\n<div class=\"wp-block-file\"><a href=\"https:\/\/www.mauritiusschule-ibb.de\/wp-content\/uploads\/2019\/05\/Spendenprojekt-aus-Brasilien.docx\" class=\"wp-block-file__button wp-element-button\" download>Herunterladen<\/a><\/div>\n","protected":false},"excerpt":{"rendered":"<p>Unsere Spenden erm\u00f6glichen ein Stipendium f\u00fcr eine Sch\u00fclerin in Malawi Das seit September 2023 bestehende Spendenprojekt der Mauritiusschule hei\u00dft: Blickwinkel Afrika e.V. &#8211; ein Stipendium f\u00fcr eine Sch\u00fclerin in Malawi In Kooperation mit dem Verein \u201eBlickwinkel Afrika e. V.\u201c unterst\u00fctzt &hellip;<\/p>\n<p class=\"read-more\"> <a class=\"more-link\" href=\"https:\/\/www.mauritiusschule-ibb.de\/?page_id=177\"> <span class=\"screen-reader-text\">Spendenprojekt &#8222;Blickwinkel Afrika e. V.&#8220;<\/span> Weiterlesen &raquo;<\/a><\/p>\n","protected":false},"author":6,"featured_media":0,"parent":109,"menu_order":0,"comment_status":"closed","ping_status":"closed","template":"","meta":{"footnotes":""},"class_list":["post-177","page","type-page","status-publish","hentry"],"_links":{"self":[{"href":"https:\/\/www.mauritiusschule-ibb.de\/index.php?rest_route=\/wp\/v2\/pages\/177","targetHints":{"allow":["GET"]}}],"collection":[{"href":"https:\/\/www.mauritiusschule-ibb.de\/index.php?rest_route=\/wp\/v2\/pages"}],"about":[{"href":"https:\/\/www.mauritiusschule-ibb.de\/index.php?rest_route=\/wp\/v2\/types\/page"}],"author":[{"embeddable":true,"href":"https:\/\/www.mauritiusschule-ibb.de\/index.php?rest_route=\/wp\/v2\/users\/6"}],"replies":[{"embeddable":true,"href":"https:\/\/www.mauritiusschule-ibb.de\/index.php?rest_route=%2Fwp%2Fv2%2Fcomments&post=177"}],"version-history":[{"count":9,"href":"https:\/\/www.mauritiusschule-ibb.de\/index.php?rest_route=\/wp\/v2\/pages\/177\/revisions"}],"predecessor-version":[{"id":6694,"href":"https:\/\/www.mauritiusschule-ibb.de\/index.php?rest_route=\/wp\/v2\/pages\/177\/revisions\/6694"}],"up":[{"embeddable":true,"href":"https:\/\/www.mauritiusschule-ibb.de\/index.php?rest_route=\/wp\/v2\/pages\/109"}],"wp:attachment":[{"href":"https:\/\/www.mauritiusschule-ibb.de\/index.php?rest_route=%2Fwp%2Fv2%2Fmedia&parent=177"}],"curies":[{"name":"wp","href":"https:\/\/api.w.org\/{rel}","templated":true}]}}