{"id":175,"date":"2014-01-07T21:15:39","date_gmt":"2014-01-07T20:15:39","guid":{"rendered":"http:\/\/neu.mauritiusschule-ibb.de\/?page_id=175"},"modified":"2023-09-11T20:00:22","modified_gmt":"2023-09-11T18:00:22","slug":"streitschlichter","status":"publish","type":"page","link":"https:\/\/www.mauritiusschule-ibb.de\/?page_id=175","title":{"rendered":"Streitschlichtende"},"content":{"rendered":"<p><strong>Aktuell:<\/strong><br \/>\nDie neuen Streitschlichterteams sind im Einsatz und haben sich in den Klassen vorgestellt. Ein Foto folgt in K\u00fcrze.<\/p>\n<p>Im Schuljahr 2001\/2002 wurde das Streitschlichterprogramm nach Karin Jefferys-Duden in das Unterrichtskonzept der Schule aufgenommen.<\/p>\n<p>Durch institutionelle Streitschlichtung in der Schule<br \/>\n&#8211; kann sich das Schulklima verbessern<br \/>\n&#8211; k\u00f6nnen Lehrkr\u00e4fte von Alltagskonflikten entlastet werden<br \/>\n&#8211; k\u00f6nnen Sch\u00fclerinnen und Sch\u00fcler durch das Training und die&nbsp; Anwendung der Schlichtung&nbsp; soziale Kompetenzen erwerben, die ihnen den Umgang mit anderen erleichtern.<\/p>\n<p>Die <strong>Friedensbr\u00fccke<\/strong> hat f\u00fcr das Aus\u00fcben von Streitschlichtung eine besondere Bedeutung. Sie \u00fcberbr\u00fcckt symbolisch den durch den Streit entstandenen Graben zwischen den Streitenden. Eine wichtige Bedingung ist, dass die Streitenden `ihre Br\u00fccke\u00b4 selbst bauen und die Streitschlichter ihnen dabei behilflich sind, indem sie eine Struktur zur Konfliktl\u00f6sung anbieten. Die Schlichter achten auf die Einhaltung von Regeln und Schritten der Schlichtung, w\u00e4hrend die Streitenden selbst nach L\u00f6sungen f\u00fcr ihre Konflikte suchen sollen. Indem die Konfliktparteien die Schritte der Schlichtung durchlaufen und sich dem Abkommen n\u00e4hern, verringert sich mit der r\u00e4umlichen auch die soziale Distanz, die durch den Streit entstanden ist.<\/p>\n<p>Sch\u00fclerinnen und Sch\u00fcler&nbsp; der 3. Schuljahre melden sich freiwillig f\u00fcr diese Ausbildung, die eine Unterrichtsstunde w\u00f6chentlich umfasst und etwa \u00fcber einen Zeitraum von 7 Monaten l\u00e4uft. Die Ausbildungsgruppe besteht aus ca. 15-18 Kindern, die sich durch einen abschlie\u00dfenden Test f\u00fcr ihre Aufgabe qualifiziert. Streitende k\u00f6nnen sich freiwillig f\u00fcr eine Schlichtung anmelden, die jeweils in den gro\u00dfen Pausen angeboten und in einem ruhigen Besprechungszimmer durchgef\u00fchrt werden kann.<\/p>\n","protected":false},"excerpt":{"rendered":"<p>Aktuell: Die neuen Streitschlichterteams sind im Einsatz und haben sich in den Klassen vorgestellt. Ein Foto folgt in K\u00fcrze. Im Schuljahr 2001\/2002 wurde das Streitschlichterprogramm nach Karin Jefferys-Duden in das Unterrichtskonzept der Schule aufgenommen. Durch institutionelle Streitschlichtung in der Schule &hellip;<\/p>\n<p class=\"read-more\"> <a class=\"more-link\" href=\"https:\/\/www.mauritiusschule-ibb.de\/?page_id=175\"> <span class=\"screen-reader-text\">Streitschlichtende<\/span> Weiterlesen &raquo;<\/a><\/p>\n","protected":false},"author":6,"featured_media":0,"parent":109,"menu_order":0,"comment_status":"closed","ping_status":"closed","template":"","meta":{"footnotes":""},"class_list":["post-175","page","type-page","status-publish","hentry"],"_links":{"self":[{"href":"https:\/\/www.mauritiusschule-ibb.de\/index.php?rest_route=\/wp\/v2\/pages\/175","targetHints":{"allow":["GET"]}}],"collection":[{"href":"https:\/\/www.mauritiusschule-ibb.de\/index.php?rest_route=\/wp\/v2\/pages"}],"about":[{"href":"https:\/\/www.mauritiusschule-ibb.de\/index.php?rest_route=\/wp\/v2\/types\/page"}],"author":[{"embeddable":true,"href":"https:\/\/www.mauritiusschule-ibb.de\/index.php?rest_route=\/wp\/v2\/users\/6"}],"replies":[{"embeddable":true,"href":"https:\/\/www.mauritiusschule-ibb.de\/index.php?rest_route=%2Fwp%2Fv2%2Fcomments&post=175"}],"version-history":[{"count":26,"href":"https:\/\/www.mauritiusschule-ibb.de\/index.php?rest_route=\/wp\/v2\/pages\/175\/revisions"}],"predecessor-version":[{"id":6590,"href":"https:\/\/www.mauritiusschule-ibb.de\/index.php?rest_route=\/wp\/v2\/pages\/175\/revisions\/6590"}],"up":[{"embeddable":true,"href":"https:\/\/www.mauritiusschule-ibb.de\/index.php?rest_route=\/wp\/v2\/pages\/109"}],"wp:attachment":[{"href":"https:\/\/www.mauritiusschule-ibb.de\/index.php?rest_route=%2Fwp%2Fv2%2Fmedia&parent=175"}],"curies":[{"name":"wp","href":"https:\/\/api.w.org\/{rel}","templated":true}]}}