{"id":171,"date":"2014-01-07T21:14:58","date_gmt":"2014-01-07T20:14:58","guid":{"rendered":"http:\/\/neu.mauritiusschule-ibb.de\/?page_id=171"},"modified":"2023-09-11T20:01:10","modified_gmt":"2023-09-11T18:01:10","slug":"kinderkonferenz","status":"publish","type":"page","link":"https:\/\/www.mauritiusschule-ibb.de\/?page_id=171","title":{"rendered":"Kinderkonferenz"},"content":{"rendered":"<p>In regelm\u00e4\u00dfigen Abst\u00e4nden finden in der Mauritiusschule Kinderkonferenzen statt, in denen das Schulleben betreffende Angelegenheiten diskutiert werden.<\/p>\n<p>Jede Klasse schickt zwei Vertreter in diese Kinderkonferenz (KIKO), die die Meinung der Klasse vertreten und gemeinsam mit zwei Lehrerinnen zu einem Ergebnis kommen. Dieses wird im Anschluss in den Klassen vorgestellt.<\/p>\n<p>In der KiKo wurde beispielsweise dar\u00fcber gesprochen, ob in der Mauritiusschule Hausschuhe getragen werden sollen und ob der Einsatz von Schulhoflotsen eine Bereicherung f\u00fcr die Pausenzeiten darstellen kann. Beides wurde auf Wunsch der Sch\u00fclerschaft in unserer Schule eingef\u00fchrt.<\/p>\n<p>Ebenso k\u00f6nnen die Klassenvertreter der Konferenz gegen\u00fcber W\u00fcnsche oder Anliegen der Klassen mitteilen, die diskutiert werden.<\/p>\n<p>Die Kinderkonferenz stellt einen gro\u00dfen Gewinn f\u00fcr das Schulleben an der Mauritiusschule dar, da die Sch\u00fcler ihre Rolle mit einer gro\u00dfen Ernsthaftigkeit wahrnehmen und Entscheidungen von allen am Schulleben Betroffenen gemeinsam gef\u00e4llt werden.<\/p>\n","protected":false},"excerpt":{"rendered":"<p>In regelm\u00e4\u00dfigen Abst\u00e4nden finden in der Mauritiusschule Kinderkonferenzen statt, in denen das Schulleben betreffende Angelegenheiten diskutiert werden. Jede Klasse schickt zwei Vertreter in diese Kinderkonferenz (KIKO), die die Meinung der Klasse vertreten und gemeinsam mit zwei Lehrerinnen zu einem Ergebnis &hellip;<\/p>\n<p class=\"read-more\"> <a class=\"more-link\" href=\"https:\/\/www.mauritiusschule-ibb.de\/?page_id=171\"> <span class=\"screen-reader-text\">Kinderkonferenz<\/span> Weiterlesen &raquo;<\/a><\/p>\n","protected":false},"author":6,"featured_media":0,"parent":109,"menu_order":0,"comment_status":"closed","ping_status":"closed","template":"","meta":{"footnotes":""},"class_list":["post-171","page","type-page","status-publish","hentry"],"_links":{"self":[{"href":"https:\/\/www.mauritiusschule-ibb.de\/index.php?rest_route=\/wp\/v2\/pages\/171","targetHints":{"allow":["GET"]}}],"collection":[{"href":"https:\/\/www.mauritiusschule-ibb.de\/index.php?rest_route=\/wp\/v2\/pages"}],"about":[{"href":"https:\/\/www.mauritiusschule-ibb.de\/index.php?rest_route=\/wp\/v2\/types\/page"}],"author":[{"embeddable":true,"href":"https:\/\/www.mauritiusschule-ibb.de\/index.php?rest_route=\/wp\/v2\/users\/6"}],"replies":[{"embeddable":true,"href":"https:\/\/www.mauritiusschule-ibb.de\/index.php?rest_route=%2Fwp%2Fv2%2Fcomments&post=171"}],"version-history":[{"count":4,"href":"https:\/\/www.mauritiusschule-ibb.de\/index.php?rest_route=\/wp\/v2\/pages\/171\/revisions"}],"predecessor-version":[{"id":6591,"href":"https:\/\/www.mauritiusschule-ibb.de\/index.php?rest_route=\/wp\/v2\/pages\/171\/revisions\/6591"}],"up":[{"embeddable":true,"href":"https:\/\/www.mauritiusschule-ibb.de\/index.php?rest_route=\/wp\/v2\/pages\/109"}],"wp:attachment":[{"href":"https:\/\/www.mauritiusschule-ibb.de\/index.php?rest_route=%2Fwp%2Fv2%2Fmedia&parent=171"}],"curies":[{"name":"wp","href":"https:\/\/api.w.org\/{rel}","templated":true}]}}