{"id":169,"date":"2014-01-07T21:14:41","date_gmt":"2014-01-07T20:14:41","guid":{"rendered":"http:\/\/neu.mauritiusschule-ibb.de\/?page_id=169"},"modified":"2021-05-07T10:00:39","modified_gmt":"2021-05-07T08:00:39","slug":"gemeinsamer-unterricht","status":"publish","type":"page","link":"https:\/\/www.mauritiusschule-ibb.de\/?page_id=169","title":{"rendered":"Gemeinsames Lernen"},"content":{"rendered":"<p>Seit Beginn des Schuljahres 1996\/1997 bietet die Mauritiusschule f\u00fcr Sch\u00fcler\/innen<br>\nmit sonderp\u00e4dagogischem F\u00f6rderbedarf die M\u00f6glichkeit des Gemeinsamen Lernens in einer Grundschulklasse.<br>\nKinder mit unterschiedlichen F\u00f6rderschwerpunkten werden gemeinsam mit anderen Kindern unterrichtet.<\/p>\n<p>Zur Zeit gibt es in jeder Jahrgangsstufe zwei integrative Klassen mit 2 &#8211; 6 Kindern mit sonderp\u00e4dagogischem F\u00f6rderbedarf. Mindestens zwei Stunden t\u00e4glich unterrichten eine Grundschullehrerin und eine F\u00f6rderschullehrerin in diesen Klassen gemeinsam.<\/p>\n<p>Im Rahmen von&nbsp; &#8222;offenen Unterrichtsmethoden&#8220;&nbsp; (Wochenplanarbeit, Lernen an Stationen,&#8230;) erhalten die Kinder mit sonderp\u00e4dagogischem F\u00f6rderbedarf ihren F\u00e4higkeiten entsprechend besondere Aufgaben oder sie bekommen individuelle Hilfen. Gegebenenfalls werden sie f\u00fcr einzelne Stunden oder ein bestimmtes Unterrichtsfach in einer Kleingruppe unterrichtet.<\/p>\n<p>Dar\u00fcber hinaus werden je nach Bedarf und organisatorischen M\u00f6glichkeiten gezielte F\u00f6rderstunden in den Bereichen Wahrnehmung, Sprache\/Sprechen, Konzentration und Motorik angeboten.<\/p>\n<p>Die Erfahrungen der letzten Jahre haben gezeigt, dass alle Kinder einer Klasse vom Gemeinsamen Lernen profitieren.<\/p>\n<p>Sie erfahren die Aufmerksamkeit und die Unterst\u00fctzung zweier Lehrerinnen und lernen wie selbstverst\u00e4ndlich, jedes Kind mit seinen besonderen F\u00e4higkeiten und Schw\u00e4chen zu akzeptieren.<\/p>\n<p>Unsere Sonderp\u00e4dagoginnen sind:<\/p>\n<p><a href=\"http:\/\/neu.mauritiusschule-ibb.de\/wp-content\/uploads\/2014\/01\/SANY0023.jpg\" rel=\"lightbox[169]\"><img loading=\"lazy\" decoding=\"async\" class=\"alignnone size-full wp-image-232\" src=\"http:\/\/neu.mauritiusschule-ibb.de\/wp-content\/uploads\/2014\/01\/SANY0023.jpg\" alt=\"gu-sp\" width=\"600\" height=\"400\" srcset=\"https:\/\/www.mauritiusschule-ibb.de\/wp-content\/uploads\/2014\/01\/SANY0023.jpg 600w, https:\/\/www.mauritiusschule-ibb.de\/wp-content\/uploads\/2014\/01\/SANY0023-300x200.jpg 300w\" sizes=\"auto, (max-width: 600px) 100vw, 600px\" \/><\/a><\/p>\n<p>Frau Wahlbrink, Frau Wilke, Frau Kroner<\/p>\n\n\n<figure class=\"wp-block-image size-large is-resized is-style-default\"><a href=\"https:\/\/www.mauritiusschule-ibb.de\/wp-content\/uploads\/2021\/05\/QiU-scaled.jpg\" rel=\"lightbox[169]\"><img loading=\"lazy\" decoding=\"async\" src=\"https:\/\/www.mauritiusschule-ibb.de\/wp-content\/uploads\/2021\/05\/QiU-718x1024.jpg\" alt=\"\" class=\"wp-image-5272\" width=\"351\" height=\"500\" srcset=\"https:\/\/www.mauritiusschule-ibb.de\/wp-content\/uploads\/2021\/05\/QiU-718x1024.jpg 718w, https:\/\/www.mauritiusschule-ibb.de\/wp-content\/uploads\/2021\/05\/QiU-210x300.jpg 210w, https:\/\/www.mauritiusschule-ibb.de\/wp-content\/uploads\/2021\/05\/QiU-768x1096.jpg 768w, https:\/\/www.mauritiusschule-ibb.de\/wp-content\/uploads\/2021\/05\/QiU-1077x1536.jpg 1077w, https:\/\/www.mauritiusschule-ibb.de\/wp-content\/uploads\/2021\/05\/QiU-1435x2048.jpg 1435w, https:\/\/www.mauritiusschule-ibb.de\/wp-content\/uploads\/2021\/05\/QiU-100x143.jpg 100w, https:\/\/www.mauritiusschule-ibb.de\/wp-content\/uploads\/2021\/05\/QiU-150x214.jpg 150w, https:\/\/www.mauritiusschule-ibb.de\/wp-content\/uploads\/2021\/05\/QiU-200x285.jpg 200w, https:\/\/www.mauritiusschule-ibb.de\/wp-content\/uploads\/2021\/05\/QiU-300x428.jpg 300w, https:\/\/www.mauritiusschule-ibb.de\/wp-content\/uploads\/2021\/05\/QiU-450x642.jpg 450w, https:\/\/www.mauritiusschule-ibb.de\/wp-content\/uploads\/2021\/05\/QiU-600x856.jpg 600w, https:\/\/www.mauritiusschule-ibb.de\/wp-content\/uploads\/2021\/05\/QiU-900x1284.jpg 900w, https:\/\/www.mauritiusschule-ibb.de\/wp-content\/uploads\/2021\/05\/QiU-scaled.jpg 1794w\" sizes=\"auto, (max-width: 351px) 100vw, 351px\" \/><\/a><\/figure>\n","protected":false},"excerpt":{"rendered":"<p>Seit Beginn des Schuljahres 1996\/1997 bietet die Mauritiusschule f\u00fcr Sch\u00fcler\/innen mit sonderp\u00e4dagogischem F\u00f6rderbedarf die M\u00f6glichkeit des Gemeinsamen Lernens in einer Grundschulklasse. Kinder mit unterschiedlichen F\u00f6rderschwerpunkten werden gemeinsam mit anderen Kindern unterrichtet. Zur Zeit gibt es in jeder Jahrgangsstufe zwei integrative &hellip;<\/p>\n<p class=\"read-more\"> <a class=\"more-link\" href=\"https:\/\/www.mauritiusschule-ibb.de\/?page_id=169\"> <span class=\"screen-reader-text\">Gemeinsames Lernen<\/span> Weiterlesen &raquo;<\/a><\/p>\n","protected":false},"author":6,"featured_media":0,"parent":109,"menu_order":0,"comment_status":"closed","ping_status":"closed","template":"","meta":{"footnotes":""},"class_list":["post-169","page","type-page","status-publish","hentry"],"_links":{"self":[{"href":"https:\/\/www.mauritiusschule-ibb.de\/index.php?rest_route=\/wp\/v2\/pages\/169","targetHints":{"allow":["GET"]}}],"collection":[{"href":"https:\/\/www.mauritiusschule-ibb.de\/index.php?rest_route=\/wp\/v2\/pages"}],"about":[{"href":"https:\/\/www.mauritiusschule-ibb.de\/index.php?rest_route=\/wp\/v2\/types\/page"}],"author":[{"embeddable":true,"href":"https:\/\/www.mauritiusschule-ibb.de\/index.php?rest_route=\/wp\/v2\/users\/6"}],"replies":[{"embeddable":true,"href":"https:\/\/www.mauritiusschule-ibb.de\/index.php?rest_route=%2Fwp%2Fv2%2Fcomments&post=169"}],"version-history":[{"count":10,"href":"https:\/\/www.mauritiusschule-ibb.de\/index.php?rest_route=\/wp\/v2\/pages\/169\/revisions"}],"predecessor-version":[{"id":5274,"href":"https:\/\/www.mauritiusschule-ibb.de\/index.php?rest_route=\/wp\/v2\/pages\/169\/revisions\/5274"}],"up":[{"embeddable":true,"href":"https:\/\/www.mauritiusschule-ibb.de\/index.php?rest_route=\/wp\/v2\/pages\/109"}],"wp:attachment":[{"href":"https:\/\/www.mauritiusschule-ibb.de\/index.php?rest_route=%2Fwp%2Fv2%2Fmedia&parent=169"}],"curies":[{"name":"wp","href":"https:\/\/api.w.org\/{rel}","templated":true}]}}