{"id":159,"date":"2014-01-07T21:08:11","date_gmt":"2014-01-07T20:08:11","guid":{"rendered":"http:\/\/neu.mauritiusschule-ibb.de\/?page_id=159"},"modified":"2024-12-05T11:27:29","modified_gmt":"2024-12-05T10:27:29","slug":"kooperationspartner","status":"publish","type":"page","link":"https:\/\/www.mauritiusschule-ibb.de\/?page_id=159","title":{"rendered":"Kooperationspartner"},"content":{"rendered":"<p><strong>An der Mauritiusschule werden wir von mehreren Kooperationspartnern unterst\u00fctzt.<\/strong><\/p>\n<p><em><strong>1.<\/strong><\/em><br \/>\n<em><strong>LWL \u2013 Schulsozialarbeit im Rahmen des Bildungs- und Teilhabepakets<\/strong><\/em><br \/>\n<em><strong> Schulsozialarbeit im Rahmen des Bildungs- und Teilhabepakets<\/strong><\/em><\/p>\n<p>Als Ansprechpartnerin f\u00fcr alle Fragen rund um das Bildungs- und Teilhabegesetz steht M. Gertzen nach Absprache (Tel.: 0151 40637933) zur Verf\u00fcgung. Es sieht vor, Sie und Ihre Kinder in besonderem Ma\u00dfe zu unterst\u00fctzen, wenn Sie Anspruch haben auf:<\/p>\n<p>&#8211; Leistungen nach dem SGB II (Arbeitslosengeld II oder Sozialgeld)<br \/>\n&#8211; Sozialhilfe nach dem SGB XII<br \/>\n&#8211; Wohngeld oder Kinderzuschlag<br \/>\n&#8211;\u00a0 Asylbewerberleistungsgesetz &#8211; Welche Leistungen gibt es?<br \/>\n&#8211;\u00a0 Teilhabe am sozialen und kulturellen Leben ( z. B. Mitgliedsbeitr\u00e4ge f\u00fcr Vereine, Musikunterricht, Schwimmkurs oder Ferienfreizeiten)<br \/>\n&#8211;\u00a0 Klassenfahrten und Ausfl\u00fcge<br \/>\n&#8211;\u00a0 Nachhilfe<br \/>\n&#8211;\u00a0 Schulmittagessen<br \/>\n&#8211;\u00a0 Sch\u00fclerbef\u00f6rderung<br \/>\n&#8211;\u00a0 Pers\u00f6nlicher Schulbedarf ( z.B. f\u00fcr Kopiergeld, Stifte, Hefte oder Tornister)<br \/>\nDie Antr\u00e4ge und die M\u00fcnsterlandkarte erhalten Sie von Ihrem Sachbearbeiter bei der Stadt Ibbenb\u00fcren.<br \/>\nWenn Sie z. B. Hilfe bei der Antragstellung oder der Suche nach einem Verein w\u00fcnschen oder unsicher sind, ob Sie Anspruch auf diese Leistungen haben, rufen Sie an. Wir k\u00f6nnen dann kurzfristig einen Gespr\u00e4chstermin miteinander vereinbaren.<br \/>\nM. Gertzen \u00a0\u00a0\u00a0\u00a0\u00a0\u00a0\u00a0 Tel.: 0151-40637933<br \/>\nLWL Jugendheim Tecklenburg<\/p>\n<p><a href=\"https:\/\/www.mauritiusschule-ibb.de\/wp-content\/uploads\/2014\/01\/Brosch\u00fcre.pdf\">Brosch\u00fcre<\/a><\/p>\n<p><em><strong><br \/>\n2.<\/strong><\/em><br \/>\n<em><strong> Beratung in Grundschulen \u2013 BIG:<\/strong><\/em><\/p>\n<p>Ein langj\u00e4hriger Kooperationspartner der Mauritiusschule ist die Ev. Jugendhilfe M\u00fcnsterland. Sie unterst\u00fctzt auf vielf\u00e4ltige Weise die Arbeit der Schule und ber\u00e4t, in Zusammenarbeit mit dem Jugendamt der Stadt Ibbenb\u00fcren, Eltern und Lehrer in erzieherischen und schulischen Fragen.<br \/>\nDazu bietet die Ev. Jugendhilfe Sprechstunden in den Ibbenb\u00fcrener Schulen an.<br \/>\nMit dieser Beratung ist es m\u00f6glich, erzieherische Probleme noch fr\u00fcher festzustellen und rechtzeitig darauf zu reagieren.<br \/>\nAn der Mauritiusschule ist Solveig Lehmann von der Ev. Jugendhilfe M\u00fcnsterland als Sozialp\u00e4dagogin t\u00e4tig.<br \/>\nWenn Sie Fragen haben oder einen Austausch w\u00fcnschen, ist Frau Lehmann donnerstags in der Zeit von 11:00 bis 13:00 Uhr im Lehrerzimmer oder im Elternsprechzimmer der Mauritiusschule erreichbar. Neben diesen Sprechzeiten k\u00f6nnen auch Termine telefonisch oder per Mail vereinbart werden:<br \/>\nTelefon: 0151 72032730<br \/>\nMail: lehmann@ev-jugendhilfe.de<\/p>\n<p><a href=\"https:\/\/www.mauritiusschule-ibb.de\/wp-content\/uploads\/2024\/12\/Informationsschreiben.pdf\">Informationsschreiben<\/a><\/p>\n<p><em><strong>3.<\/strong><\/em><br \/>\n<em><strong> \u201eWir f\u00fcr Kinder\u201c &#8211; Ein ehrenamtliches Projekt der B\u00fcrgerstiftung Tecklenburger Land in Kooperation mit dem SKF.<br \/>\n<\/strong><\/em><\/p>\n<p>Ein weiterer Kooperationspartner der Mauritiusschule ist der Sozialdienst katholischer Frauen, kurz SkF. Seit Januar 2012 arbeitet die Schule und der SkF zusammen mit dem Pr\u00e4ventionsprojekt \u201eWir f\u00fcr Kinder\u201c, das von der B\u00fcrgerstiftung Tecklenburger Land und dem SkF in Ibbenb\u00fcren ins Leben gerufen wurde und von der Aktion Mensch gef\u00f6rdert wird.<br \/>\nF\u00fcr ca. 2-5 Stunden pro Woche engagieren sich ehrenamtliche B\u00fcrger im Erziehungs- und Bildungsbereich f\u00fcr belastete Kinder im Alter von 3 bis 12 Jahren. Sie gehen in Grundschulen und Familienzentren, unterst\u00fctzen einzelne Kinder w\u00e4hrend des Unterrichts oder bei den Hausaufgaben, f\u00f6rdern die Sprachentwicklung, begleiten in Arbeitsgemeinschaften, spielen, basteln, schenken einzelnen Kindern Zeit und Aufmerksamkeit. Sie entlasten Lehrer und Erzieher und werden zum Partner der Familien.<\/p>\n<p>Die Ehrenamtlichen werden zuvor qualifiziert durch die Fabi und den SkF (Abschluss mit Zertifikat). Themen wie Entwicklungspsychologie bei Kindern, Grundlagen der Kommunikation, Aggression und Gewalt, Verhaltensauff\u00e4lligkeiten sind unter anderem Inhalte der insgesamt 40 Unterrichtsstunden.<\/p>\n<p>Zurzeit sind bei uns an der Schule Frau Dohmen, Frau Book, Frau Ullrich und Frau Jagemann, Frau Ennen und Herr Imping t\u00e4tig.<\/p>\n<p><strong>4. <\/strong><br \/>\n<strong>Regionale Schulberatungsstelle des Kreises Steinfurt:<\/strong><\/p>\n<p>Ob Stress bei den Hausaufgaben oder Unruhe im Klassenzimmer, ob Schwierigkeiten mit dem Lernen oder Konflikte in der Schule: Die PsychologInnen der Regionalen Schulberatungsstelle bieten Sch\u00fclerInnen, Eltern sowie Lehrkr\u00e4ften vertrauliche und sachkundige Beratung bei Problemen im Schulalltag. Unsere Angebote umfassen Individualberatung sowie Systemberatung (Fortbildungen, Supervision und Elternabende).<\/p>\n<p>In Notf\u00e4llen in der Schule wie Tod, Suizid (-androhung), schwerer Gewalt (-androhung) etc. stehen wir Schulleitungen und Krisenteams beratend zur Seite und unterst\u00fctzen beim Krisenmanagement. Gerne beraten wir auch bei Fragen zum Aufbau von schulischen Krisenteams und der Vorbereitung auf Notf\u00e4lle.<\/p>\n<p>Die Regionale Schulberatungsstelle ist zust\u00e4ndig f\u00fcr alle allgemein- und berufsbildenden Schulen.<\/p>\n<p>RSB des Kreises Steinfurt<br \/>\nTecklenburgerstra\u00dfe 10<br \/>\n48565 Steinfurt<br \/>\nTel.: 02551 691514<\/p>\n<p>Vertraulichkeit und Kosten<br \/>\nDie Schulberatungsstelle ist eine Einrichtung des Kreises Steinfurt. Die landes- und kreisbediensteten MitarbeiterInnen der Beratungsstelle unterliegen der Schweigepflicht. Die Beratung ist f\u00fcr alle Beteiligten freiwillig und kostenfrei.<\/p>\n","protected":false},"excerpt":{"rendered":"<p>An der Mauritiusschule werden wir von mehreren Kooperationspartnern unterst\u00fctzt. 1. LWL \u2013 Schulsozialarbeit im Rahmen des Bildungs- und Teilhabepakets Schulsozialarbeit im Rahmen des Bildungs- und Teilhabepakets Als Ansprechpartnerin f\u00fcr alle Fragen rund um das Bildungs- und Teilhabegesetz steht M. Gertzen &hellip;<\/p>\n<p class=\"read-more\"> <a class=\"more-link\" href=\"https:\/\/www.mauritiusschule-ibb.de\/?page_id=159\"> <span class=\"screen-reader-text\">Kooperationspartner<\/span> Weiterlesen &raquo;<\/a><\/p>\n","protected":false},"author":6,"featured_media":0,"parent":139,"menu_order":0,"comment_status":"closed","ping_status":"closed","template":"","meta":{"footnotes":""},"class_list":["post-159","page","type-page","status-publish","hentry"],"_links":{"self":[{"href":"https:\/\/www.mauritiusschule-ibb.de\/index.php?rest_route=\/wp\/v2\/pages\/159","targetHints":{"allow":["GET"]}}],"collection":[{"href":"https:\/\/www.mauritiusschule-ibb.de\/index.php?rest_route=\/wp\/v2\/pages"}],"about":[{"href":"https:\/\/www.mauritiusschule-ibb.de\/index.php?rest_route=\/wp\/v2\/types\/page"}],"author":[{"embeddable":true,"href":"https:\/\/www.mauritiusschule-ibb.de\/index.php?rest_route=\/wp\/v2\/users\/6"}],"replies":[{"embeddable":true,"href":"https:\/\/www.mauritiusschule-ibb.de\/index.php?rest_route=%2Fwp%2Fv2%2Fcomments&post=159"}],"version-history":[{"count":28,"href":"https:\/\/www.mauritiusschule-ibb.de\/index.php?rest_route=\/wp\/v2\/pages\/159\/revisions"}],"predecessor-version":[{"id":7329,"href":"https:\/\/www.mauritiusschule-ibb.de\/index.php?rest_route=\/wp\/v2\/pages\/159\/revisions\/7329"}],"up":[{"embeddable":true,"href":"https:\/\/www.mauritiusschule-ibb.de\/index.php?rest_route=\/wp\/v2\/pages\/139"}],"wp:attachment":[{"href":"https:\/\/www.mauritiusschule-ibb.de\/index.php?rest_route=%2Fwp%2Fv2%2Fmedia&parent=159"}],"curies":[{"name":"wp","href":"https:\/\/api.w.org\/{rel}","templated":true}]}}