{"id":157,"date":"2014-01-07T21:07:51","date_gmt":"2014-01-07T20:07:51","guid":{"rendered":"http:\/\/neu.mauritiusschule-ibb.de\/?page_id=157"},"modified":"2018-06-03T15:04:41","modified_gmt":"2018-06-03T13:04:41","slug":"buecherei-team","status":"publish","type":"page","link":"https:\/\/www.mauritiusschule-ibb.de\/?page_id=157","title":{"rendered":"B\u00fccherei-Team"},"content":{"rendered":"<p><strong>Neues aus der B\u00fccherei!<\/strong><br \/>\nSeit dem neuen Schuljahr hat sich einiges in der B\u00fccherei ge\u00e4ndert: Dank der B\u00fccherei-Helferin Judith Krusemeyer, die ein Computerprogramm f\u00fcr unsere B\u00fccherei geschrieben hat, wird die Ausleihe und R\u00fcckgabe jetzt per EDV und Barcode-Scanner abgewickelt. Daf\u00fcr wurden alle B\u00fccher neu erfasst und auch die Sch\u00fcler\/innen haben neue B\u00fccherei-Ausweise in Kartenformat erhalten.<br \/>\nDer F\u00f6rderverein hat im letzten Jahr wieder 500 Euro f\u00fcr neue B\u00fccher bewilligt. Das Geld wurde in 74 B\u00fccher investiert, z. T. gut erhaltene B\u00fccher vom Flohmarkt.<br \/>\nErfreulich festzustellen ist noch, dass sich 12 neue M\u00fctter, \u00fcberwiegend aus den 1. Klassen, zum B\u00fccherei-Dienst gemeldet haben.<br \/>\nBeim ersten B\u00fcchereiflohmarkt im Rahmen der Projektpr\u00e4sentationen konnte ein \u201eGewinn\u201c von 60,00 Euro erzielt werden. Von diesem Geld werden wieder B\u00fccher zur Ausleihe gekauft! Danke an alle, die B\u00fccher gespendet und sich am Verkauf beteiligt haben.<\/p>\n","protected":false},"excerpt":{"rendered":"<p>Neues aus der B\u00fccherei! Seit dem neuen Schuljahr hat sich einiges in der B\u00fccherei ge\u00e4ndert: Dank der B\u00fccherei-Helferin Judith Krusemeyer, die ein Computerprogramm f\u00fcr unsere B\u00fccherei geschrieben hat, wird die Ausleihe und R\u00fcckgabe jetzt per EDV und Barcode-Scanner abgewickelt. Daf\u00fcr &hellip;<\/p>\n<p class=\"read-more\"> <a class=\"more-link\" href=\"https:\/\/www.mauritiusschule-ibb.de\/?page_id=157\"> <span class=\"screen-reader-text\">B\u00fccherei-Team<\/span> Weiterlesen &raquo;<\/a><\/p>\n","protected":false},"author":6,"featured_media":0,"parent":139,"menu_order":0,"comment_status":"closed","ping_status":"closed","template":"","meta":{"footnotes":""},"class_list":["post-157","page","type-page","status-publish","hentry"],"_links":{"self":[{"href":"https:\/\/www.mauritiusschule-ibb.de\/index.php?rest_route=\/wp\/v2\/pages\/157","targetHints":{"allow":["GET"]}}],"collection":[{"href":"https:\/\/www.mauritiusschule-ibb.de\/index.php?rest_route=\/wp\/v2\/pages"}],"about":[{"href":"https:\/\/www.mauritiusschule-ibb.de\/index.php?rest_route=\/wp\/v2\/types\/page"}],"author":[{"embeddable":true,"href":"https:\/\/www.mauritiusschule-ibb.de\/index.php?rest_route=\/wp\/v2\/users\/6"}],"replies":[{"embeddable":true,"href":"https:\/\/www.mauritiusschule-ibb.de\/index.php?rest_route=%2Fwp%2Fv2%2Fcomments&post=157"}],"version-history":[{"count":10,"href":"https:\/\/www.mauritiusschule-ibb.de\/index.php?rest_route=\/wp\/v2\/pages\/157\/revisions"}],"predecessor-version":[{"id":2955,"href":"https:\/\/www.mauritiusschule-ibb.de\/index.php?rest_route=\/wp\/v2\/pages\/157\/revisions\/2955"}],"up":[{"embeddable":true,"href":"https:\/\/www.mauritiusschule-ibb.de\/index.php?rest_route=\/wp\/v2\/pages\/139"}],"wp:attachment":[{"href":"https:\/\/www.mauritiusschule-ibb.de\/index.php?rest_route=%2Fwp%2Fv2%2Fmedia&parent=157"}],"curies":[{"name":"wp","href":"https:\/\/api.w.org\/{rel}","templated":true}]}}