{"id":155,"date":"2014-01-07T21:07:34","date_gmt":"2014-01-07T20:07:34","guid":{"rendered":"http:\/\/neu.mauritiusschule-ibb.de\/?page_id=155"},"modified":"2019-03-05T11:19:20","modified_gmt":"2019-03-05T10:19:20","slug":"garten-team","status":"publish","type":"page","link":"https:\/\/www.mauritiusschule-ibb.de\/?page_id=155","title":{"rendered":"Garten-Team"},"content":{"rendered":"<p><strong><span style=\"color: #008000;\">Hier sehen Sie die neue Pr\u00e4sentation zu unserem Schulgarten:<\/span><\/strong><\/p>\n<p><a href=\"https:\/\/www.mauritiusschule-ibb.de\/wp-content\/uploads\/2019\/03\/F\u00f6rderprogramm-f\u00fcr-Bl\u00fchfl\u00e4chen-im-Kreis-Steinfurt-geht-an-den-Start.pdf\"><strong>F\u00f6rderprogramm f\u00fcr Bl\u00fchfl\u00e4chen im Kreis Steinfurt geht an den Start<\/strong><\/a><\/p>\n<p><a href=\"http:\/\/neu.mauritiusschule-ibb.de\/wp-content\/uploads\/2018\/10\/Gro\u00dfe-Aktionen-im-Schulgarten.pdf\">Gro\u00dfe Aktionen im Schulgarten<\/a><\/p>\n<p><span style=\"text-decoration: underline;\"><strong>Das Gartenteam informiert:<\/strong><\/span><br \/>\n<strong>Interessierte Eltern k\u00f6nnen sich im Sekretariat anmelden.\u00a0<\/strong><\/p>\n","protected":false},"excerpt":{"rendered":"<p>Hier sehen Sie die neue Pr\u00e4sentation zu unserem Schulgarten: F\u00f6rderprogramm f\u00fcr Bl\u00fchfl\u00e4chen im Kreis Steinfurt geht an den Start Gro\u00dfe Aktionen im Schulgarten Das Gartenteam informiert: Interessierte Eltern k\u00f6nnen sich im Sekretariat anmelden.\u00a0<\/p>\n","protected":false},"author":6,"featured_media":0,"parent":139,"menu_order":0,"comment_status":"closed","ping_status":"closed","template":"","meta":{"footnotes":""},"class_list":["post-155","page","type-page","status-publish","hentry"],"_links":{"self":[{"href":"https:\/\/www.mauritiusschule-ibb.de\/index.php?rest_route=\/wp\/v2\/pages\/155","targetHints":{"allow":["GET"]}}],"collection":[{"href":"https:\/\/www.mauritiusschule-ibb.de\/index.php?rest_route=\/wp\/v2\/pages"}],"about":[{"href":"https:\/\/www.mauritiusschule-ibb.de\/index.php?rest_route=\/wp\/v2\/types\/page"}],"author":[{"embeddable":true,"href":"https:\/\/www.mauritiusschule-ibb.de\/index.php?rest_route=\/wp\/v2\/users\/6"}],"replies":[{"embeddable":true,"href":"https:\/\/www.mauritiusschule-ibb.de\/index.php?rest_route=%2Fwp%2Fv2%2Fcomments&post=155"}],"version-history":[{"count":9,"href":"https:\/\/www.mauritiusschule-ibb.de\/index.php?rest_route=\/wp\/v2\/pages\/155\/revisions"}],"predecessor-version":[{"id":3829,"href":"https:\/\/www.mauritiusschule-ibb.de\/index.php?rest_route=\/wp\/v2\/pages\/155\/revisions\/3829"}],"up":[{"embeddable":true,"href":"https:\/\/www.mauritiusschule-ibb.de\/index.php?rest_route=\/wp\/v2\/pages\/139"}],"wp:attachment":[{"href":"https:\/\/www.mauritiusschule-ibb.de\/index.php?rest_route=%2Fwp%2Fv2%2Fmedia&parent=155"}],"curies":[{"name":"wp","href":"https:\/\/api.w.org\/{rel}","templated":true}]}}