{"id":123,"date":"2013-12-17T21:34:26","date_gmt":"2013-12-17T20:34:26","guid":{"rendered":"http:\/\/neu.mauritiusschule-ibb.de\/?page_id=123"},"modified":"2026-04-09T20:32:17","modified_gmt":"2026-04-09T18:32:17","slug":"kollegium","status":"publish","type":"page","link":"https:\/\/www.mauritiusschule-ibb.de\/?page_id=123","title":{"rendered":"Kollegium"},"content":{"rendered":"\n<figure class=\"wp-block-image aligncenter size-full is-style-default\"><a href=\"https:\/\/www.mauritiusschule-ibb.de\/wp-content\/uploads\/2024\/11\/Kollegium-scaled.jpg\" rel=\"lightbox[123]\"><img loading=\"lazy\" decoding=\"async\" width=\"2560\" height=\"1707\" src=\"https:\/\/www.mauritiusschule-ibb.de\/wp-content\/uploads\/2024\/11\/Kollegium-scaled.jpg\" alt=\"\" class=\"wp-image-7268\" srcset=\"https:\/\/www.mauritiusschule-ibb.de\/wp-content\/uploads\/2024\/11\/Kollegium-scaled.jpg 2560w, https:\/\/www.mauritiusschule-ibb.de\/wp-content\/uploads\/2024\/11\/Kollegium-300x200.jpg 300w, https:\/\/www.mauritiusschule-ibb.de\/wp-content\/uploads\/2024\/11\/Kollegium-1024x683.jpg 1024w, https:\/\/www.mauritiusschule-ibb.de\/wp-content\/uploads\/2024\/11\/Kollegium-768x512.jpg 768w, https:\/\/www.mauritiusschule-ibb.de\/wp-content\/uploads\/2024\/11\/Kollegium-1536x1024.jpg 1536w, https:\/\/www.mauritiusschule-ibb.de\/wp-content\/uploads\/2024\/11\/Kollegium-2048x1365.jpg 2048w, https:\/\/www.mauritiusschule-ibb.de\/wp-content\/uploads\/2024\/11\/Kollegium-100x67.jpg 100w, https:\/\/www.mauritiusschule-ibb.de\/wp-content\/uploads\/2024\/11\/Kollegium-150x100.jpg 150w, https:\/\/www.mauritiusschule-ibb.de\/wp-content\/uploads\/2024\/11\/Kollegium-200x133.jpg 200w, https:\/\/www.mauritiusschule-ibb.de\/wp-content\/uploads\/2024\/11\/Kollegium-450x300.jpg 450w, https:\/\/www.mauritiusschule-ibb.de\/wp-content\/uploads\/2024\/11\/Kollegium-600x400.jpg 600w, https:\/\/www.mauritiusschule-ibb.de\/wp-content\/uploads\/2024\/11\/Kollegium-900x600.jpg 900w\" sizes=\"auto, (max-width: 2560px) 100vw, 2560px\" \/><\/a><\/figure>\n\n\n<p style=\"text-align: left;\">An unserer Schule unterrichten 23 Lehrerinnen, 3 Sonderp\u00e4dagoginnen, 2 sozialp\u00e4dagogische Fachkr\u00e4fte und <br \/>1 Lehramtsanw\u00e4rterin.<br \/>Wenn Sie ein Gespr\u00e4ch mit uns w\u00fcnschen, stehen wir Ihnen gerne zur Verf\u00fcgung.<br \/>Bitte melden Sie sich vorher bei uns, damit wir den Termin vereinbaren k\u00f6nnen.<\/p>\n<p style=\"text-align: left;\">Lehrerinnen:<br \/>Monika Althaus (Schulleiterin)<\/p>\n<p>Sabine Erfmann (Klasse 1a)<br \/>Lena Kestermann \/ Kim Kohlstedte (Klasse 1b)<br \/>Julia Leugers (Klasse 1c)<br \/>Claudia Post (Klasse 2a)<br \/>Christine Rep\u00f6hler (Klasse 2b)<br \/>Katja Zander (Klasse 2c)<br \/>Silke Foitzik (Klasse 3a)<br \/>Katja K\u00f6rber (Klasse 3b)<br \/>Sarah Hammerschmidt (Klasse 3c)<br \/>Katja Hovestadt (Klasse 4a)<br \/>Monika Otte (Klasse 4b)<br \/>Stefanie Walter \/ Heike Heskamp (Klasse 4c)<\/p>\n<p>Ursula Bischoff<br \/>Beate G\u00f6ldner<br \/>Evelyn Renken<br \/>Anne Schubert<\/p>\n<p>Lehramtsanw\u00e4rterin:<br \/>Aileen Kn\u00fcppe<\/p>\n<p>Sonderp\u00e4dagoginnen:<br \/>Marion Wahlbrink<br \/>Christel Kroner<br \/>Karin Wilke<\/p>\n<p>Sozialp\u00e4dagogische Fachkr\u00e4fte:<br \/>Melanie Etgeton (sozialp\u00e4dagogische Fachkraft in der Schuleingangsphase)<br \/>Melissa P\u00fchs (sozialp\u00e4dagogische Fachkraft im multiprofessionellen Team)<\/p>\n<p style=\"text-align: left;\">\u00a0<\/p>","protected":false},"excerpt":{"rendered":"<p>An unserer Schule unterrichten 23 Lehrerinnen, 3 Sonderp\u00e4dagoginnen, 2 sozialp\u00e4dagogische Fachkr\u00e4fte und 1 Lehramtsanw\u00e4rterin.Wenn Sie ein Gespr\u00e4ch mit uns w\u00fcnschen, stehen wir Ihnen gerne zur Verf\u00fcgung.Bitte melden Sie sich vorher bei uns, damit wir den Termin vereinbaren k\u00f6nnen. Lehrerinnen:Monika Althaus &hellip;<\/p>\n<p class=\"read-more\"> <a class=\"more-link\" href=\"https:\/\/www.mauritiusschule-ibb.de\/?page_id=123\"> <span class=\"screen-reader-text\">Kollegium<\/span> Weiterlesen &raquo;<\/a><\/p>\n","protected":false},"author":6,"featured_media":0,"parent":139,"menu_order":2,"comment_status":"closed","ping_status":"closed","template":"","meta":{"footnotes":""},"class_list":["post-123","page","type-page","status-publish","hentry"],"_links":{"self":[{"href":"https:\/\/www.mauritiusschule-ibb.de\/index.php?rest_route=\/wp\/v2\/pages\/123","targetHints":{"allow":["GET"]}}],"collection":[{"href":"https:\/\/www.mauritiusschule-ibb.de\/index.php?rest_route=\/wp\/v2\/pages"}],"about":[{"href":"https:\/\/www.mauritiusschule-ibb.de\/index.php?rest_route=\/wp\/v2\/types\/page"}],"author":[{"embeddable":true,"href":"https:\/\/www.mauritiusschule-ibb.de\/index.php?rest_route=\/wp\/v2\/users\/6"}],"replies":[{"embeddable":true,"href":"https:\/\/www.mauritiusschule-ibb.de\/index.php?rest_route=%2Fwp%2Fv2%2Fcomments&post=123"}],"version-history":[{"count":68,"href":"https:\/\/www.mauritiusschule-ibb.de\/index.php?rest_route=\/wp\/v2\/pages\/123\/revisions"}],"predecessor-version":[{"id":8173,"href":"https:\/\/www.mauritiusschule-ibb.de\/index.php?rest_route=\/wp\/v2\/pages\/123\/revisions\/8173"}],"up":[{"embeddable":true,"href":"https:\/\/www.mauritiusschule-ibb.de\/index.php?rest_route=\/wp\/v2\/pages\/139"}],"wp:attachment":[{"href":"https:\/\/www.mauritiusschule-ibb.de\/index.php?rest_route=%2Fwp%2Fv2%2Fmedia&parent=123"}],"curies":[{"name":"wp","href":"https:\/\/api.w.org\/{rel}","templated":true}]}}