{"id":112,"date":"2013-12-17T20:56:45","date_gmt":"2013-12-17T19:56:45","guid":{"rendered":"http:\/\/neu.mauritiusschule-ibb.de\/?page_id=112"},"modified":"2023-06-13T16:31:27","modified_gmt":"2023-06-13T14:31:27","slug":"selbststaendigkeit","status":"publish","type":"page","link":"https:\/\/www.mauritiusschule-ibb.de\/?page_id=112","title":{"rendered":"Selbstst\u00e4ndigkeit"},"content":{"rendered":"<p>Ein erkl\u00e4rtes Ziel der p\u00e4dagogischen Ausrichtung der Mauritiusschule ist, die Eigenst\u00e4ndigkeit der Kinder zu f\u00f6rdern und sie an die \u00dcbernahme von Verantwortung heran zu f\u00fchren. Dies geschieht zum Einen durch den Erwerb von Methodenkompetenzen im Unterricht. Den Kindern werden Methoden vermittelt, die das selbstst\u00e4ndige Lernen f\u00f6rdern und fordern.<\/p>\n<p>Dar\u00fcber hinaus \u00fcbernehmen die Kinder auch ganz konkrete Aufgaben im Schulleben:<\/p>\n<p>Die Sch\u00fcler des dritten Jahrgangs \u00fcbernehmen Patenschaften der Schulneulinge und begleiten diese am Schulmorgen. Zweimal in der Woche \u00fcbernehmen die Kinder der dritten Klassen abwechselnd den Umweltdienst.<\/p>\n<p>In beiden gro\u00dfen Pause betreuen 4 Sch\u00fcler des vierten Jahrgangs den Schaukelbetrieb auf dem Spielplatz (Schaukeldienst).<\/p>\n<p>Die Pausenspielausleihe wird ebenfalls in den beiden gro\u00dfen Pausen von Sch\u00fclern des vierten Jahrgangs organisiert, die Spielger\u00e4te verleihen und wieder entgegennehmen. Ebenso f\u00e4llt in diesen Aufgabenbereich, das ordnungsgem\u00e4\u00dfe Hinterlassen der Ger\u00e4te und des Raumes.<\/p>\n<p>In der Sch\u00fclerb\u00fccherei unterst\u00fctzen die Viertkl\u00e4ssler die t\u00e4gliche Buchausleihe.<\/p>\n<p>Beim allj\u00e4hrlichen Sportfest der Schule unterst\u00fctzen die Klassen des vierten Jahrgangs das Sportangebot, in dem sie sich in der Klasse auf ein sportliches Angebot einigen, dieses vorbereiten und w\u00e4hrend der Durchf\u00fchrung des Sportfestes betreuen.<\/p>\n<p>Im dritten und vierten Schuljahr werden Sch\u00fcler zu Streitschlichtern ausgebildet, die den Mitsch\u00fclern bei Problemen und Streitigkeiten als Unparteiische zur Seite stehen. Diese Sch\u00fcler sind ebenfalls als Pausenhelfende in den Pausen auf dem Schulhof t\u00e4tig.<\/p>\n","protected":false},"excerpt":{"rendered":"<p>Ein erkl\u00e4rtes Ziel der p\u00e4dagogischen Ausrichtung der Mauritiusschule ist, die Eigenst\u00e4ndigkeit der Kinder zu f\u00f6rdern und sie an die \u00dcbernahme von Verantwortung heran zu f\u00fchren. Dies geschieht zum Einen durch den Erwerb von Methodenkompetenzen im Unterricht. Den Kindern werden Methoden &hellip;<\/p>\n<p class=\"read-more\"> <a class=\"more-link\" href=\"https:\/\/www.mauritiusschule-ibb.de\/?page_id=112\"> <span class=\"screen-reader-text\">Selbstst\u00e4ndigkeit<\/span> Weiterlesen &raquo;<\/a><\/p>\n","protected":false},"author":6,"featured_media":0,"parent":109,"menu_order":0,"comment_status":"closed","ping_status":"closed","template":"","meta":{"footnotes":""},"class_list":["post-112","page","type-page","status-publish","hentry"],"_links":{"self":[{"href":"https:\/\/www.mauritiusschule-ibb.de\/index.php?rest_route=\/wp\/v2\/pages\/112","targetHints":{"allow":["GET"]}}],"collection":[{"href":"https:\/\/www.mauritiusschule-ibb.de\/index.php?rest_route=\/wp\/v2\/pages"}],"about":[{"href":"https:\/\/www.mauritiusschule-ibb.de\/index.php?rest_route=\/wp\/v2\/types\/page"}],"author":[{"embeddable":true,"href":"https:\/\/www.mauritiusschule-ibb.de\/index.php?rest_route=\/wp\/v2\/users\/6"}],"replies":[{"embeddable":true,"href":"https:\/\/www.mauritiusschule-ibb.de\/index.php?rest_route=%2Fwp%2Fv2%2Fcomments&post=112"}],"version-history":[{"count":3,"href":"https:\/\/www.mauritiusschule-ibb.de\/index.php?rest_route=\/wp\/v2\/pages\/112\/revisions"}],"predecessor-version":[{"id":6367,"href":"https:\/\/www.mauritiusschule-ibb.de\/index.php?rest_route=\/wp\/v2\/pages\/112\/revisions\/6367"}],"up":[{"embeddable":true,"href":"https:\/\/www.mauritiusschule-ibb.de\/index.php?rest_route=\/wp\/v2\/pages\/109"}],"wp:attachment":[{"href":"https:\/\/www.mauritiusschule-ibb.de\/index.php?rest_route=%2Fwp%2Fv2%2Fmedia&parent=112"}],"curies":[{"name":"wp","href":"https:\/\/api.w.org\/{rel}","templated":true}]}}