{"id":109,"date":"2013-12-17T20:54:31","date_gmt":"2013-12-17T19:54:31","guid":{"rendered":"http:\/\/neu.mauritiusschule-ibb.de\/?page_id=109"},"modified":"2026-04-09T22:22:03","modified_gmt":"2026-04-09T20:22:03","slug":"paedagogische-leitziele","status":"publish","type":"page","link":"https:\/\/www.mauritiusschule-ibb.de\/?page_id=109","title":{"rendered":"P\u00e4dagogische Leitziele"},"content":{"rendered":"<p>Wir bem\u00fchen uns um ein verantwortungsvolles und harmonisches Miteinander.<\/p>\n\n\n<p>Gemeinsames Lernen<\/p>\n\n\n\n<p>Mitbestimmung und Selbstwirksamkeit, Kinderkonferenz, \u00dcbernahme von Verantwortung, Klassenrat<\/p>\n\n\n\n<p>Streitschilchtende und Pausenhelfende<\/p>\n\n\n\n<p>Kinderrechte-Schule, Ich zum Wir, Pers\u00f6nlichkeitsbildung und soziales Lernen , Mein K\u00f6rper geh\u00f6rt mir<\/p>\n\n\n\n<p>Fuchsbau und Igelnest<\/p>\n\n\n\n<p>Spendenprojekt &#8222;Blickwinkel Afrika&#8220;<\/p>\n\n\n\n<p><\/p>\n\n\n\n<p><\/p>\n\n\n\n<p><\/p>\n","protected":false},"excerpt":{"rendered":"<p>Wir bem\u00fchen uns um ein verantwortungsvolles und harmonisches Miteinander. Gemeinsames Lernen Mitbestimmung und Selbstwirksamkeit, Kinderkonferenz, \u00dcbernahme von Verantwortung, Klassenrat Streitschilchtende und Pausenhelfende Kinderrechte-Schule, Ich zum Wir, Pers\u00f6nlichkeitsbildung und soziales Lernen , Mein K\u00f6rper geh\u00f6rt mir Fuchsbau und Igelnest Spendenprojekt &#8222;Blickwinkel &hellip;<\/p>\n<p class=\"read-more\"> <a class=\"more-link\" href=\"https:\/\/www.mauritiusschule-ibb.de\/?page_id=109\"> <span class=\"screen-reader-text\">P\u00e4dagogische Leitziele<\/span> Weiterlesen &raquo;<\/a><\/p>\n","protected":false},"author":6,"featured_media":0,"parent":0,"menu_order":0,"comment_status":"closed","ping_status":"closed","template":"","meta":{"footnotes":""},"class_list":["post-109","page","type-page","status-publish","hentry"],"_links":{"self":[{"href":"https:\/\/www.mauritiusschule-ibb.de\/index.php?rest_route=\/wp\/v2\/pages\/109","targetHints":{"allow":["GET"]}}],"collection":[{"href":"https:\/\/www.mauritiusschule-ibb.de\/index.php?rest_route=\/wp\/v2\/pages"}],"about":[{"href":"https:\/\/www.mauritiusschule-ibb.de\/index.php?rest_route=\/wp\/v2\/types\/page"}],"author":[{"embeddable":true,"href":"https:\/\/www.mauritiusschule-ibb.de\/index.php?rest_route=\/wp\/v2\/users\/6"}],"replies":[{"embeddable":true,"href":"https:\/\/www.mauritiusschule-ibb.de\/index.php?rest_route=%2Fwp%2Fv2%2Fcomments&post=109"}],"version-history":[{"count":3,"href":"https:\/\/www.mauritiusschule-ibb.de\/index.php?rest_route=\/wp\/v2\/pages\/109\/revisions"}],"predecessor-version":[{"id":8216,"href":"https:\/\/www.mauritiusschule-ibb.de\/index.php?rest_route=\/wp\/v2\/pages\/109\/revisions\/8216"}],"wp:attachment":[{"href":"https:\/\/www.mauritiusschule-ibb.de\/index.php?rest_route=%2Fwp%2Fv2%2Fmedia&parent=109"}],"curies":[{"name":"wp","href":"https:\/\/api.w.org\/{rel}","templated":true}]}}