{"id":10,"date":"2013-12-09T20:03:35","date_gmt":"2013-12-09T18:03:35","guid":{"rendered":"http:\/\/neu.mauritiusschule-ibb.de\/?page_id=10"},"modified":"2025-03-26T11:09:55","modified_gmt":"2025-03-26T10:09:55","slug":"impressum","status":"publish","type":"page","link":"https:\/\/www.mauritiusschule-ibb.de\/?page_id=10","title":{"rendered":"Impressum"},"content":{"rendered":"<p><strong>Diensteanbieter<\/strong><\/p>\n<p>Mauritiusschule<\/p>\n<p>vertreten durch<br \/>\nMonika Althaus<br \/>\nSchulleiterin<\/p>\n<p>Mauritiusschule<\/p>\n<p>Fr\u00f6belplatz 3<\/p>\n<p>49477 Ibbenb\u00fcren<\/p>\n<p>05451-14540<\/p>\n<p><a href=\"mailto:mauritiusschule@ibbenbuere.de\">mauritiusschule@ibbenbueren.de<\/a><\/p>\n<p><strong>Datenschutzbeauftragter<\/strong><\/p>\n<p>Patrick Eisenack<\/p>\n<p><a href=\"mailto:datenschutz.st2@bdsb.nrw.schule\">datenschutz.st2@bdsb.nrw.schule<\/a><\/p>\n<p>(s. <a href=\"http:\/\/www.brms.nrw.de\/go\/behoerdliche_datenschutzbeauftragte\">http:\/\/www.brms.nrw.de\/go\/behoerdliche_datenschutzbeauftragte<\/a>)<\/p>\n<h3>Haftung<\/h3>\n<p>Die Schule stellt ihr Angebot unter folgenden Nutzungsbedingungen zur Verf\u00fcgung:<\/p>\n<p>Die Schule ist f\u00fcr die eigenen Inhalte, die sie zur Nutzung bereith\u00e4lt, nach den geltenden Vorschriften verantwortlich. Die Haftung f\u00fcr Sch\u00e4den materieller oder ideeller Art, die durch die Nutzung der Inhalte verursacht wurden, ist ausgeschlossen, sofern nicht Vorsatz oder grobe Fahrl\u00e4ssigkeit vorliegt. Soweit ein Inhalt von dritter Seite erstellt ist, ist der Verfasser des jeweiligen Dokuments bzw. der Auftraggeber f\u00fcr den Inhalt verantwortlich.<\/p>\n<h3>Haftungsausschluss<\/h3>\n<p>Die Schule macht sich den Inhalt der per Hyperlinks zug\u00e4nglich gemachten fremden Inhalte ausdr\u00fccklich nicht zu eigen und kann deshalb f\u00fcr deren inhaltliche Korrektheit, Vollst\u00e4ndigkeit und Verf\u00fcgbarkeit keine Gew\u00e4hr leisten. Die Schule hat keinen Einfluss auf die aktuelle und zuk\u00fcnftige Gestaltung und auf Inhalte der gelinkten Seiten und distanziert sich ausdr\u00fccklich hiervon. Sofern die Schule feststellt oder davon Kenntnis erh\u00e4lt, dass sich auf verlinkten Seiten zwischenzeitlich rechtswidrige oder mit ihrem Leitbild unvereinbare Inhalte befinden, werden die entsprechenden Links unverz\u00fcglich entfernt.<\/p>\n<h3>Urheberrecht<\/h3>\n<p>Die durch die Seitenbetreiber erstellten und bereitgestellten Inhalte und Werke des vorliegenden Angebotes unterliegen dem deutschen Urheberrecht. Die Vervielf\u00e4ltigung, Bearbeitung, Verbreitung und jede Art der Verwertung au\u00dferhalb der Grenzen des Urheberrechtes bed\u00fcrfen \u2013 soweit nicht anders vermerkt &#8211; der schriftlichen Zustimmung des jeweiligen Autors bzw. Erstellers. Soweit die Inhalte auf den Seiten des vorliegenden Angebotes nicht vom Seitenbetreiber erstellt wurden, werden die Urheberrechte Dritter beachtet. Sollten Sie trotzdem auf eine Urheberrechtsverletzung aufmerksam werden, bitten wir um einen entsprechenden Hinweis. Bei Bekanntwerden von Rechtsverletzungen werden derartige Inhalte umgehend entfernt.<\/p>\n","protected":false},"excerpt":{"rendered":"<p>Diensteanbieter Mauritiusschule vertreten durch Monika Althaus Schulleiterin Mauritiusschule Fr\u00f6belplatz 3 49477 Ibbenb\u00fcren 05451-14540 mauritiusschule@ibbenbueren.de Datenschutzbeauftragter Patrick Eisenack datenschutz.st2@bdsb.nrw.schule (s. http:\/\/www.brms.nrw.de\/go\/behoerdliche_datenschutzbeauftragte) Haftung Die Schule stellt ihr Angebot unter folgenden Nutzungsbedingungen zur Verf\u00fcgung: Die Schule ist f\u00fcr die eigenen Inhalte, die sie &hellip;<\/p>\n<p class=\"read-more\"> <a class=\"more-link\" href=\"https:\/\/www.mauritiusschule-ibb.de\/?page_id=10\"> <span class=\"screen-reader-text\">Impressum<\/span> Weiterlesen &raquo;<\/a><\/p>\n","protected":false},"author":6,"featured_media":0,"parent":0,"menu_order":0,"comment_status":"closed","ping_status":"closed","template":"","meta":{"footnotes":""},"class_list":["post-10","page","type-page","status-publish","hentry"],"_links":{"self":[{"href":"https:\/\/www.mauritiusschule-ibb.de\/index.php?rest_route=\/wp\/v2\/pages\/10","targetHints":{"allow":["GET"]}}],"collection":[{"href":"https:\/\/www.mauritiusschule-ibb.de\/index.php?rest_route=\/wp\/v2\/pages"}],"about":[{"href":"https:\/\/www.mauritiusschule-ibb.de\/index.php?rest_route=\/wp\/v2\/types\/page"}],"author":[{"embeddable":true,"href":"https:\/\/www.mauritiusschule-ibb.de\/index.php?rest_route=\/wp\/v2\/users\/6"}],"replies":[{"embeddable":true,"href":"https:\/\/www.mauritiusschule-ibb.de\/index.php?rest_route=%2Fwp%2Fv2%2Fcomments&post=10"}],"version-history":[{"count":10,"href":"https:\/\/www.mauritiusschule-ibb.de\/index.php?rest_route=\/wp\/v2\/pages\/10\/revisions"}],"predecessor-version":[{"id":7461,"href":"https:\/\/www.mauritiusschule-ibb.de\/index.php?rest_route=\/wp\/v2\/pages\/10\/revisions\/7461"}],"wp:attachment":[{"href":"https:\/\/www.mauritiusschule-ibb.de\/index.php?rest_route=%2Fwp%2Fv2%2Fmedia&parent=10"}],"curies":[{"name":"wp","href":"https:\/\/api.w.org\/{rel}","templated":true}]}}